{"id":3831,"date":"2026-01-12T13:06:57","date_gmt":"2026-01-12T13:06:57","guid":{"rendered":"https:\/\/quicknienumber.com\/ansvarsfriskrivning\/"},"modified":"2026-01-12T15:55:29","modified_gmt":"2026-01-12T15:55:29","slug":"ansvarsfriskrivning","status":"publish","type":"page","link":"https:\/\/quicknienumber.com\/sv\/ansvarsfriskrivning\/","title":{"rendered":"Ansvarsfriskrivning"},"content":{"rendered":"\t\t<div data-elementor-type=\"wp-page\" data-elementor-id=\"3831\" class=\"elementor elementor-3831 elementor-3805\" data-elementor-post-type=\"page\">\n\t\t\t\t<div class=\"elementor-element elementor-element-658560a e-flex e-con-boxed e-con e-parent\" data-id=\"658560a\" data-element_type=\"container\" data-e-type=\"container\">\n\t\t\t\t\t<div class=\"e-con-inner\">\n\t\t\t\t<div class=\"elementor-element elementor-element-4ca669a6 elementor-widget elementor-widget-heading\" data-id=\"4ca669a6\" data-element_type=\"widget\" data-e-type=\"widget\" data-widget_type=\"heading.default\">\n\t\t\t\t<div class=\"elementor-widget-container\">\n\t\t\t\t\t<h1 class=\"elementor-heading-title elementor-size-default\">Ansvarsfriskrivning<\/h1>\t\t\t\t<\/div>\n\t\t\t\t<\/div>\n\t\t\t\t<div class=\"elementor-element elementor-element-23b1d4b4 elementor-widget elementor-widget-shortcode\" data-id=\"23b1d4b4\" data-element_type=\"widget\" data-e-type=\"widget\" data-widget_type=\"shortcode.default\">\n\t\t\t\t<div class=\"elementor-widget-container\">\n\t\t\t\t\t\t\t<div class=\"elementor-shortcode\"><nav aria-label=\"breadcrumbs\" class=\"rank-math-breadcrumb\"><p><span class=\"last\">Home<\/span><\/p><\/nav><\/div>\n\t\t\t\t\t\t<\/div>\n\t\t\t\t<\/div>\n\t\t\t\t<div class=\"elementor-element elementor-element-6e2e8bd1 elementor-widget elementor-widget-text-editor\" data-id=\"6e2e8bd1\" data-element_type=\"widget\" data-e-type=\"widget\" data-widget_type=\"text-editor.default\">\n\t\t\t\t<div class=\"elementor-widget-container\">\n\t\t\t\t\t\t\t\t\t<h2 data-start=\"118\" data-end=\"172\"><strong data-start=\"121\" data-end=\"172\">Oberoende privat tj\u00e4nst \u2013 ansvarsfriskrivning<\/strong><\/h2><h3 data-start=\"174\" data-end=\"223\"><strong data-start=\"178\" data-end=\"223\">Quicknienumber \u00e4r inte en myndighet.<\/strong><\/h3><p data-start=\"225\" data-end=\"545\">Quicknienumber \u00e4r en privat, oberoende administrativ supporttj\u00e4nst.<br data-start=\"313\" data-end=\"316\">Vi \u00e4r inte en myndighet, inte en del av den spanska regeringen och inte knutna till Polic\u00eda Nacional, Ministerio del Interior, Ministerio de Inclusi\u00f3n, Seguridad Social eller n\u00e5gon annan spansk myndighet.<\/p><p data-start=\"547\" data-end=\"789\">Vi utf\u00e4rdar, beviljar, godk\u00e4nner eller tillhandah\u00e5ller inga officiella dokument.<br data-start=\"615\" data-end=\"618\">Alla officiella dokument, inklusive NIE-nummer, TIE-kort, residencia-certifikat och NIF-nummer, utf\u00e4rdas uteslutande av beh\u00f6riga spanska myndigheter.<\/p><h2 data-start=\"796\" data-end=\"826\"><strong data-start=\"799\" data-end=\"826\">Vad Quicknienumber g\u00f6r<\/strong><\/h2><p data-start=\"828\" data-end=\"950\">Quicknienumber erbjuder betald administrativ hj\u00e4lp till personer som vill ans\u00f6ka om spanska myndighetsdokument.<\/p><p data-start=\"952\" data-end=\"1002\">V\u00e5ra tj\u00e4nster kan bland annat best\u00e5 av:<\/p><ul data-start=\"1004\" data-end=\"1269\"><li data-start=\"1004\" data-end=\"1062\"><p data-start=\"1006\" data-end=\"1062\">F\u00f6rbereda och kontrollera ans\u00f6kningshandlingar<\/p><\/li><li data-start=\"1063\" data-end=\"1122\"><p data-start=\"1065\" data-end=\"1122\">Leverans av instruktioner, mallar och checklistor<\/p><\/li><li data-start=\"1123\" data-end=\"1177\"><p data-start=\"1125\" data-end=\"1177\">Planera m\u00f6ten med spanska myndigheter<\/p><\/li><li data-start=\"1178\" data-end=\"1226\"><p data-start=\"1180\" data-end=\"1226\">Facilitering av fullmakter n\u00e4r det beh\u00f6vs<\/p><\/li><li data-start=\"1227\" data-end=\"1269\"><p data-start=\"1229\" data-end=\"1269\">Samordning av ans\u00f6kningsprocessen<\/p><\/li><\/ul><p data-start=\"1271\" data-end=\"1384\">Vi fattar inga beslut, godk\u00e4nner inga ans\u00f6kningar och har ingen inverkan p\u00e5 myndigheternas handl\u00e4ggning.<\/p><h2 data-start=\"1391\" data-end=\"1428\"><strong data-start=\"1394\" data-end=\"1428\">Vem fattar beslut om din ans\u00f6kan?<\/strong><\/h2><p data-start=\"1430\" data-end=\"1576\">Alla beslut om godk\u00e4nnande, avslag, handl\u00e4ggningstid och utf\u00e4rdande av dokument fattas uteslutande av de spanska myndigheterna.<\/p><p data-start=\"1578\" data-end=\"1671\">Quicknienumber har ingen kontroll \u00f6ver dessa beslut och kan inte garantera n\u00e5got resultat.<\/p><h2 data-start=\"1678\" data-end=\"1714\"><strong data-start=\"1681\" data-end=\"1714\">Du kan alltid ans\u00f6ka sj\u00e4lv<\/strong><\/h2><p data-start=\"1716\" data-end=\"1761\">Anv\u00e4ndningen av Quicknienumber \u00e4r frivillig.<\/p><p data-start=\"1763\" data-end=\"1965\">Du har alltid r\u00e4tt att sj\u00e4lv ans\u00f6ka om ett NIE, TIE, residencia eller annat spanskt myndighetsdokument utan att anv\u00e4nda v\u00e5ra tj\u00e4nster och utan att betala Quicknienumber.<\/p><p data-start=\"1967\" data-end=\"2136\">V\u00e5ra avgifter avser endast administrativt st\u00f6d och samordning.<br data-start=\"2056\" data-end=\"2059\">Dessa avgifter \u00e4r inte statliga avgifter och betalas inte till den spanska staten.<\/p><h2 data-start=\"2143\" data-end=\"2189\"><strong data-start=\"2146\" data-end=\"2189\">Varf\u00f6r kunder anv\u00e4nder Quicknienumber<\/strong><\/h2><p data-start=\"2191\" data-end=\"2238\">M\u00e5nga kunder v\u00e4ljer v\u00e5r tj\u00e4nst eftersom de:<\/p><ul data-start=\"2239\" data-end=\"2391\"><li data-start=\"2239\" data-end=\"2263\"><p data-start=\"2241\" data-end=\"2263\">inte kan spanska,<\/p><\/li><li data-start=\"2264\" data-end=\"2289\"><p data-start=\"2266\" data-end=\"2289\">inte bor i Spanien,<\/p><\/li><li data-start=\"2290\" data-end=\"2330\"><p data-start=\"2292\" data-end=\"2330\">vill ha professionell v\u00e4gledning, eller<\/p><\/li><li data-start=\"2331\" data-end=\"2391\"><p data-start=\"2333\" data-end=\"2391\">vill undvika administrativa fel och f\u00f6rseningar.<\/p><\/li><\/ul><p data-start=\"2393\" data-end=\"2456\">Vi f\u00f6renklar processen, men ers\u00e4tter inte myndigheterna.<\/p><h2 data-start=\"2463\" data-end=\"2491\"><strong data-start=\"2466\" data-end=\"2491\">Juridisk f\u00f6rklaring<\/strong><\/h2><p data-start=\"2493\" data-end=\"2717\">Quicknienumber \u00e4r ett privat f\u00f6retag som uteslutande tillhandah\u00e5ller administrativa st\u00f6dtj\u00e4nster. Vi representerar inte den spanska regeringen, ger inte juridisk r\u00e5dgivning och utf\u00e4rdar inga officiella dokument.<\/p><h2 data-start=\"2724\" data-end=\"2738\"><strong data-start=\"2727\" data-end=\"2738\">Kontakt<\/strong><\/h2><p data-start=\"2740\" data-end=\"2834\">Quicknienumber<br data-start=\"2754\" data-end=\"2757\">Carrer Costa i Borr\u00e1s 10<br data-start=\"2781\" data-end=\"2784\">46017 Valencia, Spanje<br data-start=\"2806\" data-end=\"2809\"><a class=\"decorated-link cursor-pointer\" rel=\"noopener\" data-start=\"2809\" data-end=\"2832\">info@quicknienumber.com<\/a><\/p>\t\t\t\t\t\t\t\t<\/div>\n\t\t\t\t<\/div>\n\t\t\t\t\t<\/div>\n\t\t\t\t<\/div>\n\t\t\t\t<\/div>\n\t\t","protected":false},"excerpt":{"rendered":"<p>Oberoende privat tj\u00e4nst \u2013 ansvarsfriskrivning Quicknienumber \u00e4r inte en myndighet. Quicknienumber \u00e4r en privat, oberoende administrativ supporttj\u00e4nst.Vi \u00e4r inte en myndighet, inte en del av den spanska regeringen och inte knutna till Polic\u00eda Nacional, Ministerio del Interior, Ministerio de Inclusi\u00f3n, Seguridad Social eller n\u00e5gon annan spansk myndighet. Vi utf\u00e4rdar, beviljar, godk\u00e4nner eller tillhandah\u00e5ller inga officiella [&hellip;]<\/p>\n","protected":false},"author":2,"featured_media":0,"parent":0,"menu_order":0,"comment_status":"closed","ping_status":"closed","template":"","meta":{"_acf_changed":false,"_angie_page":false,"footnotes":""},"class_list":["post-3831","page","type-page","status-publish","hentry"],"acf":[],"_links":{"self":[{"href":"https:\/\/quicknienumber.com\/sv\/wp-json\/wp\/v2\/pages\/3831","targetHints":{"allow":["GET"]}}],"collection":[{"href":"https:\/\/quicknienumber.com\/sv\/wp-json\/wp\/v2\/pages"}],"about":[{"href":"https:\/\/quicknienumber.com\/sv\/wp-json\/wp\/v2\/types\/page"}],"author":[{"embeddable":true,"href":"https:\/\/quicknienumber.com\/sv\/wp-json\/wp\/v2\/users\/2"}],"replies":[{"embeddable":true,"href":"https:\/\/quicknienumber.com\/sv\/wp-json\/wp\/v2\/comments?post=3831"}],"version-history":[{"count":1,"href":"https:\/\/quicknienumber.com\/sv\/wp-json\/wp\/v2\/pages\/3831\/revisions"}],"predecessor-version":[{"id":3832,"href":"https:\/\/quicknienumber.com\/sv\/wp-json\/wp\/v2\/pages\/3831\/revisions\/3832"}],"wp:attachment":[{"href":"https:\/\/quicknienumber.com\/sv\/wp-json\/wp\/v2\/media?parent=3831"}],"curies":[{"name":"wp","href":"https:\/\/api.w.org\/{rel}","templated":true}]}}