{"id":3628,"date":"2025-05-16T09:54:48","date_gmt":"2025-05-16T09:54:48","guid":{"rendered":"https:\/\/quicknienumber.com\/allmanna-villkor\/"},"modified":"2025-12-23T12:51:53","modified_gmt":"2025-12-23T12:51:53","slug":"allmanna-villkor","status":"publish","type":"page","link":"https:\/\/quicknienumber.com\/sv\/allmanna-villkor\/","title":{"rendered":"Allm\u00e4nna villkor"},"content":{"rendered":"\t\t<div data-elementor-type=\"wp-page\" data-elementor-id=\"3628\" class=\"elementor elementor-3628 elementor-332\" data-elementor-post-type=\"page\">\n\t\t\t\t<div class=\"elementor-element elementor-element-a744451 e-flex e-con-boxed e-con e-parent\" data-id=\"a744451\" data-element_type=\"container\" data-e-type=\"container\">\n\t\t\t\t\t<div class=\"e-con-inner\">\n\t\t\t\t<div class=\"elementor-element elementor-element-4858999 elementor-widget elementor-widget-heading\" data-id=\"4858999\" data-element_type=\"widget\" data-e-type=\"widget\" data-widget_type=\"heading.default\">\n\t\t\t\t<div class=\"elementor-widget-container\">\n\t\t\t\t\t<h1 class=\"elementor-heading-title elementor-size-default\">Allm\u00e4nna villkor<\/h1>\t\t\t\t<\/div>\n\t\t\t\t<\/div>\n\t\t\t\t<div class=\"elementor-element elementor-element-6b54b90 elementor-widget elementor-widget-shortcode\" data-id=\"6b54b90\" data-element_type=\"widget\" data-e-type=\"widget\" data-widget_type=\"shortcode.default\">\n\t\t\t\t<div class=\"elementor-widget-container\">\n\t\t\t\t\t\t\t<div class=\"elementor-shortcode\"><nav aria-label=\"breadcrumbs\" class=\"rank-math-breadcrumb\"><p><span class=\"last\">Home<\/span><\/p><\/nav><\/div>\n\t\t\t\t\t\t<\/div>\n\t\t\t\t<\/div>\n\t\t\t\t<div class=\"elementor-element elementor-element-8bfda15 elementor-widget elementor-widget-text-editor\" data-id=\"8bfda15\" data-element_type=\"widget\" data-e-type=\"widget\" data-widget_type=\"text-editor.default\">\n\t\t\t\t<div class=\"elementor-widget-container\">\n\t\t\t\t\t\t\t\t\t<p><span style=\"font-weight: 400;\">Senast uppdaterad: 26 september 2025<\/span><\/p><p><span style=\"font-weight: 400;\">V\u00e4lkommen till Quicknienumber. Dessa villkor (\u201dVillkoren\u201d) anger de regler och villkor som g\u00e4ller f\u00f6r anv\u00e4ndningen av v\u00e5ra tj\u00e4nster och v\u00e5r webbplats www.quicknienumber.com (\u201dWebbplatsen\u201d). Genom att anv\u00e4nda v\u00e5ra tj\u00e4nster godk\u00e4nner du dessa Villkor. L\u00e4s dem noggrant innan du anv\u00e4nder v\u00e5ra tj\u00e4nster.   <\/span><\/p><h2><b>1. Definitioner<\/b><\/h2><ul><li><span style=\"font-weight: 400;\"> Quicknienumber: tj\u00e4nsteleverant\u00f6ren, \u00e4gd av Sam Kamiel de Jager, NIE Z2280206Z, med adress Carrer Costa i Borr\u00e1s 10, 46017 Valencia, Spanien.<\/span><span style=\"font-weight: 400;\"><br><\/span><span style=\"font-weight: 400;\">\u2022 Kund: den fysiska eller juridiska person som anv\u00e4nder Quicknienumbers tj\u00e4nster.<\/span><span style=\"font-weight: 400;\"><br><\/span><span style=\"font-weight: 400;\">\u2022 Tj\u00e4nster: f\u00f6rmedlings- och dokumentationstj\u00e4nster som erbjuds av Quicknienumber, inklusive men inte begr\u00e4nsat till ans\u00f6kan om NIE-, NIF- och TIE-nummer samt andra administrativa f\u00f6rfaranden i Spanien.<\/span><span style=\"font-weight: 400;\"><br><\/span><span style=\"font-weight: 400;\">\u2022 Avtal: det bindande avtalet mellan Quicknienumber och kunden n\u00e4r kunden skickar in en ans\u00f6kan och Quicknienumber bekr\u00e4ftar den.<\/span><\/li><\/ul><h2><b>2. Tj\u00e4nster<\/b><\/h2><p><span style=\"font-weight: 400;\">Quicknienumber tillhandah\u00e5ller st\u00f6d med administrativa f\u00f6rfaranden i Spanien. Tj\u00e4nsterna omfattar: <\/span><span style=\"font-weight: 400;\"><br><\/span><span style=\"font-weight: 400;\">&#8211; Insamling och f\u00f6rberedelse av dokumentation,<\/span><span style=\"font-weight: 400;\"><br><\/span><span style=\"font-weight: 400;\">&#8211; Samordna m\u00f6ten med spanska myndigheter eller notarier,<\/span><span style=\"font-weight: 400;\"><br><\/span><span style=\"font-weight: 400;\">&#8211; Inl\u00e4mning av ans\u00f6kningar.<\/span><span style=\"font-weight: 400;\"><br><\/span><span style=\"font-weight: 400;\"><br><\/span><span style=\"font-weight: 400;\">Quicknienumber fungerar som mellanhand och ansvarar inte f\u00f6r myndigheternas slutgiltiga beslut eller utf\u00e4rdande av dokument.<\/span><\/p><h2><b>3. Ans\u00f6kningsprocess<\/b><\/h2><p><span style=\"font-weight: 400;\">&#8211; Kunden m\u00e5ste fylla i onlineans\u00f6kningsformul\u00e4ret korrekt och fullst\u00e4ndigt samt tillhandah\u00e5lla de erforderliga dokumenten i tid.<\/span><span style=\"font-weight: 400;\"><br><\/span><span style=\"font-weight: 400;\">&#8211; Ofullst\u00e4ndiga eller felaktiga uppgifter kan leda till f\u00f6rseningar eller avslag p\u00e5 ans\u00f6kan, vilket Quicknienumber inte kan h\u00e5llas ansvarigt f\u00f6r.<\/span><\/p><h2><b>4. Priser och betalningar<\/b><\/h2><p><span style=\"font-weight: 400;\">&#8211; Quicknienumbers avgifter anges tydligt p\u00e5 webbplatsen och inkluderar moms, om inte annat anges.<\/span><span style=\"font-weight: 400;\"><br><\/span><span style=\"font-weight: 400;\">&#8211; Externa kostnader s\u00e5som notarieavgifter, myndighetsavgifter (t.ex. Modelo 790) och apostiller ing\u00e5r inte och debiteras separat.<\/span><span style=\"font-weight: 400;\"><br><\/span><span style=\"font-weight: 400;\">&#8211; Alla betalningar m\u00e5ste g\u00f6ras i f\u00f6rskott. Quicknienumber f\u00f6rbeh\u00e5ller sig r\u00e4tten att inte behandla ans\u00f6kningar f\u00f6rr\u00e4n full betalning har mottagits. <\/span><\/p><h2><b>5. Avbokning, \u00e5terbetalning och \u00e5ngerr\u00e4tt<\/b><\/h2><p><span style=\"font-weight: 400;\">&#8211; I enlighet med artikel 103 i den spanska konsumentlagen (LSSICE) g\u00e4ller inte \u00e5ngerr\u00e4tten f\u00f6r tj\u00e4nster som f\u00f6rbereds och anpassas omedelbart efter best\u00e4llningen.<\/span><span style=\"font-weight: 400;\"><br><\/span><span style=\"font-weight: 400;\">&#8211; Specifikt: N\u00e4r den notariatsbestyrkta fullmakten har skickats till kunden kan best\u00e4llningen inte annulleras och det finns ingen r\u00e4tt till \u00e5terbetalning.<\/span><span style=\"font-weight: 400;\"><br><\/span><span style=\"font-weight: 400;\">&#8211; F\u00f6r andra paket g\u00e4ller samma sak: n\u00e4r bekr\u00e4ftelsen p\u00e5 bokningen har skickats kan best\u00e4llningen inte avbokas och ingen \u00e5terbetalning kommer att g\u00f6ras.<\/span><span style=\"font-weight: 400;\"><br><\/span><span style=\"font-weight: 400;\">&#8211; Avbokning f\u00f6re detta skede \u00e4r endast m\u00f6jlig inom 24 timmar efter betalning, f\u00f6rutsatt att Quicknienumber \u00e4nnu inte har p\u00e5b\u00f6rjat behandlingen. Eventuell \u00e5terbetalning kommer att minskas med administrativa kostnader. <\/span><\/p><h2><b>6. Kundens skyldigheter<\/b><\/h2><p><span style=\"font-weight: 400;\">Kunden ansvarar f\u00f6r att:<\/span><span style=\"font-weight: 400;\"><br><\/span><span style=\"font-weight: 400;\">&#8211; Tillhandah\u00e5lla n\u00f6dv\u00e4ndiga dokument i r\u00e4tt tid och p\u00e5 korrekt s\u00e4tt,<\/span><span style=\"font-weight: 400;\"><br><\/span><span style=\"font-weight: 400;\"> &#8211; F\u00f6lja Quicknienumbers instruktioner,<\/span><span style=\"font-weight: 400;\"><br><\/span><span style=\"font-weight: 400;\">&#8211; Delta i m\u00f6ten (om till\u00e4mpligt). <\/span><span style=\"font-weight: 400;\"><br><\/span><span style=\"font-weight: 400;\"><br><\/span><span style=\"font-weight: 400;\">Quicknienumber ansvarar inte f\u00f6r avslag eller f\u00f6rseningar som beror p\u00e5 fel eller f\u00f6rsummelse fr\u00e5n kundens sida.<\/span><\/p><h2><b>7. Utf\u00f6rande och Leverans tider<\/b><\/h2><p><span style=\"font-weight: 400;\">&#8211; Quicknienumber kommer att g\u00f6ra sitt yttersta f\u00f6r att utf\u00f6ra tj\u00e4nsterna noggrant och inom angivna tidsramar.<\/span><span style=\"font-weight: 400;\"><br><\/span><span style=\"font-weight: 400;\">&#8211; Tidsramarna \u00e4r v\u00e4gledande och beror p\u00e5 tredje part (myndigheter, notarier, konsulat). Quicknienumber kan inte garantera exakta handl\u00e4ggningstider. <\/span><\/p><h2><b>8. Force majeure<\/b><\/h2><p><span style=\"font-weight: 400;\">I h\u00e4ndelse av force majeure \u2013 inklusive men inte begr\u00e4nsat till lag\u00e4ndringar, policyjusteringar, tekniska fel, strejker eller problem med myndigheter \u2013 kan Quicknienumber inte alltid tillhandah\u00e5lla tj\u00e4nsterna enligt den ursprungliga \u00f6verenskommelsen.<\/span><span style=\"font-weight: 400;\"><br><\/span><span style=\"font-weight: 400;\"><br><\/span><span style=\"font-weight: 400;\">&#8211; Om ans\u00f6kan om ett NIE-nummer p\u00e5 distans inte l\u00e4ngre \u00e4r m\u00f6jlig p\u00e5 grund av force majeure, kommer paketet automatiskt att omvandlas till ett f\u00f6rfarande d\u00e4r kunden m\u00e5ste personligen infinna sig i Spanien p\u00e5 ett kontor som anges av Quicknienumber. Quicknienumber kommer d\u00e5 att slutf\u00f6ra ans\u00f6kan p\u00e5 ett alternativt s\u00e4tt s\u00e5 att kunden fortfarande f\u00e5r det \u00f6nskade resultatet. <\/span><span style=\"font-weight: 400;\"><br><\/span><span style=\"font-weight: 400;\">&#8211; Om kunden inte vill eller kan komma till Spanien, finns det ingen r\u00e4tt till \u00e5terbetalning eller ers\u00e4ttning.<\/span><span style=\"font-weight: 400;\"><br><\/span><span style=\"font-weight: 400;\">&#8211; \u00c5terbetalning sker aldrig vid force majeure.<\/span><\/p><h2><b>9. Ansvar<\/b><\/h2><p><span style=\"font-weight: 400;\">&#8211; Quicknienumber ansvarar inte f\u00f6r beslut som fattas av spanska myndigheter eller notarier, inte heller f\u00f6r f\u00f6rseningar som orsakas av force majeure, policy\u00e4ndringar eller tredje part.<\/span><span style=\"font-weight: 400;\"><br><\/span><span style=\"font-weight: 400;\">&#8211; Quicknienumbers ansvar \u00e4r begr\u00e4nsat till det belopp som kunden har betalat f\u00f6r den aktuella tj\u00e4nsten.<\/span><span style=\"font-weight: 400;\"><br><\/span><span style=\"font-weight: 400;\">&#8211; Quicknienumber ansvarar endast f\u00f6r skador som direkt orsakats av upps\u00e5t eller grov v\u00e5rdsl\u00f6shet.<\/span><\/p><h2><b>10. Sekretess<\/b><\/h2><p><span style=\"font-weight: 400;\">Quicknienumber respekterar integriteten hos sina kunder . Behandlingen av personuppgifter utf\u00f6rs i enlighet med a13&gt; Quicknienumbers integritets- och cookiepolicy, tillg\u00e4nglig p\u00e5 webbplatsen. <\/span><\/p><h2><b>11. Immateriella r\u00e4ttigheter<\/b><\/h2><p><span style=\"font-weight: 400;\">Allt inneh\u00e5ll p\u00e5 webbplatsen (texter, dokument, logotyper, bilder, grafiska element, programvara) \u00e4gs av Quicknienumber eller dess licensgivare och f\u00e5r inte kopieras eller anv\u00e4ndas utan skriftligt tillst\u00e5nd.<\/span><\/p><h2><b>12. \u00c4ndringar av villkoren<\/b><\/h2><p><span style=\"font-weight: 400;\">Quicknienumber f\u00f6rbeh\u00e5ller sig r\u00e4tten att n\u00e4r som helst \u00e4ndra dessa villkor. Nya versioner kommer att publiceras p\u00e5 webbplatsen och tr\u00e4der i kraft fr\u00e5n och med publiceringsdatumet. <\/span><\/p><h2><b>13. Till\u00e4mplig lag och jurisdiktion<\/b><\/h2><p><span style=\"font-weight: 400;\">Dessa villkor regleras uteslutande av spansk lag. Tvister ska h\u00e4nskjutas till beh\u00f6riga domstolar i Valencia, Spanien. <\/span><\/p><h2><b>14. Kontaktuppgifter<\/b><\/h2><p><span style=\"font-weight: 400;\">Quicknienumber \u2013 Sam Kamiel de Jager<\/span><span style=\"font-weight: 400;\"><br><\/span><span style=\"font-weight: 400;\">NIE: Z2280206Z<\/span><span style=\"font-weight: 400;\"><br><\/span><span style=\"font-weight: 400;\">Address: Carrer Costa i Borr\u00e1s 10, 46017 Valencia, Spain<\/span><span style=\"font-weight: 400;\"><br><\/span><span style=\"font-weight: 400;\">Email: info@quicknienumber.com<\/span><\/p>\t\t\t\t\t\t\t\t<\/div>\n\t\t\t\t<\/div>\n\t\t\t\t\t<\/div>\n\t\t\t\t<\/div>\n\t\t\t\t<\/div>\n\t\t","protected":false},"excerpt":{"rendered":"<p>Senast uppdaterad: 26 september 2025 V\u00e4lkommen till Quicknienumber. Dessa villkor (\u201dVillkoren\u201d) anger de regler och villkor som g\u00e4ller f\u00f6r anv\u00e4ndningen av v\u00e5ra tj\u00e4nster och v\u00e5r webbplats www.quicknienumber.com (\u201dWebbplatsen\u201d). Genom att anv\u00e4nda v\u00e5ra tj\u00e4nster godk\u00e4nner du dessa Villkor. L\u00e4s dem noggrant innan du anv\u00e4nder v\u00e5ra tj\u00e4nster. 1. Definitioner Quicknienumber: tj\u00e4nsteleverant\u00f6ren, \u00e4gd av Sam Kamiel de Jager, [&hellip;]<\/p>\n","protected":false},"author":1,"featured_media":0,"parent":0,"menu_order":0,"comment_status":"closed","ping_status":"closed","template":"","meta":{"_acf_changed":false,"_angie_page":false,"footnotes":""},"class_list":["post-3628","page","type-page","status-publish","hentry"],"acf":[],"_links":{"self":[{"href":"https:\/\/quicknienumber.com\/sv\/wp-json\/wp\/v2\/pages\/3628","targetHints":{"allow":["GET"]}}],"collection":[{"href":"https:\/\/quicknienumber.com\/sv\/wp-json\/wp\/v2\/pages"}],"about":[{"href":"https:\/\/quicknienumber.com\/sv\/wp-json\/wp\/v2\/types\/page"}],"author":[{"embeddable":true,"href":"https:\/\/quicknienumber.com\/sv\/wp-json\/wp\/v2\/users\/1"}],"replies":[{"embeddable":true,"href":"https:\/\/quicknienumber.com\/sv\/wp-json\/wp\/v2\/comments?post=3628"}],"version-history":[{"count":1,"href":"https:\/\/quicknienumber.com\/sv\/wp-json\/wp\/v2\/pages\/3628\/revisions"}],"predecessor-version":[{"id":3629,"href":"https:\/\/quicknienumber.com\/sv\/wp-json\/wp\/v2\/pages\/3628\/revisions\/3629"}],"wp:attachment":[{"href":"https:\/\/quicknienumber.com\/sv\/wp-json\/wp\/v2\/media?parent=3628"}],"curies":[{"name":"wp","href":"https:\/\/api.w.org\/{rel}","templated":true}]}}