{"id":3532,"date":"2025-05-16T09:55:03","date_gmt":"2025-05-16T09:55:03","guid":{"rendered":"https:\/\/quicknienumber.com\/tillganglighetsforklaring\/"},"modified":"2025-12-23T11:30:25","modified_gmt":"2025-12-23T11:30:25","slug":"tillganglighetsforklaring","status":"publish","type":"page","link":"https:\/\/quicknienumber.com\/sv\/tillganglighetsforklaring\/","title":{"rendered":"Tillg\u00e4nglighetsf\u00f6rklaring"},"content":{"rendered":"\t\t<div data-elementor-type=\"wp-page\" data-elementor-id=\"3532\" class=\"elementor elementor-3532 elementor-336\" data-elementor-post-type=\"page\">\n\t\t\t\t<div class=\"elementor-element elementor-element-b27ea22 e-flex e-con-boxed e-con e-parent\" data-id=\"b27ea22\" data-element_type=\"container\" data-e-type=\"container\">\n\t\t\t\t\t<div class=\"e-con-inner\">\n\t\t\t\t<div class=\"elementor-element elementor-element-4418063 elementor-widget elementor-widget-heading\" data-id=\"4418063\" data-element_type=\"widget\" data-e-type=\"widget\" data-widget_type=\"heading.default\">\n\t\t\t\t<div class=\"elementor-widget-container\">\n\t\t\t\t\t<h1 class=\"elementor-heading-title elementor-size-default\">Tillg\u00e4nglighetsf\u00f6rklaring<\/h1>\t\t\t\t<\/div>\n\t\t\t\t<\/div>\n\t\t\t\t<div class=\"elementor-element elementor-element-c61c8bf elementor-widget elementor-widget-shortcode\" data-id=\"c61c8bf\" data-element_type=\"widget\" data-e-type=\"widget\" data-widget_type=\"shortcode.default\">\n\t\t\t\t<div class=\"elementor-widget-container\">\n\t\t\t\t\t\t\t<div class=\"elementor-shortcode\"><nav aria-label=\"breadcrumbs\" class=\"rank-math-breadcrumb\"><p><span class=\"last\">Home<\/span><\/p><\/nav><\/div>\n\t\t\t\t\t\t<\/div>\n\t\t\t\t<\/div>\n\t\t\t\t<div class=\"elementor-element elementor-element-7e1bf59 elementor-widget elementor-widget-text-editor\" data-id=\"7e1bf59\" data-element_type=\"widget\" data-e-type=\"widget\" data-widget_type=\"text-editor.default\">\n\t\t\t\t<div class=\"elementor-widget-container\">\n\t\t\t\t\t\t\t\t\t<p>Tillg\u00e4nglighetspolicy f\u00f6r webbplatsen: www.quicknienumber.com<\/p><p>Datum f\u00f6r ikrafttr\u00e4dande: 09-06-2025<\/p><p><strong>1. Inledning:<\/strong><\/p><p>Quicknienumber str\u00e4var efter att erbjuda en digital upplevelse som \u00e4r tillg\u00e4nglig f\u00f6r alla anv\u00e4ndare, oavsett deras fysiska, kognitiva eller sensoriska f\u00f6rm\u00e5gor. Denna policy definierar v\u00e5ra riktlinjer och m\u00e5l f\u00f6r att s\u00e4kerst\u00e4lla att v\u00e5r webbplats uppfyller internationellt erk\u00e4nda standarder, inklusive Web Content Accessibility Guidelines (WCAG) 2.1. <\/p><p><strong>2. Engagemang f\u00f6r tillg\u00e4nglighet:<\/strong><\/p><p>Vi str\u00e4var efter att g\u00f6ra v\u00e5r webbplats tillg\u00e4nglig f\u00f6r alla och vidtar kontinuerligt \u00e5tg\u00e4rder f\u00f6r att f\u00f6rb\u00e4ttra tillg\u00e4ngligheten. V\u00e5rt utvecklings- och designteam str\u00e4var efter att f\u00f6lja b\u00e4sta praxis inom tillg\u00e4nglighet i alla skeden av utvecklingen och omdesignen av webbplatser. <\/p><p><strong>3. Tillg\u00e4nglighetsnormer:<\/strong><\/p><p>V\u00e5r webbplats \u00e4r utformad och underh\u00e5lls i enlighet med f\u00f6ljande tillg\u00e4nglighetsstandarder:<\/p><ul class=\"wp-block-list\"><li>Uppfyller riktlinjerna f\u00f6r tillg\u00e4nglighet till webbinneh\u00e5ll (WCAG) 2.1, niv\u00e5 AA.<\/li><li>Implementering av HTML-semantik f\u00f6r att f\u00f6rb\u00e4ttra inneh\u00e5llsf\u00f6rst\u00e5else och navigering.<\/li><li>Anv\u00e4ndning av ARIA (Accessible Rich Internet Applications) f\u00f6r att f\u00f6rb\u00e4ttra tillg\u00e4ngligheten till dynamiska webbapplikationer.<\/li><\/ul><p><strong>4. Kontinuerlig testning och utv\u00e4rdering:<\/strong><\/p><p>Vi kommer att testa tillg\u00e4ngligheten regelbundet under utvecklingen och uppdateringen av webbplatsen. Dessutom genomf\u00f6rs regelbundna utv\u00e4rderingar f\u00f6r att s\u00e4kerst\u00e4lla att tillg\u00e4nglighetsnormerna efterlevs. <\/p><p><strong>5. Navigering underl\u00e4tta:<\/strong><\/p><p>Vi ser till att navigationsstrukturen \u00e4r tydlig och sammanh\u00e4ngande.<\/p><p>L\u00e4nkar och knappar m\u00e5ste f\u00f6rses med meningsfulla beskrivningar f\u00f6r att g\u00f6ra deras funktion mer begriplig.<\/p><p><strong>6. Multimediainneh\u00e5ll:<\/strong><\/p><p>F\u00f6r multimediainneh\u00e5ll, s\u00e5som bilder och videor, erbjuds textbaserade alternativ.<\/p><p>Undertexter och transkriptioner anv\u00e4nds f\u00f6r ljud- och videoelement.<\/p><p><strong>7. Kontrast och l\u00e4sbarhet:<\/strong><\/p><p>Det m\u00e5ste finnas tillr\u00e4cklig kontrast mellan text och bakgrund f\u00f6r att f\u00f6rb\u00e4ttra l\u00e4sbarheten.<\/p><p>Anv\u00e4ndare kan anpassa textstorleken efter sina \u00f6nskem\u00e5l.<\/p><p><strong>8. Former och interaktiva element:<\/strong><\/p><p>Formul\u00e4r utformas med tydliga etiketter och beskrivande inmatningsf\u00e4lt.<\/p><p>Tydliga felmeddelanden och l\u00f6sningar tillhandah\u00e5lls f\u00f6r att underl\u00e4tta korrigering av fel i formul\u00e4r.<\/p><p><strong>9. Kompatibilitet med webbl\u00e4sare och enheter:<\/strong><\/p><p>Vi str\u00e4var efter kompatibilitet med ett brett spektrum av webbl\u00e4sare och enheter, inklusive hj\u00e4lpmedelsteknik.<\/p><p><strong>10. Feedback och f\u00f6rb\u00e4ttringar:<\/strong><\/p><p>Vi uppmuntrar anv\u00e4ndare att ge feedback om tillg\u00e4ngligheten p\u00e5 v\u00e5r webbplats. Vi kommer att ta h\u00e4nsyn till s\u00e5dan feedback och vidta \u00e5tg\u00e4rder f\u00f6r att \u00e5tg\u00e4rda eventuella problem. <\/p><p><strong>11. Kontakt:<\/strong><\/p><p>Om du har fr\u00e5gor, synpunkter eller problem med tillg\u00e4ngligheten p\u00e5 v\u00e5r webbplats kan du kontakta v\u00e5rt supportteam p\u00e5 info@quicknienumber.com.<\/p><p><strong>\u00d6versyn och uppdatering av politiken:<\/strong><\/p><p>Denna policy kommer att ses \u00f6ver regelbundet f\u00f6r att s\u00e4kerst\u00e4lla att den f\u00f6rblir relevant och effektiv. Vid behov kommer uppdateringar att g\u00f6ras f\u00f6r att \u00e5terspegla f\u00f6r\u00e4ndringar i teknik, lagstiftning och b\u00e4sta praxis inom tillg\u00e4nglighet. <\/p><p>Vi uppskattar din hj\u00e4lp med att f\u00f6rb\u00e4ttra tillg\u00e4ngligheten p\u00e5 v\u00e5r webbplats och erbjuda en inkluderande onlineupplevelse f\u00f6r alla anv\u00e4ndare.<\/p>\t\t\t\t\t\t\t\t<\/div>\n\t\t\t\t<\/div>\n\t\t\t\t\t<\/div>\n\t\t\t\t<\/div>\n\t\t\t\t<\/div>\n\t\t","protected":false},"excerpt":{"rendered":"<p>Tillg\u00e4nglighetspolicy f\u00f6r webbplatsen: www.quicknienumber.com Datum f\u00f6r ikrafttr\u00e4dande: 09-06-2025 1. Inledning: Quicknienumber str\u00e4var efter att erbjuda en digital upplevelse som \u00e4r tillg\u00e4nglig f\u00f6r alla anv\u00e4ndare, oavsett deras fysiska, kognitiva eller sensoriska f\u00f6rm\u00e5gor. Denna policy definierar v\u00e5ra riktlinjer och m\u00e5l f\u00f6r att s\u00e4kerst\u00e4lla att v\u00e5r webbplats uppfyller internationellt erk\u00e4nda standarder, inklusive Web Content Accessibility Guidelines (WCAG) 2.1. [&hellip;]<\/p>\n","protected":false},"author":1,"featured_media":0,"parent":0,"menu_order":0,"comment_status":"closed","ping_status":"closed","template":"","meta":{"_acf_changed":false,"_angie_page":false,"footnotes":""},"class_list":["post-3532","page","type-page","status-publish","hentry"],"acf":[],"_links":{"self":[{"href":"https:\/\/quicknienumber.com\/sv\/wp-json\/wp\/v2\/pages\/3532","targetHints":{"allow":["GET"]}}],"collection":[{"href":"https:\/\/quicknienumber.com\/sv\/wp-json\/wp\/v2\/pages"}],"about":[{"href":"https:\/\/quicknienumber.com\/sv\/wp-json\/wp\/v2\/types\/page"}],"author":[{"embeddable":true,"href":"https:\/\/quicknienumber.com\/sv\/wp-json\/wp\/v2\/users\/1"}],"replies":[{"embeddable":true,"href":"https:\/\/quicknienumber.com\/sv\/wp-json\/wp\/v2\/comments?post=3532"}],"version-history":[{"count":1,"href":"https:\/\/quicknienumber.com\/sv\/wp-json\/wp\/v2\/pages\/3532\/revisions"}],"predecessor-version":[{"id":3533,"href":"https:\/\/quicknienumber.com\/sv\/wp-json\/wp\/v2\/pages\/3532\/revisions\/3533"}],"wp:attachment":[{"href":"https:\/\/quicknienumber.com\/sv\/wp-json\/wp\/v2\/media?parent=3532"}],"curies":[{"name":"wp","href":"https:\/\/api.w.org\/{rel}","templated":true}]}}