{"id":3827,"date":"2026-01-12T13:06:57","date_gmt":"2026-01-12T13:06:57","guid":{"rendered":"https:\/\/quicknienumber.com\/declinarea-responsabilitatii\/"},"modified":"2026-01-12T15:51:17","modified_gmt":"2026-01-12T15:51:17","slug":"declinarea-responsabilitatii","status":"publish","type":"page","link":"https:\/\/quicknienumber.com\/ro\/declinarea-responsabilitatii\/","title":{"rendered":"Declinarea responsabilit\u0103\u021bii"},"content":{"rendered":"\t\t<div data-elementor-type=\"wp-page\" data-elementor-id=\"3827\" class=\"elementor elementor-3827 elementor-3805\" data-elementor-post-type=\"page\">\n\t\t\t\t<div class=\"elementor-element elementor-element-658560a e-flex e-con-boxed e-con e-parent\" data-id=\"658560a\" data-element_type=\"container\" data-e-type=\"container\">\n\t\t\t\t\t<div class=\"e-con-inner\">\n\t\t\t\t<div class=\"elementor-element elementor-element-4ca669a6 elementor-widget elementor-widget-heading\" data-id=\"4ca669a6\" data-element_type=\"widget\" data-e-type=\"widget\" data-widget_type=\"heading.default\">\n\t\t\t\t<div class=\"elementor-widget-container\">\n\t\t\t\t\t<h1 class=\"elementor-heading-title elementor-size-default\">Declinarea responsabilit\u0103\u021bii<\/h1>\t\t\t\t<\/div>\n\t\t\t\t<\/div>\n\t\t\t\t<div class=\"elementor-element elementor-element-23b1d4b4 elementor-widget elementor-widget-shortcode\" data-id=\"23b1d4b4\" data-element_type=\"widget\" data-e-type=\"widget\" data-widget_type=\"shortcode.default\">\n\t\t\t\t<div class=\"elementor-widget-container\">\n\t\t\t\t\t\t\t<div class=\"elementor-shortcode\"><nav aria-label=\"breadcrumbs\" class=\"rank-math-breadcrumb\"><p><span class=\"last\">Home<\/span><\/p><\/nav><\/div>\n\t\t\t\t\t\t<\/div>\n\t\t\t\t<\/div>\n\t\t\t\t<div class=\"elementor-element elementor-element-6e2e8bd1 elementor-widget elementor-widget-text-editor\" data-id=\"6e2e8bd1\" data-element_type=\"widget\" data-e-type=\"widget\" data-widget_type=\"text-editor.default\">\n\t\t\t\t<div class=\"elementor-widget-container\">\n\t\t\t\t\t\t\t\t\t<h2 data-start=\"118\" data-end=\"172\"><strong data-start=\"121\" data-end=\"172\">Serviciu privat independent \u2013 disclaimer<\/strong><\/h2><h3 data-start=\"174\" data-end=\"223\"><strong data-start=\"178\" data-end=\"223\">Quicknienumber nu este o autoritate public\u0103.<\/strong><\/h3><p data-start=\"225\" data-end=\"545\">Quicknienumber este un serviciu privat \u0219i independent de asisten\u021b\u0103 administrativ\u0103. Nu suntem o agen\u021bie guvernamental\u0103, nu facem parte din guvernul spaniol \u0219i nu suntem afilia\u021bi la Polic\u00eda Nacional, Ministerio del Interior, Ministerio de Inclusi\u00f3n, Seguridad Social sau orice alt\u0103 autoritate spaniol\u0103.<\/p><p data-start=\"547\" data-end=\"789\">Nu eliber\u0103m, acord\u0103m, aprob\u0103m sau furniz\u0103m documente oficiale. Toate documentele oficiale, inclusiv numerele NIE, cardurile TIE, certificatele de reziden\u021b\u0103 \u0219i numerele NIF, sunt eliberate exclusiv de autorit\u0103\u021bile spaniole competente.<\/p><h2 data-start=\"796\" data-end=\"826\"><strong data-start=\"799\" data-end=\"826\">Ce face Quicknienumber<\/strong><\/h2><p data-start=\"828\" data-end=\"950\">Quicknienumber ofer\u0103 asisten\u021b\u0103 administrativ\u0103 contra cost persoanelor care doresc s\u0103 solicite documente oficiale spaniole.<\/p><p data-start=\"952\" data-end=\"1002\">Serviciile noastre pot include, printre altele:<\/p><ul data-start=\"1004\" data-end=\"1269\"><li data-start=\"1004\" data-end=\"1062\"><p data-start=\"1006\" data-end=\"1062\">Preg\u0103tirea \u0219i verificarea documentelor de solicitare<\/p><\/li><li data-start=\"1063\" data-end=\"1122\"><p data-start=\"1065\" data-end=\"1122\">Furnizarea de instruc\u021biuni, \u0219abloane \u0219i liste de verificare<\/p><\/li><li data-start=\"1123\" data-end=\"1177\"><p data-start=\"1125\" data-end=\"1177\">Planificarea \u00eent\u00e2lnirilor cu autorit\u0103\u021bile spaniole<\/p><\/li><li data-start=\"1178\" data-end=\"1226\"><p data-start=\"1180\" data-end=\"1226\">Facilitarea \u00eemputernicirilor atunci c\u00e2nd este necesar<\/p><\/li><li data-start=\"1227\" data-end=\"1269\"><p data-start=\"1229\" data-end=\"1269\">Coordonarea procesului de solicitare<\/p><\/li><\/ul><p data-start=\"1271\" data-end=\"1384\">Noi nu lu\u0103m decizii, nu aprob\u0103m cereri \u0219i nu influen\u021b\u0103m procesarea de c\u0103tre autorit\u0103\u021bi.<\/p><h2 data-start=\"1391\" data-end=\"1428\"><strong data-start=\"1394\" data-end=\"1428\">Cine decide cu privire la cererea dumneavoastr\u0103<\/strong><\/h2><p data-start=\"1430\" data-end=\"1576\">Toate deciziile privind aprobarea, respingerea, timpul de procesare \u0219i eliberarea documentelor sunt luate exclusiv de autorit\u0103\u021bile spaniole.<\/p><p data-start=\"1578\" data-end=\"1671\">Quicknienumber nu are nicio influen\u021b\u0103 asupra acestor decizii \u0219i nu poate garanta rezultatul.<\/p><h2 data-start=\"1678\" data-end=\"1714\"><strong data-start=\"1681\" data-end=\"1714\">Pute\u021bi solicita \u00eentotdeauna personal<\/strong><\/h2><p data-start=\"1716\" data-end=\"1761\">Utilizarea Quicknienumber este voluntar\u0103.<\/p><p data-start=\"1763\" data-end=\"1965\">Ave\u021bi \u00eentotdeauna dreptul s\u0103 solicita\u021bi direct un NIE, TIE, residencia sau alt document oficial spaniol, f\u0103r\u0103 a apela la serviciile noastre \u0219i f\u0103r\u0103 a pl\u0103ti Quicknienumber.<\/p><p data-start=\"1967\" data-end=\"2136\">Tarifele noastre sunt destinate exclusiv sprijinului administrativ \u0219i coordon\u0103rii.<br data-start=\"2056\" data-end=\"2059\">Acestea nu sunt taxe guvernamentale \u0219i nu sunt pl\u0103tite guvernului spaniol.<\/p><h2 data-start=\"2143\" data-end=\"2189\"><strong data-start=\"2146\" data-end=\"2189\">De ce clien\u021bii folosesc Quicknienumber<\/strong><\/h2><p data-start=\"2191\" data-end=\"2238\">Mul\u021bi clien\u021bi aleg serviciile noastre pentru c\u0103:<\/p><ul data-start=\"2239\" data-end=\"2391\"><li data-start=\"2239\" data-end=\"2263\"><p data-start=\"2241\" data-end=\"2263\">nu vorbesc spaniol\u0103,<\/p><\/li><li data-start=\"2264\" data-end=\"2289\"><p data-start=\"2266\" data-end=\"2289\">nu locuiesc \u00een Spania,<\/p><\/li><li data-start=\"2290\" data-end=\"2330\"><p data-start=\"2292\" data-end=\"2330\">doresc \u00eendrumare profesional\u0103 sau<\/p><\/li><li data-start=\"2331\" data-end=\"2391\"><p data-start=\"2333\" data-end=\"2391\">administrative erori \u0219i \u00eent\u00e2rzieri doresc evita.<\/p><\/li><\/ul><p data-start=\"2393\" data-end=\"2456\">Simplific\u0103m procesul, dar nu \u00eenlocuim autorit\u0103\u021bile.<\/p><h2 data-start=\"2463\" data-end=\"2491\"><strong data-start=\"2466\" data-end=\"2491\">Declara\u021bie juridic\u0103<\/strong><\/h2><p data-start=\"2493\" data-end=\"2717\">Quicknienumber este o companie privat\u0103 care ofer\u0103 exclusiv servicii de asisten\u021b\u0103 administrativ\u0103. Nu reprezent\u0103m autorit\u0103\u021bile spaniole, nu oferim consultan\u021b\u0103 juridic\u0103 \u0219i nu eliber\u0103m documente oficiale.<\/p><h2 data-start=\"2724\" data-end=\"2738\"><strong data-start=\"2727\" data-end=\"2738\">Contact<\/strong><\/h2><p data-start=\"2740\" data-end=\"2834\">Quicknienumber<br data-start=\"2754\" data-end=\"2757\">Carrer Costa i Borr\u00e1s 10<br data-start=\"2781\" data-end=\"2784\">46017 Valencia, Spania<br data-start=\"2806\" data-end=\"2809\"><a class=\"decorated-link cursor-pointer\" rel=\"noopener\" data-start=\"2809\" data-end=\"2832\">info@quicknienumber.com<\/a><\/p>\t\t\t\t\t\t\t\t<\/div>\n\t\t\t\t<\/div>\n\t\t\t\t\t<\/div>\n\t\t\t\t<\/div>\n\t\t\t\t<\/div>\n\t\t","protected":false},"excerpt":{"rendered":"<p>Serviciu privat independent \u2013 disclaimer Quicknienumber nu este o autoritate public\u0103. Quicknienumber este un serviciu privat \u0219i independent de asisten\u021b\u0103 administrativ\u0103. Nu suntem o agen\u021bie guvernamental\u0103, nu facem parte din guvernul spaniol \u0219i nu suntem afilia\u021bi la Polic\u00eda Nacional, Ministerio del Interior, Ministerio de Inclusi\u00f3n, Seguridad Social sau orice alt\u0103 autoritate spaniol\u0103. Nu eliber\u0103m, acord\u0103m, [&hellip;]<\/p>\n","protected":false},"author":2,"featured_media":0,"parent":0,"menu_order":0,"comment_status":"closed","ping_status":"closed","template":"","meta":{"_acf_changed":false,"_angie_page":false,"footnotes":""},"class_list":["post-3827","page","type-page","status-publish","hentry"],"acf":[],"_links":{"self":[{"href":"https:\/\/quicknienumber.com\/ro\/wp-json\/wp\/v2\/pages\/3827","targetHints":{"allow":["GET"]}}],"collection":[{"href":"https:\/\/quicknienumber.com\/ro\/wp-json\/wp\/v2\/pages"}],"about":[{"href":"https:\/\/quicknienumber.com\/ro\/wp-json\/wp\/v2\/types\/page"}],"author":[{"embeddable":true,"href":"https:\/\/quicknienumber.com\/ro\/wp-json\/wp\/v2\/users\/2"}],"replies":[{"embeddable":true,"href":"https:\/\/quicknienumber.com\/ro\/wp-json\/wp\/v2\/comments?post=3827"}],"version-history":[{"count":1,"href":"https:\/\/quicknienumber.com\/ro\/wp-json\/wp\/v2\/pages\/3827\/revisions"}],"predecessor-version":[{"id":3828,"href":"https:\/\/quicknienumber.com\/ro\/wp-json\/wp\/v2\/pages\/3827\/revisions\/3828"}],"wp:attachment":[{"href":"https:\/\/quicknienumber.com\/ro\/wp-json\/wp\/v2\/media?parent=3827"}],"curies":[{"name":"wp","href":"https:\/\/api.w.org\/{rel}","templated":true}]}}