{"id":3150,"date":"2025-08-29T11:51:26","date_gmt":"2025-08-29T11:51:26","guid":{"rendered":"https:\/\/quicknienumber.com\/thank-you\/"},"modified":"2025-12-22T15:04:07","modified_gmt":"2025-12-22T15:04:07","slug":"thank-you","status":"publish","type":"page","link":"https:\/\/quicknienumber.com\/ro\/thank-you\/","title":{"rendered":"Thank You"},"content":{"rendered":"\t\t<div data-elementor-type=\"wp-page\" data-elementor-id=\"3150\" class=\"elementor elementor-3150 elementor-1715\" data-elementor-post-type=\"page\">\n\t\t\t\t\t\t<section class=\"elementor-section elementor-top-section elementor-element elementor-element-2a2e256 elementor-section-boxed elementor-section-height-default elementor-section-height-default\" data-id=\"2a2e256\" data-element_type=\"section\" data-e-type=\"section\">\n\t\t\t\t\t\t<div class=\"elementor-container elementor-column-gap-default\">\n\t\t\t\t\t<div class=\"elementor-column elementor-col-100 elementor-top-column elementor-element elementor-element-1c81a08\" data-id=\"1c81a08\" data-element_type=\"column\" data-e-type=\"column\">\n\t\t\t<div class=\"elementor-widget-wrap elementor-element-populated\">\n\t\t\t\t\t\t<section class=\"elementor-section elementor-inner-section elementor-element elementor-element-fce7739 elementor-section-boxed elementor-section-height-default elementor-section-height-default\" data-id=\"fce7739\" data-element_type=\"section\" data-e-type=\"section\">\n\t\t\t\t\t\t<div class=\"elementor-container elementor-column-gap-default\">\n\t\t\t\t\t<div class=\"elementor-column elementor-col-50 elementor-inner-column elementor-element elementor-element-7b73813\" data-id=\"7b73813\" data-element_type=\"column\" data-e-type=\"column\">\n\t\t\t<div class=\"elementor-widget-wrap elementor-element-populated\">\n\t\t\t\t\t\t<div class=\"elementor-element elementor-element-6ea0d3d elementor-widget elementor-widget-heading\" data-id=\"6ea0d3d\" data-element_type=\"widget\" data-e-type=\"widget\" data-widget_type=\"heading.default\">\n\t\t\t\t<div class=\"elementor-widget-container\">\n\t\t\t\t\t<h1 class=\"elementor-heading-title elementor-size-default\">Mul\u021bumesc v\u0103. V\u0103 rog s\u0103 citi\u021bi mesajul de mai jos. <\/h1>\t\t\t\t<\/div>\n\t\t\t\t<\/div>\n\t\t\t\t<div class=\"elementor-element elementor-element-acd9c77 elementor-widget elementor-widget-text-editor\" data-id=\"acd9c77\" data-element_type=\"widget\" data-e-type=\"widget\" data-widget_type=\"text-editor.default\">\n\t\t\t\t<div class=\"elementor-widget-container\">\n\t\t\t\t\t\t\t\t\t<p>Cererea dumneavoastr\u0103 a fost primit\u0103. Pentru procesarea ulterioar\u0103, <strong>v\u0103 rug\u0103m s\u0103 ne trimite\u021bi o \u00eemputernicire \u00een scopul autoriz\u0103rii<\/strong>. V\u0103 vom trimite \u00eemputernicirea \u00eempreun\u0103 cu pa\u0219ii de urmat \u00een termen de o zi lucr\u0103toare. V\u0103 rug\u0103m s\u0103 citi\u021bi cu aten\u021bie acest e-mail. Dac\u0103 nu a\u021bi primit nimic dup\u0103 o zi lucr\u0103toare, v\u0103 rug\u0103m s\u0103 ne informa\u021bi trimi\u021b\u00e2ndu-ne un e-mail la: <a href=\"mailto:info@quicknienumber.com\">info@quicknienumber.com<\/a>    <\/p>\t\t\t\t\t\t\t\t<\/div>\n\t\t\t\t<\/div>\n\t\t\t\t\t<\/div>\n\t\t<\/div>\n\t\t\t\t<div class=\"elementor-column elementor-col-50 elementor-inner-column elementor-element elementor-element-7088dd6\" data-id=\"7088dd6\" data-element_type=\"column\" data-e-type=\"column\">\n\t\t\t<div class=\"elementor-widget-wrap elementor-element-populated\">\n\t\t\t\t\t\t<div class=\"elementor-element elementor-element-ad5190e elementor-widget elementor-widget-image\" data-id=\"ad5190e\" data-element_type=\"widget\" data-e-type=\"widget\" data-widget_type=\"image.default\">\n\t\t\t\t<div class=\"elementor-widget-container\">\n\t\t\t\t\t\t\t\t\t\t\t\t\t\t\t<img fetchpriority=\"high\" decoding=\"async\" width=\"800\" height=\"800\" src=\"https:\/\/quicknienumber.com\/wp-content\/uploads\/2025\/08\/Happy-with-NIE-Number-1-1024x1024.png\" class=\"attachment-large size-large wp-image-1667\" alt=\"\" srcset=\"https:\/\/quicknienumber.com\/wp-content\/uploads\/2025\/08\/Happy-with-NIE-Number-1-1024x1024.png 1024w, https:\/\/quicknienumber.com\/wp-content\/uploads\/2025\/08\/Happy-with-NIE-Number-1-300x300.png 300w, https:\/\/quicknienumber.com\/wp-content\/uploads\/2025\/08\/Happy-with-NIE-Number-1-150x150.png 150w, https:\/\/quicknienumber.com\/wp-content\/uploads\/2025\/08\/Happy-with-NIE-Number-1-768x768.png 768w, https:\/\/quicknienumber.com\/wp-content\/uploads\/2025\/08\/Happy-with-NIE-Number-1-600x600.png 600w, https:\/\/quicknienumber.com\/wp-content\/uploads\/2025\/08\/Happy-with-NIE-Number-1-100x100.png 100w, https:\/\/quicknienumber.com\/wp-content\/uploads\/2025\/08\/Happy-with-NIE-Number-1.png 1080w\" sizes=\"(max-width: 800px) 100vw, 800px\" \/>\t\t\t\t\t\t\t\t\t\t\t\t\t\t\t<\/div>\n\t\t\t\t<\/div>\n\t\t\t\t\t<\/div>\n\t\t<\/div>\n\t\t\t\t\t<\/div>\n\t\t<\/section>\n\t\t\t\t\t<\/div>\n\t\t<\/div>\n\t\t\t\t\t<\/div>\n\t\t<\/section>\n\t\t\t\t<\/div>\n\t\t","protected":false},"excerpt":{"rendered":"<p>Mul\u021bumesc v\u0103. V\u0103 rog s\u0103 citi\u021bi mesajul de mai jos. Cererea dumneavoastr\u0103 a fost primit\u0103. Pentru procesarea ulterioar\u0103, v\u0103 rug\u0103m s\u0103 ne trimite\u021bi o \u00eemputernicire \u00een scopul autoriz\u0103rii. V\u0103 vom trimite \u00eemputernicirea \u00eempreun\u0103 cu pa\u0219ii de urmat \u00een termen de o zi lucr\u0103toare. V\u0103 rug\u0103m s\u0103 citi\u021bi cu aten\u021bie acest e-mail. Dac\u0103 nu a\u021bi primit [&hellip;]<\/p>\n","protected":false},"author":4,"featured_media":0,"parent":0,"menu_order":0,"comment_status":"closed","ping_status":"closed","template":"elementor_header_footer","meta":{"_acf_changed":false,"_angie_page":false,"footnotes":""},"class_list":["post-3150","page","type-page","status-publish","hentry"],"acf":[],"_links":{"self":[{"href":"https:\/\/quicknienumber.com\/ro\/wp-json\/wp\/v2\/pages\/3150","targetHints":{"allow":["GET"]}}],"collection":[{"href":"https:\/\/quicknienumber.com\/ro\/wp-json\/wp\/v2\/pages"}],"about":[{"href":"https:\/\/quicknienumber.com\/ro\/wp-json\/wp\/v2\/types\/page"}],"author":[{"embeddable":true,"href":"https:\/\/quicknienumber.com\/ro\/wp-json\/wp\/v2\/users\/4"}],"replies":[{"embeddable":true,"href":"https:\/\/quicknienumber.com\/ro\/wp-json\/wp\/v2\/comments?post=3150"}],"version-history":[{"count":1,"href":"https:\/\/quicknienumber.com\/ro\/wp-json\/wp\/v2\/pages\/3150\/revisions"}],"predecessor-version":[{"id":3151,"href":"https:\/\/quicknienumber.com\/ro\/wp-json\/wp\/v2\/pages\/3150\/revisions\/3151"}],"wp:attachment":[{"href":"https:\/\/quicknienumber.com\/ro\/wp-json\/wp\/v2\/media?parent=3150"}],"curies":[{"name":"wp","href":"https:\/\/api.w.org\/{rel}","templated":true}]}}