{"id":3825,"date":"2026-01-12T13:06:57","date_gmt":"2026-01-12T13:06:57","guid":{"rendered":"https:\/\/quicknienumber.com\/dichiarazione-di-non-responsabilita\/"},"modified":"2026-01-12T15:48:41","modified_gmt":"2026-01-12T15:48:41","slug":"dichiarazione-di-non-responsabilita","status":"publish","type":"page","link":"https:\/\/quicknienumber.com\/it\/dichiarazione-di-non-responsabilita\/","title":{"rendered":"Dichiarazione di non responsabilit\u00e0"},"content":{"rendered":"\t\t<div data-elementor-type=\"wp-page\" data-elementor-id=\"3825\" class=\"elementor elementor-3825 elementor-3805\" data-elementor-post-type=\"page\">\n\t\t\t\t<div class=\"elementor-element elementor-element-658560a e-flex e-con-boxed e-con e-parent\" data-id=\"658560a\" data-element_type=\"container\" data-e-type=\"container\">\n\t\t\t\t\t<div class=\"e-con-inner\">\n\t\t\t\t<div class=\"elementor-element elementor-element-4ca669a6 elementor-widget elementor-widget-heading\" data-id=\"4ca669a6\" data-element_type=\"widget\" data-e-type=\"widget\" data-widget_type=\"heading.default\">\n\t\t\t\t<div class=\"elementor-widget-container\">\n\t\t\t\t\t<h1 class=\"elementor-heading-title elementor-size-default\">Dichiarazione di non responsabilit\u00e0<\/h1>\t\t\t\t<\/div>\n\t\t\t\t<\/div>\n\t\t\t\t<div class=\"elementor-element elementor-element-23b1d4b4 elementor-widget elementor-widget-shortcode\" data-id=\"23b1d4b4\" data-element_type=\"widget\" data-e-type=\"widget\" data-widget_type=\"shortcode.default\">\n\t\t\t\t<div class=\"elementor-widget-container\">\n\t\t\t\t\t\t\t<div class=\"elementor-shortcode\"><nav aria-label=\"breadcrumbs\" class=\"rank-math-breadcrumb\"><p><span class=\"last\">Home<\/span><\/p><\/nav><\/div>\n\t\t\t\t\t\t<\/div>\n\t\t\t\t<\/div>\n\t\t\t\t<div class=\"elementor-element elementor-element-6e2e8bd1 elementor-widget elementor-widget-text-editor\" data-id=\"6e2e8bd1\" data-element_type=\"widget\" data-e-type=\"widget\" data-widget_type=\"text-editor.default\">\n\t\t\t\t<div class=\"elementor-widget-container\">\n\t\t\t\t\t\t\t\t\t<h2 data-start=\"118\" data-end=\"172\"><strong data-start=\"121\" data-end=\"172\">Servizio privato indipendente \u2013 disclaimer<\/strong><\/h2><h3 data-start=\"174\" data-end=\"223\"><strong data-start=\"178\" data-end=\"223\">Quicknienumber non \u00e8 un ente governativo.<\/strong><\/h3><p data-start=\"225\" data-end=\"545\">Quicknienumber \u00e8 un servizio di assistenza amministrativa privato e indipendente. Non siamo un ente pubblico, non facciamo parte del governo spagnolo e non siamo affiliati alla Polic\u00eda Nacional, al Ministerio del Interior, al Ministerio de Inclusi\u00f3n, alla Seguridad Social o a qualsiasi altra autorit\u00e0 spagnola.<\/p><p data-start=\"547\" data-end=\"789\">Non rilasciamo, concediamo, approviamo o forniamo documenti governativi.<br data-start=\"615\" data-end=\"618\">Tutti i documenti ufficiali, compresi i numeri NIE, le carte TIE, i certificati di residenza e i numeri NIF, sono rilasciati esclusivamente dalle autorit\u00e0 spagnole competenti.<\/p><h2 data-start=\"796\" data-end=\"826\"><strong data-start=\"799\" data-end=\"826\">Cosa fa Quicknienumber<\/strong><\/h2><p data-start=\"828\" data-end=\"950\">Quicknienumber offre assistenza amministrativa a pagamento alle persone che desiderano richiedere documenti ufficiali spagnoli.<\/p><p data-start=\"952\" data-end=\"1002\">I nostri servizi possono comprendere, tra l&#8217;altro:<\/p><ul data-start=\"1004\" data-end=\"1269\"><li data-start=\"1004\" data-end=\"1062\"><p data-start=\"1006\" data-end=\"1062\">Preparazione e controllo dei documenti di richiesta<\/p><\/li><li data-start=\"1063\" data-end=\"1122\"><p data-start=\"1065\" data-end=\"1122\">Fornitura di istruzioni, modelli e liste di controllo<\/p><\/li><li data-start=\"1123\" data-end=\"1177\"><p data-start=\"1125\" data-end=\"1177\">Pianificazione degli appuntamenti con le autorit\u00e0 spagnole<\/p><\/li><li data-start=\"1178\" data-end=\"1226\"><p data-start=\"1180\" data-end=\"1226\">Facilitare le procure quando necessario<\/p><\/li><li data-start=\"1227\" data-end=\"1269\"><p data-start=\"1229\" data-end=\"1269\">Coordinamento del processo di richiesta<\/p><\/li><\/ul><p data-start=\"1271\" data-end=\"1384\">Non prendiamo decisioni, non approviamo richieste e non influenziamo il trattamento da parte delle autorit\u00e0 pubbliche.<\/p><h2 data-start=\"1391\" data-end=\"1428\"><strong data-start=\"1394\" data-end=\"1428\">Chi decide in merito alla tua richiesta<\/strong><\/h2><p data-start=\"1430\" data-end=\"1576\">Tutte le decisioni relative all&#8217;approvazione, al rifiuto, ai tempi di elaborazione e al rilascio dei documenti sono prese esclusivamente dalle autorit\u00e0 spagnole.<\/p><p data-start=\"1578\" data-end=\"1671\">Quicknienumber non ha alcuna influenza su queste decisioni e non pu\u00f2 garantire alcun risultato.<\/p><h2 data-start=\"1678\" data-end=\"1714\"><strong data-start=\"1681\" data-end=\"1714\">Puoi sempre presentare una richiesta autonomamente.<\/strong><\/h2><p data-start=\"1716\" data-end=\"1761\">L&#8217;uso di Quicknienumber \u00e8 facoltativo.<\/p><p data-start=\"1763\" data-end=\"1965\">Hai sempre il diritto di richiedere direttamente un NIE, TIE, residencia o altro documento ufficiale spagnolo, senza avvalerti dei nostri servizi e senza pagare Quicknienumber.<\/p><p data-start=\"1967\" data-end=\"2136\">Le nostre tariffe sono destinate esclusivamente al supporto amministrativo e al coordinamento.<br data-start=\"2056\" data-end=\"2059\">Non si tratta di spese governative e non vengono versate al governo spagnolo.<\/p><h2 data-start=\"2143\" data-end=\"2189\"><strong data-start=\"2146\" data-end=\"2189\">Perch\u00e9 i clienti utilizzano Quicknienumber<\/strong><\/h2><p data-start=\"2191\" data-end=\"2238\">Molti clienti scelgono il nostro servizio perch\u00e9:<\/p><ul data-start=\"2239\" data-end=\"2391\"><li data-start=\"2239\" data-end=\"2263\"><p data-start=\"2241\" data-end=\"2263\">non parlare spagnolo,<\/p><\/li><li data-start=\"2264\" data-end=\"2289\"><p data-start=\"2266\" data-end=\"2289\">non risiedono in Spagna,<\/p><\/li><li data-start=\"2290\" data-end=\"2330\"><p data-start=\"2292\" data-end=\"2330\">desiderano un accompagnamento professionale, oppure<\/p><\/li><li data-start=\"2331\" data-end=\"2391\"><p data-start=\"2333\" data-end=\"2391\">evitare errori amministrativi e ritardi.<\/p><\/li><\/ul><p data-start=\"2393\" data-end=\"2456\">Semplifichiamo il processo, ma non sostituiamo l&#8217;amministrazione pubblica.<\/p><h2 data-start=\"2463\" data-end=\"2491\"><strong data-start=\"2466\" data-end=\"2491\">Dichiarazione legale<\/strong><\/h2><p data-start=\"2493\" data-end=\"2717\">Quicknienumber \u00e8 un&#8217;azienda privata che fornisce esclusivamente servizi di assistenza amministrativa.<br data-start=\"2599\" data-end=\"2602\">Non rappresentiamo il governo spagnolo, non forniamo consulenza legale e non rilasciamo documenti ufficiali.<\/p><h2 data-start=\"2724\" data-end=\"2738\"><strong data-start=\"2727\" data-end=\"2738\">Contatti<\/strong><\/h2><p data-start=\"2740\" data-end=\"2834\">Quicknienumber<br data-start=\"2754\" data-end=\"2757\">Carrer Costa i Borr\u00e1s 10<br data-start=\"2781\" data-end=\"2784\">46017 Valencia, Spagna<br data-start=\"2806\" data-end=\"2809\"><a class=\"decorated-link cursor-pointer\" rel=\"noopener\" data-start=\"2809\" data-end=\"2832\">info@quicknienumber.com<\/a><\/p>\t\t\t\t\t\t\t\t<\/div>\n\t\t\t\t<\/div>\n\t\t\t\t\t<\/div>\n\t\t\t\t<\/div>\n\t\t\t\t<\/div>\n\t\t","protected":false},"excerpt":{"rendered":"<p>Servizio privato indipendente \u2013 disclaimer Quicknienumber non \u00e8 un ente governativo. Quicknienumber \u00e8 un servizio di assistenza amministrativa privato e indipendente. Non siamo un ente pubblico, non facciamo parte del governo spagnolo e non siamo affiliati alla Polic\u00eda Nacional, al Ministerio del Interior, al Ministerio de Inclusi\u00f3n, alla Seguridad Social o a qualsiasi altra autorit\u00e0 [&hellip;]<\/p>\n","protected":false},"author":2,"featured_media":0,"parent":0,"menu_order":0,"comment_status":"closed","ping_status":"closed","template":"","meta":{"_acf_changed":false,"_angie_page":false,"footnotes":""},"class_list":["post-3825","page","type-page","status-publish","hentry"],"acf":[],"_links":{"self":[{"href":"https:\/\/quicknienumber.com\/it\/wp-json\/wp\/v2\/pages\/3825","targetHints":{"allow":["GET"]}}],"collection":[{"href":"https:\/\/quicknienumber.com\/it\/wp-json\/wp\/v2\/pages"}],"about":[{"href":"https:\/\/quicknienumber.com\/it\/wp-json\/wp\/v2\/types\/page"}],"author":[{"embeddable":true,"href":"https:\/\/quicknienumber.com\/it\/wp-json\/wp\/v2\/users\/2"}],"replies":[{"embeddable":true,"href":"https:\/\/quicknienumber.com\/it\/wp-json\/wp\/v2\/comments?post=3825"}],"version-history":[{"count":1,"href":"https:\/\/quicknienumber.com\/it\/wp-json\/wp\/v2\/pages\/3825\/revisions"}],"predecessor-version":[{"id":3826,"href":"https:\/\/quicknienumber.com\/it\/wp-json\/wp\/v2\/pages\/3825\/revisions\/3826"}],"wp:attachment":[{"href":"https:\/\/quicknienumber.com\/it\/wp-json\/wp\/v2\/media?parent=3825"}],"curies":[{"name":"wp","href":"https:\/\/api.w.org\/{rel}","templated":true}]}}