{"id":3226,"date":"2025-04-30T17:14:38","date_gmt":"2025-04-30T17:14:38","guid":{"rendered":"https:\/\/quicknienumber.com\/privacy-policy\/"},"modified":"2026-05-06T09:32:02","modified_gmt":"2026-05-06T09:32:02","slug":"privacy-policy","status":"publish","type":"page","link":"https:\/\/quicknienumber.com\/it\/privacy-policy\/","title":{"rendered":"Privacy Policy"},"content":{"rendered":"\t\t<div data-elementor-type=\"wp-page\" data-elementor-id=\"3226\" class=\"elementor elementor-3226 elementor-3\" data-elementor-post-type=\"page\">\n\t\t\t\t<main class=\"elementor-element elementor-element-8545d77 e-flex e-con-boxed e-con e-parent\" data-id=\"8545d77\" data-element_type=\"container\" data-e-type=\"container\">\n\t\t\t\t\t<div class=\"e-con-inner\">\n\t\t\t\t<div class=\"elementor-element elementor-element-2ec8dd1 elementor-widget elementor-widget-heading\" data-id=\"2ec8dd1\" data-element_type=\"widget\" data-e-type=\"widget\" data-widget_type=\"heading.default\">\n\t\t\t\t<div class=\"elementor-widget-container\">\n\t\t\t\t\t<h1 class=\"elementor-heading-title elementor-size-default\">Privacy Policy<\/h1>\t\t\t\t<\/div>\n\t\t\t\t<\/div>\n\t\t\t\t<div class=\"elementor-element elementor-element-d46178f elementor-widget elementor-widget-shortcode\" data-id=\"d46178f\" data-element_type=\"widget\" data-e-type=\"widget\" data-widget_type=\"shortcode.default\">\n\t\t\t\t<div class=\"elementor-widget-container\">\n\t\t\t\t\t\t\t<div class=\"elementor-shortcode\"><nav aria-label=\"breadcrumbs\" class=\"rank-math-breadcrumb\"><p><span class=\"last\">Home<\/span><\/p><\/nav><\/div>\n\t\t\t\t\t\t<\/div>\n\t\t\t\t<\/div>\n\t\t\t\t<div class=\"elementor-element elementor-element-5715eb5 elementor-widget elementor-widget-text-editor\" data-id=\"5715eb5\" data-element_type=\"widget\" data-e-type=\"widget\" data-widget_type=\"text-editor.default\">\n\t\t\t\t<div class=\"elementor-widget-container\">\n\t\t\t\t\t\t\t\t\t<p><span style=\"font-weight: 400;\">Last updated: Maart 17, 2026<\/span><\/p><h3><strong>1. Informazioni sull&#8217;utente<\/strong><\/h3><p><strong>Chi \u00e8 il titolare del trattamento dei tuoi dati personali?<\/strong><br>In breve &#8211; Sam Kamiel de Jager \u00e8 il TITOLARE DEL TRATTAMENTO dei dati personali dell&#8217;UTENTE e lo informa che tali dati saranno trattati in conformit\u00e0 con le disposizioni del Regolamento (UE) 2016\/679 del 27 aprile (GDPR) e della Legge organica 3\/2018 del 5 dicembre (LOPDGDD).<\/p><p><strong>Perch\u00e9 trattiamo i tuoi dati personali?<\/strong><br>Noi di Quick NIE Number trattiamo i dati personali degli utenti per le seguenti finalit\u00e0:<\/p><ol><li><strong>Gestione e elaborazione dei servizi online:<\/strong> Per raccogliere le informazioni necessarie per gestire<br>le richieste per il NIE, la registrazione di residenza (empadronamiento), residenza o <br>registrazione come lavoratore autonomo in Spagna. Questo include la preparazione dei documenti, il coordinamento degli appuntamenti con le autorit\u00e0, e<br>un&#8217;assistenza personalizzata durante tutto il processo. <\/li><li><strong>Carrello delle e elaborazione del pagamento: <\/strong> Per gestire il servizio acquisti tramite il sito web, elaborare<br>i pagamenti online, emettere fatture, e inviare conferme d&#8217;ordine.<\/li><li><strong>Comunicazioni informative e di follow-up:<\/strong> Per inviare aggiornamenti tramite e-mail o messaggistica istantanea (ad es.,<br>WhatsApp) riguardo allo stato dei servizi richiesti.<\/li><li><strong>Servizio clienti:<\/strong> Per rispondere alle richieste pervenute tramite il modulo di contatto o altri canali<br>di comunicazione, come ad esempio l&#8217;e-mail o i social media.<\/li><li><strong>Invio di comunicazioni commerciali: <\/strong> Per inviare e-mail promozionali relative ai nostri servizi, sia<br>basate su un precedente consenso o un rapporto con il cliente gi\u00e0 esistente.<\/li><li><strong>Ricerche di mercato e analisi statistiche: <\/strong> Per effettuare analisi interne analisi per migliorare i servizi offerti<br>e comprendere meglio le esigenze degli utenti.<\/li><li><strong>Invio della newsletter<\/strong>: per inviare newsletter contenenti aggiornamenti normativi, offerte e promozioni, a condizione che l&#8217;<br>utente abbia prestato il proprio consenso esplicito.<\/li><\/ol><p> <\/p><p><strong>Perch\u00e9 possiamo trattare i tuoi dati personali?<\/strong><br>Perch\u00e9 il trattamento \u00e8 legittimato dall&#8217;articolo 6 del GDPR come segue:<br>Previo consenso dell&#8217;UTENTE: invio di comunicazioni commerciali e della newsletter. <br>Nel legittimo interesse del TITOLARE: condurre ricerche di mercato, analisi statistiche, ecc. ed elaborare ordini, richieste, ecc. su richiesta dell&#8217;UTENTE.<\/p><p><strong>Per quanto tempo conserveremo i tuoi dati personali?<\/strong><br>Data shall be stored for no longer than is necessary to maintain the purpose of the processing or for as long as there are legal prescriptions dictating their custody, and when such purpose is no longer necessary the data shall be erased with appropriate security measures to ensure the anonymization of the data or their complete destruction.<\/p><p><strong>A chi comunichiamo i tuoi dati personali?<\/strong><br>Non \u00e8 prevista alcuna comunicazione dei dati personali a terzi, salvo, qualora ci\u00f2 sia necessario per lo svolgimento e l\u2019attuazione delle finalit\u00e0 del trattamento, ai nostri fornitori di servizi nel settore delle comunicazioni, con i quali il TITOLARE ha sottoscritto i contratti di riservatezza e di incarico previsti dalla normativa vigente in materia di protezione dei dati personali.<\/p><p><strong>Quali sono i tuoi diritti?<\/strong><br>I diritti dell&#8217;UTENTE sono:<\/p><ul><li>Diritto di revocare il consenso in qualsiasi momento.<\/li><li>Diritto di accesso, rettifica, portabilit\u00e0 e cancellazione dei tuoi dati e il limitazione o opposizione al loro<br>trattamento.<\/li><li>Il diritto di presentare un reclamo all&#8217;Autorit\u00e0 di controllo spagnola (www.aepd.es) qualora ritenga che il trattamento dei dati non sia conforme alla normativa vigente.<\/li><\/ul><p> <\/p><p><strong>Contatti informazioni per l&#8217; esercizio dei diritti:<\/strong><br>Numero NIE rapido &#8211; Sam Kamiel de Jager. Carrer costa i borras 10, &#8211; 46017 Valencia (Val\u00e8ncia). E-mail:<br>info@quicknienumber.com  <\/p><h3><strong>2. Carattere obbligatorio o facoltativo delle informazioni fornite dall&#8217; utente.<\/strong><\/h3><p>Gli UTENTI, spuntando le caselle corrispondenti e inserendo i dati nei campi contrassegnati da un asterisco (*) nel modulo di contatto o nei moduli di download, accettano espressamente, in modo libero e inequivocabile, che i propri dati siano necessari affinch\u00e9 il fornitore possa soddisfare la loro richiesta, fornendo volontariamente i propri dati nei restanti campi. L&#8217;UTENTE garantisce che i dati personali forniti al TITOLARE DEL TRATTAMENTO siano veritieri ed \u00e8 responsabile di comunicare eventuali modifiche agli stessi. Il TITOLARE informa che tutti i dati richiesti attraverso il sito web sono obbligatori, in quanto necessari per la fornitura di un servizio ottimale all&#8217;UTENTE. Nel caso in cui non vengano forniti tutti i dati, non vi \u00e8 alcuna garanzia che le informazioni e i servizi forniti siano completamente adeguati alle esigenze dell&#8217;Utente.   <\/p><h3><strong>3. Sicurezza Misure<\/strong><\/h3><p>Che, in conformit\u00e0 con le disposizioni della normativa vigente in materia di protezione dei dati personali, il TITOLARE rispetta tutte le disposizioni del GDPR e della LOPDGDD per il trattamento dei dati personali di cui \u00e8 responsabile, e rispetta manifestamente i principi descritti nell&#8217;articolo 5 del GDPR, in base ai quali i dati sono trattati in modo lecito, corretto e trasparente nei confronti dell&#8217;interessato, nonch\u00e9 adeguati, pertinenti e limitati a quanto necessario rispetto alle finalit\u00e0 per cui sono trattati. Il TITOLARE garantisce che sono state implementate tutte le politiche tecniche e organizzative appropriate per applicare le misure di sicurezza stabilite dal GDPR e dalla LOPDGDD al fine di proteggere i diritti e le libert\u00e0 degli UTENTI e ha comunicato le informazioni appropriate affinch\u00e9 questi possano esercitarli. Per ulteriori informazioni sulle garanzie di privacy, \u00e8 possibile contattare il TITOLARE tramite Sam Kamiel de Jager. E-mail: info@quicknienumber.com.   <\/p>\t\t\t\t\t\t\t\t<\/div>\n\t\t\t\t<\/div>\n\t\t\t\t\t<\/div>\n\t\t\t\t<\/main>\n\t\t\t\t<\/div>\n\t\t","protected":false},"excerpt":{"rendered":"<p>Last updated: Maart 17, 2026 1. Informazioni sull&#8217;utente Chi \u00e8 il titolare del trattamento dei tuoi dati personali?In breve &#8211; Sam Kamiel de Jager \u00e8 il TITOLARE DEL TRATTAMENTO dei dati personali dell&#8217;UTENTE e lo informa che tali dati saranno trattati in conformit\u00e0 con le disposizioni del Regolamento (UE) 2016\/679 del 27 aprile (GDPR) e [&hellip;]<\/p>\n","protected":false},"author":1,"featured_media":0,"parent":0,"menu_order":0,"comment_status":"closed","ping_status":"open","template":"","meta":{"_acf_changed":false,"_angie_page":false,"footnotes":""},"class_list":["post-3226","page","type-page","status-publish","hentry"],"acf":[],"_links":{"self":[{"href":"https:\/\/quicknienumber.com\/it\/wp-json\/wp\/v2\/pages\/3226","targetHints":{"allow":["GET"]}}],"collection":[{"href":"https:\/\/quicknienumber.com\/it\/wp-json\/wp\/v2\/pages"}],"about":[{"href":"https:\/\/quicknienumber.com\/it\/wp-json\/wp\/v2\/types\/page"}],"author":[{"embeddable":true,"href":"https:\/\/quicknienumber.com\/it\/wp-json\/wp\/v2\/users\/1"}],"replies":[{"embeddable":true,"href":"https:\/\/quicknienumber.com\/it\/wp-json\/wp\/v2\/comments?post=3226"}],"version-history":[{"count":3,"href":"https:\/\/quicknienumber.com\/it\/wp-json\/wp\/v2\/pages\/3226\/revisions"}],"predecessor-version":[{"id":4267,"href":"https:\/\/quicknienumber.com\/it\/wp-json\/wp\/v2\/pages\/3226\/revisions\/4267"}],"wp:attachment":[{"href":"https:\/\/quicknienumber.com\/it\/wp-json\/wp\/v2\/media?parent=3226"}],"curies":[{"name":"wp","href":"https:\/\/api.w.org\/{rel}","templated":true}]}}