{"id":3216,"date":"2025-05-16T09:55:03","date_gmt":"2025-05-16T09:55:03","guid":{"rendered":"https:\/\/quicknienumber.com\/dichiarazione-di-accessibilita\/"},"modified":"2025-12-22T17:51:12","modified_gmt":"2025-12-22T17:51:12","slug":"dichiarazione-di-accessibilita","status":"publish","type":"page","link":"https:\/\/quicknienumber.com\/it\/dichiarazione-di-accessibilita\/","title":{"rendered":"Dichiarazione di accessibilit\u00e0"},"content":{"rendered":"\t\t<div data-elementor-type=\"wp-page\" data-elementor-id=\"3216\" class=\"elementor elementor-3216 elementor-336\" data-elementor-post-type=\"page\">\n\t\t\t\t<div class=\"elementor-element elementor-element-b27ea22 e-flex e-con-boxed e-con e-parent\" data-id=\"b27ea22\" data-element_type=\"container\" data-e-type=\"container\">\n\t\t\t\t\t<div class=\"e-con-inner\">\n\t\t\t\t<div class=\"elementor-element elementor-element-4418063 elementor-widget elementor-widget-heading\" data-id=\"4418063\" data-element_type=\"widget\" data-e-type=\"widget\" data-widget_type=\"heading.default\">\n\t\t\t\t<div class=\"elementor-widget-container\">\n\t\t\t\t\t<h1 class=\"elementor-heading-title elementor-size-default\">Dichiarazione di accessibilit\u00e0<\/h1>\t\t\t\t<\/div>\n\t\t\t\t<\/div>\n\t\t\t\t<div class=\"elementor-element elementor-element-c61c8bf elementor-widget elementor-widget-shortcode\" data-id=\"c61c8bf\" data-element_type=\"widget\" data-e-type=\"widget\" data-widget_type=\"shortcode.default\">\n\t\t\t\t<div class=\"elementor-widget-container\">\n\t\t\t\t\t\t\t<div class=\"elementor-shortcode\"><nav aria-label=\"breadcrumbs\" class=\"rank-math-breadcrumb\"><p><span class=\"last\">Home<\/span><\/p><\/nav><\/div>\n\t\t\t\t\t\t<\/div>\n\t\t\t\t<\/div>\n\t\t\t\t<div class=\"elementor-element elementor-element-7e1bf59 elementor-widget elementor-widget-text-editor\" data-id=\"7e1bf59\" data-element_type=\"widget\" data-e-type=\"widget\" data-widget_type=\"text-editor.default\">\n\t\t\t\t<div class=\"elementor-widget-container\">\n\t\t\t\t\t\t\t\t\t<p>Politica di accessibilit\u00e0 del sito web: www.quicknienumber.com<\/p><p>Data di entrata in vigore: 9 giugno 2025<\/p><p><strong>1. Introduzione:<\/strong><\/p><p>Quicknienumber si impegna a fornire un&#8217;esperienza digitale accessibile a tutti gli utenti, indipendentemente dalle loro capacit\u00e0 fisiche, cognitive o sensoriali. Questa politica definisce le nostre linee guida e i nostri obiettivi per garantire che il nostro sito web soddisfi gli standard riconosciuti a livello internazionale, tra cui le Linee Guida per l&#8217;Accessibilit\u00e0 dei Contenuti Web (WCAG) 2.1. <\/p><p><strong>2. Impegno per l&#8217;accessibilit\u00e0:<\/strong><\/p><p>Ci impegniamo a rendere il nostro sito web accessibile a tutti e adottiamo costantemente misure per migliorarne l&#8217;accessibilit\u00e0. Il nostro team di sviluppo e progettazione si impegna a seguire le migliori pratiche di accessibilit\u00e0 in tutte le fasi di sviluppo e riprogettazione del sito web. <\/p><p><strong>3. Standard di accessibilit\u00e0:<\/strong><\/p><p>Il nostro sito web \u00e8 progettato e gestito in conformit\u00e0 con i seguenti standard di accessibilit\u00e0:<\/p><ul class=\"wp-block-list\"><li>Conforme alle Linee guida per l&#8217;accessibilit\u00e0 dei contenuti Web (WCAG) 2.1, livello AA.<\/li><li>Implementazione della semantica HTML per migliorare la comprensione dei contenuti e la navigazione.<\/li><li>Utilizzo di Accessible Rich Internet Applications (ARIA) per migliorare l&#8217;accessibilit\u00e0 delle applicazioni web dinamiche.<\/li><\/ul><p><strong>4. Test e valutazione continui:<\/strong><\/p><p>Verificheremo regolarmente l&#8217;accessibilit\u00e0 durante lo sviluppo e gli aggiornamenti del sito web. Inoltre, effettueremo valutazioni periodiche per garantire la conformit\u00e0 agli standard di accessibilit\u00e0. <\/p><p><strong>5. Facilitare la navigazione:<\/strong><\/p><p>Garantiamo una struttura di navigazione chiara e coerente.<\/p><p>I link e i pulsanti dovrebbero essere dotati di descrizioni significative per rendere pi\u00f9 comprensibile la loro funzione.<\/p><p><strong>6. Contenuti multimediali:<\/strong><\/p><p>Per i contenuti multimediali, quali immagini e video, sono disponibili alternative testuali.<\/p><p>Per gli elementi audio e video vengono utilizzati sottotitoli e trascrizioni.<\/p><p><strong>7. Contrasto e leggibilit\u00e0:<\/strong><\/p><p>Per migliorare la leggibilit\u00e0, \u00e8 necessario garantire un contrasto sufficiente tra testo e sfondo.<\/p><p>Gli utenti possono adattare la dimensione del testo alle proprie preferenze.<\/p><p><strong>8. Forme ed elementi interattivi:<\/strong><\/p><p>I moduli sono progettati con etichette chiare e campi di input descrittivi.<\/p><p>Per facilitare la correzione degli errori nei moduli vengono forniti chiari messaggi di errore e soluzioni.<\/p><p><strong>9. Compatibilit\u00e0 con browser e dispositivi:<\/strong><\/p><p>Ci impegniamo a garantire la compatibilit\u00e0 con un&#8217;ampia gamma di browser e dispositivi, comprese le tecnologie assistive.<\/p><p><strong>10. Feedback e miglioramenti:<\/strong><\/p><p>Invitiamo gli utenti a fornire feedback sull&#8217;accessibilit\u00e0 del nostro sito web. Valuteremo tali feedback e prenderemo provvedimenti per risolvere eventuali problemi. <\/p><p><strong>11. Contact:<\/strong><\/p><p>Per qualsiasi domanda, commento o problema riguardante l&#8217;accessibilit\u00e0 del nostro sito web, contatta il nostro team di supporto all&#8217;indirizzo info@quicknienumber.com.<\/p><p><strong>Revisione e aggiornamento della politica:<\/strong><\/p><p>La presente informativa verr\u00e0 rivista regolarmente per garantirne la pertinenza e l&#8217;efficacia. Saranno effettuati aggiornamenti laddove necessario, per riflettere i cambiamenti tecnologici, legislativi e le migliori pratiche in materia di accessibilit\u00e0. <\/p><p>Apprezziamo la vostra collaborazione nell&#8217;aiutarci a migliorare l&#8217;accessibilit\u00e0 del nostro sito web e a fornire un&#8217;esperienza online inclusiva per tutti gli utenti.<\/p>\t\t\t\t\t\t\t\t<\/div>\n\t\t\t\t<\/div>\n\t\t\t\t\t<\/div>\n\t\t\t\t<\/div>\n\t\t\t\t<\/div>\n\t\t","protected":false},"excerpt":{"rendered":"<p>Politica di accessibilit\u00e0 del sito web: www.quicknienumber.com Data di entrata in vigore: 9 giugno 2025 1. Introduzione: Quicknienumber si impegna a fornire un&#8217;esperienza digitale accessibile a tutti gli utenti, indipendentemente dalle loro capacit\u00e0 fisiche, cognitive o sensoriali. Questa politica definisce le nostre linee guida e i nostri obiettivi per garantire che il nostro sito web [&hellip;]<\/p>\n","protected":false},"author":1,"featured_media":0,"parent":0,"menu_order":0,"comment_status":"closed","ping_status":"closed","template":"","meta":{"_acf_changed":false,"_angie_page":false,"footnotes":""},"class_list":["post-3216","page","type-page","status-publish","hentry"],"acf":[],"_links":{"self":[{"href":"https:\/\/quicknienumber.com\/it\/wp-json\/wp\/v2\/pages\/3216","targetHints":{"allow":["GET"]}}],"collection":[{"href":"https:\/\/quicknienumber.com\/it\/wp-json\/wp\/v2\/pages"}],"about":[{"href":"https:\/\/quicknienumber.com\/it\/wp-json\/wp\/v2\/types\/page"}],"author":[{"embeddable":true,"href":"https:\/\/quicknienumber.com\/it\/wp-json\/wp\/v2\/users\/1"}],"replies":[{"embeddable":true,"href":"https:\/\/quicknienumber.com\/it\/wp-json\/wp\/v2\/comments?post=3216"}],"version-history":[{"count":1,"href":"https:\/\/quicknienumber.com\/it\/wp-json\/wp\/v2\/pages\/3216\/revisions"}],"predecessor-version":[{"id":3217,"href":"https:\/\/quicknienumber.com\/it\/wp-json\/wp\/v2\/pages\/3216\/revisions\/3217"}],"wp:attachment":[{"href":"https:\/\/quicknienumber.com\/it\/wp-json\/wp\/v2\/media?parent=3216"}],"curies":[{"name":"wp","href":"https:\/\/api.w.org\/{rel}","templated":true}]}}