{"id":3821,"date":"2026-01-12T13:06:57","date_gmt":"2026-01-12T13:06:57","guid":{"rendered":"https:\/\/quicknienumber.com\/avertissement\/"},"modified":"2026-01-12T15:41:35","modified_gmt":"2026-01-12T15:41:35","slug":"avertissement","status":"publish","type":"page","link":"https:\/\/quicknienumber.com\/fr\/avertissement\/","title":{"rendered":"Avertissement"},"content":{"rendered":"\t\t<div data-elementor-type=\"wp-page\" data-elementor-id=\"3821\" class=\"elementor elementor-3821 elementor-3805\" data-elementor-post-type=\"page\">\n\t\t\t\t<div class=\"elementor-element elementor-element-658560a e-flex e-con-boxed e-con e-parent\" data-id=\"658560a\" data-element_type=\"container\" data-e-type=\"container\">\n\t\t\t\t\t<div class=\"e-con-inner\">\n\t\t\t\t<div class=\"elementor-element elementor-element-4ca669a6 elementor-widget elementor-widget-heading\" data-id=\"4ca669a6\" data-element_type=\"widget\" data-e-type=\"widget\" data-widget_type=\"heading.default\">\n\t\t\t\t<div class=\"elementor-widget-container\">\n\t\t\t\t\t<h1 class=\"elementor-heading-title elementor-size-default\">Avertissement<\/h1>\t\t\t\t<\/div>\n\t\t\t\t<\/div>\n\t\t\t\t<div class=\"elementor-element elementor-element-23b1d4b4 elementor-widget elementor-widget-shortcode\" data-id=\"23b1d4b4\" data-element_type=\"widget\" data-e-type=\"widget\" data-widget_type=\"shortcode.default\">\n\t\t\t\t<div class=\"elementor-widget-container\">\n\t\t\t\t\t\t\t<div class=\"elementor-shortcode\"><nav aria-label=\"breadcrumbs\" class=\"rank-math-breadcrumb\"><p><span class=\"last\">Home<\/span><\/p><\/nav><\/div>\n\t\t\t\t\t\t<\/div>\n\t\t\t\t<\/div>\n\t\t\t\t<div class=\"elementor-element elementor-element-6e2e8bd1 elementor-widget elementor-widget-text-editor\" data-id=\"6e2e8bd1\" data-element_type=\"widget\" data-e-type=\"widget\" data-widget_type=\"text-editor.default\">\n\t\t\t\t<div class=\"elementor-widget-container\">\n\t\t\t\t\t\t\t\t\t<h2 data-start=\"118\" data-end=\"172\"><strong data-start=\"121\" data-end=\"172\">Service priv\u00e9 ind\u00e9pendant \u2013 clause de non-responsabilit\u00e9<\/strong><\/h2><h3 data-start=\"174\" data-end=\"223\"><strong data-start=\"178\" data-end=\"223\">Quicknienumber n&rsquo;est pas un organisme public.<\/strong><\/h3><p data-start=\"225\" data-end=\"545\">Quicknienumber est un service d&rsquo;assistance administrative priv\u00e9 et ind\u00e9pendant. Nous ne sommes pas un organisme public, nous ne faisons pas partie du gouvernement espagnol et nous ne sommes pas affili\u00e9s \u00e0 la Polic\u00eda Nacional, au Ministerio del Interior, au Ministerio de Inclusi\u00f3n, \u00e0 la Seguridad Social ou \u00e0 toute autre autorit\u00e9 espagnole.<\/p><p data-start=\"547\" data-end=\"789\">Nous ne d\u00e9livrons, n&rsquo;accordons, n&rsquo;approuvons ni ne fournissons aucun document officiel. Tous les documents officiels, y compris les num\u00e9ros NIE, les cartes TIE, les certificats de r\u00e9sidence et les num\u00e9ros NIF, sont exclusivement d\u00e9livr\u00e9s par les autorit\u00e9s espagnoles comp\u00e9tentes.<\/p><h2 data-start=\"796\" data-end=\"826\"><strong data-start=\"799\" data-end=\"826\">Ce que fait Quicknienumber<\/strong><\/h2><p data-start=\"828\" data-end=\"950\">Quicknienumber propose une assistance administrative payante aux personnes qui souhaitent demander des documents administratifs espagnols.<\/p><p data-start=\"952\" data-end=\"1002\">Nos services peuvent notamment comprendre :<\/p><ul data-start=\"1004\" data-end=\"1269\"><li data-start=\"1004\" data-end=\"1062\"><p data-start=\"1006\" data-end=\"1062\">Pr\u00e9paration et v\u00e9rification des documents de demande<\/p><\/li><li data-start=\"1063\" data-end=\"1122\"><p data-start=\"1065\" data-end=\"1122\">Fourniture d&rsquo;instructions, de mod\u00e8les et de listes de contr\u00f4le<\/p><\/li><li data-start=\"1123\" data-end=\"1177\"><p data-start=\"1125\" data-end=\"1177\">Planification de rendez-vous avec les autorit\u00e9s espagnoles<\/p><\/li><li data-start=\"1178\" data-end=\"1226\"><p data-start=\"1180\" data-end=\"1226\">Faciliter les procurations lorsque cela est n\u00e9cessaire<\/p><\/li><li data-start=\"1227\" data-end=\"1269\"><p data-start=\"1229\" data-end=\"1269\">Coordination du processus de demande<\/p><\/li><\/ul><p data-start=\"1271\" data-end=\"1384\">Nous ne prenons aucune d\u00e9cision, n&rsquo;approuvons aucune demande et n&rsquo;avons aucune influence sur le traitement par les autorit\u00e9s publiques.<\/p><h2 data-start=\"1391\" data-end=\"1428\"><strong data-start=\"1394\" data-end=\"1428\">Wie beslist over jouw aanvraag<\/strong><\/h2><p data-start=\"1430\" data-end=\"1576\">Toutes les d\u00e9cisions relatives \u00e0 l&rsquo;approbation, au rejet, au d\u00e9lai de traitement et \u00e0 la d\u00e9livrance des documents sont prises exclusivement par les autorit\u00e9s espagnoles.<\/p><p data-start=\"1578\" data-end=\"1671\">Quicknienumber n&rsquo;a aucune influence sur ces d\u00e9cisions et ne peut garantir aucun r\u00e9sultat.<\/p><h2 data-start=\"1678\" data-end=\"1714\"><strong data-start=\"1681\" data-end=\"1714\">Vous pouvez toujours faire une demande vous-m\u00eame.<\/strong><\/h2><p data-start=\"1716\" data-end=\"1761\">L&rsquo;utilisation de Quicknienumber est facultative.<\/p><p data-start=\"1763\" data-end=\"1965\">Vous avez toujours le droit de demander directement un NIE, un TIE, une r\u00e9sidence ou tout autre document officiel espagnol, sans recourir \u00e0 nos services et sans payer Quicknienumber.<\/p><p data-start=\"1967\" data-end=\"2136\">Nos tarifs sont exclusivement destin\u00e9s \u00e0 l&rsquo;assistance administrative et la coordination. <br data-start=\"2056\" data-end=\"2059\">Il ne s&rsquo;agit pas de frais administratifs et ils ne sont pas vers\u00e9s \u00e0 a16&gt; l&rsquo;\u00c9tat espagnol.<\/p><h2 data-start=\"2143\" data-end=\"2189\"><strong data-start=\"2146\" data-end=\"2189\">Pourquoi les clients utilisent Quicknienumber<\/strong><\/h2><p data-start=\"2191\" data-end=\"2238\">De nombreux clients choisissent notre service parce qu&rsquo;ils :<\/p><ul data-start=\"2239\" data-end=\"2391\"><li data-start=\"2239\" data-end=\"2263\"><p data-start=\"2241\" data-end=\"2263\">ne pas parler espagnol,<\/p><\/li><li data-start=\"2264\" data-end=\"2289\"><p data-start=\"2266\" data-end=\"2289\">ne r\u00e9sidant pas en Espagne,<\/p><\/li><li data-start=\"2290\" data-end=\"2330\"><p data-start=\"2292\" data-end=\"2330\">souhaitent b\u00e9n\u00e9ficier d&rsquo;un accompagnement professionnel, ou<\/p><\/li><li data-start=\"2331\" data-end=\"2391\"><p data-start=\"2333\" data-end=\"2391\">souhaitent \u00e9viter les erreurs administratives et les retards.<\/p><\/li><\/ul><p data-start=\"2393\" data-end=\"2456\">Nous simplifions le processus, mais ne rempla\u00e7ons pas les pouvoirs publics.<\/p><h2 data-start=\"2463\" data-end=\"2491\"><strong data-start=\"2466\" data-end=\"2491\">D\u00e9claration juridique<\/strong><\/h2><p data-start=\"2493\" data-end=\"2717\">Quicknienumber est une entreprise priv\u00e9e qui fournit exclusivement des services d&rsquo;assistance administrative. Nous ne repr\u00e9sentons pas le gouvernement espagnol, ne fournissons pas de conseils juridiques et ne d\u00e9livrons pas de documents officiels.<\/p><h2 data-start=\"2724\" data-end=\"2738\"><strong data-start=\"2727\" data-end=\"2738\">Contact<\/strong><\/h2><p data-start=\"2740\" data-end=\"2834\">Quicknienumber<br data-start=\"2754\" data-end=\"2757\">Carrer Costa i Borr\u00e1s 10<br data-start=\"2781\" data-end=\"2784\">46017 Valence, Espagne<br data-start=\"2806\" data-end=\"2809\"><a class=\"decorated-link cursor-pointer\" rel=\"noopener\" data-start=\"2809\" data-end=\"2832\">info@quicknienumber.com<\/a><\/p>\t\t\t\t\t\t\t\t<\/div>\n\t\t\t\t<\/div>\n\t\t\t\t\t<\/div>\n\t\t\t\t<\/div>\n\t\t\t\t<\/div>\n\t\t","protected":false},"excerpt":{"rendered":"<p>Service priv\u00e9 ind\u00e9pendant \u2013 clause de non-responsabilit\u00e9 Quicknienumber n&rsquo;est pas un organisme public. Quicknienumber est un service d&rsquo;assistance administrative priv\u00e9 et ind\u00e9pendant. Nous ne sommes pas un organisme public, nous ne faisons pas partie du gouvernement espagnol et nous ne sommes pas affili\u00e9s \u00e0 la Polic\u00eda Nacional, au Ministerio del Interior, au Ministerio de Inclusi\u00f3n, [&hellip;]<\/p>\n","protected":false},"author":2,"featured_media":0,"parent":0,"menu_order":0,"comment_status":"closed","ping_status":"closed","template":"","meta":{"_acf_changed":false,"_angie_page":false,"footnotes":""},"class_list":["post-3821","page","type-page","status-publish","hentry"],"acf":[],"_links":{"self":[{"href":"https:\/\/quicknienumber.com\/fr\/wp-json\/wp\/v2\/pages\/3821","targetHints":{"allow":["GET"]}}],"collection":[{"href":"https:\/\/quicknienumber.com\/fr\/wp-json\/wp\/v2\/pages"}],"about":[{"href":"https:\/\/quicknienumber.com\/fr\/wp-json\/wp\/v2\/types\/page"}],"author":[{"embeddable":true,"href":"https:\/\/quicknienumber.com\/fr\/wp-json\/wp\/v2\/users\/2"}],"replies":[{"embeddable":true,"href":"https:\/\/quicknienumber.com\/fr\/wp-json\/wp\/v2\/comments?post=3821"}],"version-history":[{"count":1,"href":"https:\/\/quicknienumber.com\/fr\/wp-json\/wp\/v2\/pages\/3821\/revisions"}],"predecessor-version":[{"id":3822,"href":"https:\/\/quicknienumber.com\/fr\/wp-json\/wp\/v2\/pages\/3821\/revisions\/3822"}],"wp:attachment":[{"href":"https:\/\/quicknienumber.com\/fr\/wp-json\/wp\/v2\/media?parent=3821"}],"curies":[{"name":"wp","href":"https:\/\/api.w.org\/{rel}","templated":true}]}}