{"id":3055,"date":"2025-05-16T09:54:48","date_gmt":"2025-05-16T09:54:48","guid":{"rendered":"https:\/\/quicknienumber.com\/conditions-generales\/"},"modified":"2025-12-22T13:26:44","modified_gmt":"2025-12-22T13:26:44","slug":"conditions-generales","status":"publish","type":"page","link":"https:\/\/quicknienumber.com\/fr\/conditions-generales\/","title":{"rendered":"Conditions g\u00e9n\u00e9rales"},"content":{"rendered":"\t\t<div data-elementor-type=\"wp-page\" data-elementor-id=\"3055\" class=\"elementor elementor-3055 elementor-332\" data-elementor-post-type=\"page\">\n\t\t\t\t<div class=\"elementor-element elementor-element-a744451 e-flex e-con-boxed e-con e-parent\" data-id=\"a744451\" data-element_type=\"container\" data-e-type=\"container\">\n\t\t\t\t\t<div class=\"e-con-inner\">\n\t\t\t\t<div class=\"elementor-element elementor-element-4858999 elementor-widget elementor-widget-heading\" data-id=\"4858999\" data-element_type=\"widget\" data-e-type=\"widget\" data-widget_type=\"heading.default\">\n\t\t\t\t<div class=\"elementor-widget-container\">\n\t\t\t\t\t<h1 class=\"elementor-heading-title elementor-size-default\">Conditions g\u00e9n\u00e9rales<\/h1>\t\t\t\t<\/div>\n\t\t\t\t<\/div>\n\t\t\t\t<div class=\"elementor-element elementor-element-6b54b90 elementor-widget elementor-widget-shortcode\" data-id=\"6b54b90\" data-element_type=\"widget\" data-e-type=\"widget\" data-widget_type=\"shortcode.default\">\n\t\t\t\t<div class=\"elementor-widget-container\">\n\t\t\t\t\t\t\t<div class=\"elementor-shortcode\"><nav aria-label=\"breadcrumbs\" class=\"rank-math-breadcrumb\"><p><span class=\"last\">Home<\/span><\/p><\/nav><\/div>\n\t\t\t\t\t\t<\/div>\n\t\t\t\t<\/div>\n\t\t\t\t<div class=\"elementor-element elementor-element-8bfda15 elementor-widget elementor-widget-text-editor\" data-id=\"8bfda15\" data-element_type=\"widget\" data-e-type=\"widget\" data-widget_type=\"text-editor.default\">\n\t\t\t\t<div class=\"elementor-widget-container\">\n\t\t\t\t\t\t\t\t\t<p><span style=\"font-weight: 400;\">Derni\u00e8re mise \u00e0 jour : 26 septembre 2025<\/span><\/p><p><span style=\"font-weight: 400;\">Bienvenue sur Quicknienumber. Les pr\u00e9sentes Conditions g\u00e9n\u00e9rales d&rsquo;utilisation (\u00ab Conditions \u00bb) d\u00e9finissent les r\u00e8gles et conditions applicables \u00e0 l&rsquo;utilisation de nos services et de notre site web www.quicknienumber.com (le \u00ab Site web \u00bb). En utilisant nos services, vous acceptez les pr\u00e9sentes Conditions. Veuillez les lire attentivement avant toute utilisation.   <\/span><\/p><h2><b>1. D\u00e9finitions<\/b><\/h2><ul><li><span style=\"font-weight: 400;\"> Quicknienumber : le fournisseur de services, appartenant \u00e0 Sam Kamiel de Jager, NIE Z2280206Z, situ\u00e9 Carrer Costa i Borr\u00e1s 10, 46017 Valence, Espagne.<\/span><span style=\"font-weight: 400;\"><br><\/span><span style=\"font-weight: 400;\">\u2022 Client : la personne physique ou morale qui utilise les services de Quicknienumber.<\/span><span style=\"font-weight: 400;\"><br><\/span><span style=\"font-weight: 400;\">\u2022 Services : les services d&rsquo;interm\u00e9diation et de documentation offerts par Quicknienumber, y compris, mais sans s&rsquo;y limiter, la demande de num\u00e9ros NIE, NIF et TIE et d&rsquo;autres proc\u00e9dures administratives en Espagne.<\/span><span style=\"font-weight: 400;\"><br><\/span><span style=\"font-weight: 400;\">\u2022 Accord : le contrat contraignant entre Quicknienumber et le Client une fois que le Client soumet une demande et que Quicknienumber la confirme.<\/span><\/li><\/ul><h2><b>2. Prestations<\/b><\/h2><p><span style=\"font-weight: 400;\">Quicknienumber propose une assistance pour les d\u00e9marches administratives en Espagne. Ses services comprennent : <\/span><span style=\"font-weight: 400;\"><br><\/span><span style=\"font-weight: 400;\">&#8211; Collecte et pr\u00e9paration de la documentation,<\/span><span style=\"font-weight: 400;\"><br><\/span><span style=\"font-weight: 400;\">&#8211; Coordination des rendez-vous avec les autorit\u00e9s ou les notaires espagnols,<\/span><span style=\"font-weight: 400;\"><br><\/span><span style=\"font-weight: 400;\">&#8211; Soumettre les candidatures.<\/span><span style=\"font-weight: 400;\"><br><\/span><span style=\"font-weight: 400;\"><br><\/span><span style=\"font-weight: 400;\">Quicknienumber agit en tant qu&rsquo;interm\u00e9diaire et n&rsquo;est pas responsable de la d\u00e9cision finale ni de la d\u00e9livrance des documents par les autorit\u00e9s.<\/span><\/p><h2><b>3. Processus de candidature<\/b><\/h2><p><span style=\"font-weight: 400;\">&#8211; Le client doit remplir correctement et int\u00e9gralement le formulaire de demande en ligne et fournir les documents requis dans les d\u00e9lais impartis.<\/span><span style=\"font-weight: 400;\"><br><\/span><span style=\"font-weight: 400;\">Des informations incompl\u00e8tes ou incorrectes peuvent entra\u00eener des retards ou le rejet de la demande, pour lesquels Quicknienumber ne peut \u00eatre tenu responsable.<\/span><\/p><h2><b>4. Prix et paiements<\/b><\/h2><p><span style=\"font-weight: 400;\">&#8211; Les tarifs de Quicknienumber sont clairement indiqu\u00e9s sur le site Web et incluent la TVA, sauf indication contraire.<\/span><span style=\"font-weight: 400;\"><br><\/span><span style=\"font-weight: 400;\">&#8211; External costs such as notary fees, government fees (e.g., Modelo 790), and apostilles are not included and will be charged separately.<\/span><span style=\"font-weight: 400;\"><br><\/span><span style=\"font-weight: 400;\">&#8211; Tous les paiements doivent \u00eatre effectu\u00e9s \u00e0 l&rsquo;avance. Quicknienumber se r\u00e9serve le droit de ne pas traiter les demandes tant que le paiement int\u00e9gral n&rsquo;aura pas \u00e9t\u00e9 re\u00e7u. <\/span><\/p><h2><b>5. Annulation, remboursements et droit de r\u00e9tractation<\/b><\/h2><p><span style=\"font-weight: 400;\">&#8211; Conform\u00e9ment \u00e0 l&rsquo;article 103 de la loi espagnole sur la consommation (LSSICE), le droit de r\u00e9tractation ne s&rsquo;applique pas aux services pr\u00e9par\u00e9s et personnalis\u00e9s imm\u00e9diatement apr\u00e8s la commande.<\/span><span style=\"font-weight: 400;\"><br><\/span><span style=\"font-weight: 400;\">&#8211; Specifically: Once the notarial power of attorney has been sent to the Customer, the order cannot be cancelled and there is no right to a refund.<\/span><span style=\"font-weight: 400;\"><br><\/span><span style=\"font-weight: 400;\">&#8211; Pour les autres formules, la m\u00eame r\u00e8gle s&rsquo;applique : une fois la confirmation de rendez-vous envoy\u00e9e, la commande ne peut \u00eatre annul\u00e9e et aucun remboursement ne sera effectu\u00e9.<\/span><span style=\"font-weight: 400;\"><br><\/span><span style=\"font-weight: 400;\">&#8211; L\u2019annulation avant cette \u00e9tape est possible uniquement dans les 24 heures suivant le paiement, \u00e0 condition que Quicknienumber n\u2019ait pas encore commenc\u00e9 le traitement. Tout remboursement sera r\u00e9duit des frais administratifs. <\/span><\/p><h2><b>6. Obligations du client<\/b><\/h2><p>Le Client est responsable de :<br>&#8211; Fournir les documents requis en temps voulu et de mani\u00e8re correcte,<br>&#8211; Suivre les instructions de Quicknienumber,<br>&#8211; Se pr\u00e9senter aux rendez-vous (le cas \u00e9ch\u00e9ant).<br>Quicknienumber d\u00e9cline toute responsabilit\u00e9 en cas de refus ou de retard imputable \u00e0 des erreurs ou \u00e0 une n\u00e9gligence du Client.<\/p><h2><b>7. D\u00e9lais d&rsquo;ex\u00e9cution et de livraison<\/b><\/h2><p><span style=\"font-weight: 400;\">&#8211; Quicknienumber mettra tout en \u0153uvre pour ex\u00e9cuter les Services avec soin et dans les d\u00e9lais indiqu\u00e9s.<\/span><span style=\"font-weight: 400;\"><br><\/span><span style=\"font-weight: 400;\">&#8211; Les d\u00e9lais indiqu\u00e9s sont donn\u00e9s \u00e0 titre indicatif et d\u00e9pendent de tiers (autorit\u00e9s, notaires, consulats). Quicknienumber ne peut garantir des d\u00e9lais de traitement pr\u00e9cis. <\/span><\/p><h2><b>8. Force Majeure<\/b><\/h2><p><span style=\"font-weight: 400;\">En cas de force majeure \u2013 y compris, mais sans s&rsquo;y limiter, les changements l\u00e9gislatifs, les ajustements de politique, les d\u00e9faillances techniques, les gr\u00e8ves ou les probl\u00e8mes avec les autorit\u00e9s \u2013 Quicknienumber pourrait ne pas toujours \u00eatre en mesure de fournir les Services tels qu&rsquo;initialement convenus.<\/span><span style=\"font-weight: 400;\"><br><\/span><span style=\"font-weight: 400;\"><br><\/span><span style=\"font-weight: 400;\">&#8211; Si la demande de num\u00e9ro NIE \u00e0 distance s&rsquo;av\u00e8re impossible en raison d&rsquo;un cas de force majeure, la proc\u00e9dure sera automatiquement convertie en une proc\u00e9dure n\u00e9cessitant la pr\u00e9sence du client en Espagne dans un bureau d\u00e9sign\u00e9 par Quicknienumber. Quicknienumber finalisera alors la demande selon une autre m\u00e9thode afin que le client obtienne le r\u00e9sultat souhait\u00e9. <\/span><span style=\"font-weight: 400;\"><br><\/span><span style=\"font-weight: 400;\">&#8211; Si le client ne souhaite pas ou ne peut pas se rendre en Espagne, il n&rsquo;aura droit \u00e0 aucun remboursement ni \u00e0 aucune indemnisation.<\/span><span style=\"font-weight: 400;\"><br><\/span><span style=\"font-weight: 400;\">&#8211; Aucun remboursement ne sera effectu\u00e9 en cas de force majeure.<\/span><\/p><h2><b>9. Responsabilit\u00e9<\/b><\/h2><p><span style=\"font-weight: 400;\">&#8211; Quicknienumber n&rsquo;est pas responsable des d\u00e9cisions prises par les autorit\u00e9s ou les notaires espagnols, ni des retards caus\u00e9s par un cas de force majeure, un changement de politique ou des tiers.<\/span><span style=\"font-weight: 400;\"><br><\/span><span style=\"font-weight: 400;\">&#8211; La responsabilit\u00e9 de Quicknienumber est limit\u00e9e au montant pay\u00e9 par le client pour le service concern\u00e9.<\/span><span style=\"font-weight: 400;\"><br><\/span><span style=\"font-weight: 400;\">&#8211; Quicknienumber n&rsquo;est responsable que des dommages r\u00e9sultant directement d&rsquo;une faute intentionnelle ou d&rsquo;une n\u00e9gligence grave.<\/span><\/p><h2><b>10. Confidentialit\u00e9<\/b><\/h2><p><span style=\"font-weight: 400;\">Quicknienumber respecte la vie priv\u00e9e de ses clients. Le traitement des donn\u00e9es personnelles est effectu\u00e9 conform\u00e9ment \u00e0 la Politique de confidentialit\u00e9 et de cookies de Quicknienumber, disponible sur le site web. <\/span><\/p><h2><b>11. Propri\u00e9t\u00e9 intellectuelle<\/b><\/h2><p><span style=\"font-weight: 400;\">L&rsquo;ensemble du contenu du site Web (textes, documents, logos, images, \u00e9l\u00e9ments graphiques, logiciels) est la propri\u00e9t\u00e9 de Quicknienumber ou de ses conc\u00e9dants de licence et ne peut \u00eatre copi\u00e9 ou utilis\u00e9 sans autorisation \u00e9crite.<\/span><\/p><h2><b>12. Modifications des conditions g\u00e9n\u00e9rales<\/b><\/h2><p><span style=\"font-weight: 400;\">Quicknienumber se r\u00e9serve le droit de modifier les pr\u00e9sentes conditions g\u00e9n\u00e9rales \u00e0 tout moment. Les nouvelles versions seront publi\u00e9es sur le site web et entreront en vigueur \u00e0 compter de leur date de publication. <\/span><\/p><h2><b>13. Droit applicable et juridiction<\/b><\/h2><p><span style=\"font-weight: 400;\">Les pr\u00e9sentes conditions g\u00e9n\u00e9rales sont r\u00e9gies exclusivement par le droit espagnol. Tout litige sera soumis aux tribunaux comp\u00e9tents de Valence, en Espagne. <\/span><\/p><h2><b>14. Coordonn\u00e9es<\/b><\/h2><p>Num\u00e9ro rapide \u2013 Sam Kamiel de Jager<br>NIE : Z2280206Z<br>Adresse : Carrer Costa i Borr\u00e1s 10, 46017 Valence, Espagne<br>Courriel : info@quicknienumber.com<\/p>\t\t\t\t\t\t\t\t<\/div>\n\t\t\t\t<\/div>\n\t\t\t\t\t<\/div>\n\t\t\t\t<\/div>\n\t\t\t\t<\/div>\n\t\t","protected":false},"excerpt":{"rendered":"<p>Derni\u00e8re mise \u00e0 jour : 26 septembre 2025 Bienvenue sur Quicknienumber. Les pr\u00e9sentes Conditions g\u00e9n\u00e9rales d&rsquo;utilisation (\u00ab Conditions \u00bb) d\u00e9finissent les r\u00e8gles et conditions applicables \u00e0 l&rsquo;utilisation de nos services et de notre site web www.quicknienumber.com (le \u00ab Site web \u00bb). En utilisant nos services, vous acceptez les pr\u00e9sentes Conditions. Veuillez les lire attentivement avant [&hellip;]<\/p>\n","protected":false},"author":1,"featured_media":0,"parent":0,"menu_order":0,"comment_status":"closed","ping_status":"closed","template":"","meta":{"_acf_changed":false,"_angie_page":false,"footnotes":""},"class_list":["post-3055","page","type-page","status-publish","hentry"],"acf":[],"_links":{"self":[{"href":"https:\/\/quicknienumber.com\/fr\/wp-json\/wp\/v2\/pages\/3055","targetHints":{"allow":["GET"]}}],"collection":[{"href":"https:\/\/quicknienumber.com\/fr\/wp-json\/wp\/v2\/pages"}],"about":[{"href":"https:\/\/quicknienumber.com\/fr\/wp-json\/wp\/v2\/types\/page"}],"author":[{"embeddable":true,"href":"https:\/\/quicknienumber.com\/fr\/wp-json\/wp\/v2\/users\/1"}],"replies":[{"embeddable":true,"href":"https:\/\/quicknienumber.com\/fr\/wp-json\/wp\/v2\/comments?post=3055"}],"version-history":[{"count":1,"href":"https:\/\/quicknienumber.com\/fr\/wp-json\/wp\/v2\/pages\/3055\/revisions"}],"predecessor-version":[{"id":3056,"href":"https:\/\/quicknienumber.com\/fr\/wp-json\/wp\/v2\/pages\/3055\/revisions\/3056"}],"wp:attachment":[{"href":"https:\/\/quicknienumber.com\/fr\/wp-json\/wp\/v2\/media?parent=3055"}],"curies":[{"name":"wp","href":"https:\/\/api.w.org\/{rel}","templated":true}]}}