{"id":2969,"date":"2025-04-30T17:14:38","date_gmt":"2025-04-30T17:14:38","guid":{"rendered":"https:\/\/quicknienumber.com\/politique-de-confidentialite\/"},"modified":"2026-05-06T08:30:56","modified_gmt":"2026-05-06T08:30:56","slug":"politique-de-confidentialite","status":"publish","type":"page","link":"https:\/\/quicknienumber.com\/fr\/politique-de-confidentialite\/","title":{"rendered":"Politique de confidentialit\u00e9"},"content":{"rendered":"\t\t<div data-elementor-type=\"wp-page\" data-elementor-id=\"2969\" class=\"elementor elementor-2969 elementor-3\" data-elementor-post-type=\"page\">\n\t\t\t\t<main class=\"elementor-element elementor-element-8545d77 e-flex e-con-boxed e-con e-parent\" data-id=\"8545d77\" data-element_type=\"container\" data-e-type=\"container\">\n\t\t\t\t\t<div class=\"e-con-inner\">\n\t\t\t\t<div class=\"elementor-element elementor-element-2ec8dd1 elementor-widget elementor-widget-heading\" data-id=\"2ec8dd1\" data-element_type=\"widget\" data-e-type=\"widget\" data-widget_type=\"heading.default\">\n\t\t\t\t<div class=\"elementor-widget-container\">\n\t\t\t\t\t<h1 class=\"elementor-heading-title elementor-size-default\">Politique de confidentialit\u00e9<\/h1>\t\t\t\t<\/div>\n\t\t\t\t<\/div>\n\t\t\t\t<div class=\"elementor-element elementor-element-d46178f elementor-widget elementor-widget-shortcode\" data-id=\"d46178f\" data-element_type=\"widget\" data-e-type=\"widget\" data-widget_type=\"shortcode.default\">\n\t\t\t\t<div class=\"elementor-widget-container\">\n\t\t\t\t\t\t\t<div class=\"elementor-shortcode\"><nav aria-label=\"breadcrumbs\" class=\"rank-math-breadcrumb\"><p><span class=\"last\">Home<\/span><\/p><\/nav><\/div>\n\t\t\t\t\t\t<\/div>\n\t\t\t\t<\/div>\n\t\t\t\t<div class=\"elementor-element elementor-element-5715eb5 elementor-widget elementor-widget-text-editor\" data-id=\"5715eb5\" data-element_type=\"widget\" data-e-type=\"widget\" data-widget_type=\"text-editor.default\">\n\t\t\t\t<div class=\"elementor-widget-container\">\n\t\t\t\t\t\t\t\t\t<p><span style=\"font-weight: 400;\">Derni\u00e8re mise \u00e0 jour : 17 mars 2026<\/span><\/p><h3><strong>1. Informations sur l&rsquo;utilisateur<\/strong><\/h3><p><strong>Qui est le responsable du traitement de vos donn\u00e9es \u00e0 caract\u00e8re personnel ?<\/strong><br>En bref &#8211; Sam Kamiel de Jager est le RESPONSABLE DU TRAITEMENT des donn\u00e9es \u00e0 caract\u00e8re personnel de l&rsquo;UTILISATEUR et l&rsquo;informe que ces donn\u00e9es seront trait\u00e9es conform\u00e9ment aux dispositions du r\u00e8glement (UE) 2016\/679 du 27 avril (RGPD) et de la loi organique 3\/2018 du 5 d\u00e9cembre (LOPDGDD).<\/p><p><strong>Pourquoi traitons-nous vos donn\u00e9es \u00e0 caract\u00e8re personnel ?<\/strong><br>Chez Quick NIE Number, nous traitons les donn\u00e9es \u00e0 caract\u00e8re personnel de nos utilisateurs aux fins suivantes :<\/p><ol><li><strong>Gestion et traitement des services en ligne :<\/strong> Collecte des informations n\u00e9cessaires au traitement des demandes de NIE, d&rsquo;inscription au registre de la population (empadronamiento), de permis de s\u00e9jour ou d&rsquo;enregistrement en tant que travailleur ind\u00e9pendant en Espagne. Cela comprend la pr\u00e9paration des documents, la prise de rendez-vous aupr\u00e8s des autorit\u00e9s et un accompagnement personnalis\u00e9 tout au long de la proc\u00e9dure. <\/li><li><strong>Panier d&rsquo;achat et traitement des paiements : <\/strong> Pour g\u00e9rer les achats de services via le site web, traiter<br>en ligne les paiements, \u00e9mettre des factures, et envoyer des confirmations de commande.<\/li><li><strong>Informational and follow-up communications:<\/strong> To send updates via email or instant messaging (e.g.,<br>WhatsApp) about the status of requested services.<\/li><li><strong>Service client :<\/strong> Pour r\u00e9pondre aux demandes re\u00e7ues via le formulaire de contact ou d&rsquo;autres<br>canaux de communication, tels que les e-mails ou les r\u00e9seaux sociaux.<\/li><li><strong>Envoi de communications commerciales :<\/strong> Pour envoyer des e-mails promotionnels relatifs \u00e0 nos services, soit<br>sur la base d&rsquo;un consentement pr\u00e9alable ou d&rsquo;une relation client existante.<\/li><li><strong>\u00c9tudes de march\u00e9 et analyses statistiques :<\/strong> Pour r\u00e9aliser des analyses internes visant \u00e0 am\u00e9liorer les services propos\u00e9s<br>et mieux comprendre les besoins des utilisateurs.<\/li><li><strong>Envoi de la newsletter<\/strong> : Pour envoyer des newsletters contenant des actualit\u00e9s juridiques, des offres, et des promotions, \u00e0 condition que l&rsquo;<br>utilisateur ait donn\u00e9 son consentement explicite.<\/li><\/ol><p> <\/p><p><strong>Pourquoi pouvons-nous traiter vos donn\u00e9es \u00e0 caract\u00e8re personnel ?<\/strong><br>Parce que le traitement est l\u00e9gitim\u00e9 par l&rsquo;article 6 du RGBD comme suit : <br>Avec le consentement de l&rsquo;UTILISATEUR : l&rsquo;envoi de communications commerciales et de la newsletter. <br>Dans l&rsquo; int\u00e9r\u00eat l\u00e9gitime du responsable du traitement : mener des \u00e9tudes de march\u00e9, des analyses statistiques, etc. et traiter les commandes, les demandes, etc. \u00e0 la demande de l&rsquo; UTILISATEUR.<\/p><p><strong>Pendant combien de temps conservons-nous vos donn\u00e9es personnelles ?<\/strong><br>Les donn\u00e9es ne seront conserv\u00e9es que pendant la dur\u00e9e n\u00e9cessaire \u00e0 la r\u00e9alisation de la finalit\u00e9 du traitement ou tant que des dispositions l\u00e9gales imposent leur conservation ; d\u00e8s lors que cette finalit\u00e9 n&rsquo;est plus n\u00e9cessaire, les donn\u00e9es seront effac\u00e9es en prenant les mesures de s\u00e9curit\u00e9 appropri\u00e9es pour garantir leur anonymisation ou leur destruction compl\u00e8te.<\/p><p><strong>\u00c0 qui nous divulguons-nous vos donn\u00e9es personnelles ?<\/strong><br>Aucune communication de donn\u00e9es \u00e0 caract\u00e8re personnel \u00e0 des tiers n&rsquo;est pr\u00e9vue, sauf si cela s&rsquo;av\u00e8re n\u00e9cessaire pour la r\u00e9alisation et l&rsquo;ex\u00e9cution des finalit\u00e9s du traitement, \u00e0 nos prestataires de services li\u00e9s \u00e0 la communication, avec lesquels le RESPONSABLE DU TRAITEMENT a sign\u00e9 les contrats de confidentialit\u00e9 et de sous-traitance requis par la r\u00e9glementation en vigueur en mati\u00e8re de protection des donn\u00e9es.<\/p><p><strong>Quels sont vos droits ?<\/strong><br>Les droits de l&rsquo; UTILISATEUR sont les suivants :<\/p><ul><li>Droit de retirer son consentement \u00e0 tout moment.<\/li><li>Droit d&rsquo;acc\u00e8s, de rectification, de portabilit\u00e9 et d&rsquo;effacement de vos donn\u00e9es, ainsi que le droit de limiter leur traitement ou de s&rsquo;y opposer.<\/li><li>Le droit de d\u00e9poser une r\u00e9clamation aupr\u00e8s de l&rsquo;Autorit\u00e9 de contr\u00f4le espagnole (www.aepd.es) si vous estimez que le traitement des donn\u00e9es n&rsquo;est pas conforme \u00e0 la l\u00e9gislation en vigueur.<\/li><\/ul><p> <\/p><p><strong>Coordonn\u00e9es pour l&rsquo;exercice de vos droits :<\/strong><br>Num\u00e9ro NIE rapide &#8211; Sam Kamiel de Jager. Carrer Costa i Borras 10, &#8211; 46017 Valence (Val\u00e8ncia). E-mail :<br>info@quicknienumber.com  <\/p><h3><strong>2. Caract\u00e8re obligatoire ou facultatif de l&rsquo;information fournie par l&rsquo;utilisateur.<\/strong><\/h3><p>En cochant les cases correspondantes et en saisissant des donn\u00e9es dans les champs marqu\u00e9s d&rsquo;un ast\u00e9risque (*) dans le formulaire de contact ou les formulaires de t\u00e9l\u00e9chargement, les UTILISATEURS acceptent express\u00e9ment, librement et sans \u00e9quivoque que leurs donn\u00e9es soient n\u00e9cessaires au prestataire pour r\u00e9pondre \u00e0 leur demande, et fournissent volontairement leurs donn\u00e9es dans les autres champs. L&rsquo;UTILISATEUR garantit que les donn\u00e9es \u00e0 caract\u00e8re personnel fournies au RESPONSABLE DU TRAITEMENT sont v\u00e9ridiques et s&rsquo;engage \u00e0 communiquer toute modification les concernant. Le RESPONSABLE du traitement informe que toutes les donn\u00e9es demand\u00e9es via le site web sont obligatoires, car elles sont n\u00e9cessaires \u00e0 la prestation d&rsquo;un service optimal \u00e0 l&rsquo;UTILISATEUR. Si toutes les donn\u00e9es ne sont pas fournies, il n&rsquo;y a aucune garantie que les informations et les services fournis seront enti\u00e8rement adapt\u00e9s aux besoins de l&rsquo;UTILISATEUR.   <\/p><h3><strong>3. S\u00e9curit\u00e9 Mesures<\/strong><\/h3><p>Conform\u00e9ment aux dispositions de la r\u00e9glementation en vigueur en mati\u00e8re de protection des donn\u00e9es \u00e0 caract\u00e8re personnel, le RESPONSABLE du traitement respecte toutes les dispositions du RGPD et de la LOPDGDD relatives au traitement des donn\u00e9es \u00e0 caract\u00e8re personnel dont il est responsable, et se conforme manifestement aux principes d\u00e9crits \u00e0 l&rsquo;article 5 du RGPD, selon lesquels les donn\u00e9es sont trait\u00e9es de mani\u00e8re licite, loyale et transparente \u00e0 l&rsquo;\u00e9gard de la personne concern\u00e9e, et de mani\u00e8re ad\u00e9quate, pertinente et limit\u00e9e \u00e0 ce qui est n\u00e9cessaire au regard des finalit\u00e9s pour lesquelles elles sont trait\u00e9es. Le RESPONSABLE DU TRAITEMENT garantit que toutes les mesures techniques et organisationnelles appropri\u00e9es ont \u00e9t\u00e9 mises en \u0153uvre pour appliquer les mesures de s\u00e9curit\u00e9 \u00e9tablies par le RGPD et la LOPDGDD afin de prot\u00e9ger les droits et libert\u00e9s des UTILISATEURS et a communiqu\u00e9 les informations appropri\u00e9es pour leur permettre de les exercer. Pour plus d&rsquo;informations sur les garanties de confidentialit\u00e9, vous pouvez contacter le RESPONSABLE DU TRAITEMENT par l&rsquo;interm\u00e9diaire de Sam Kamiel de Jager. E-mail : info@quicknienumber.com.   <\/p>\t\t\t\t\t\t\t\t<\/div>\n\t\t\t\t<\/div>\n\t\t\t\t\t<\/div>\n\t\t\t\t<\/main>\n\t\t\t\t<\/div>\n\t\t","protected":false},"excerpt":{"rendered":"<p>Derni\u00e8re mise \u00e0 jour : 17 mars 2026 1. Informations sur l&rsquo;utilisateur Qui est le responsable du traitement de vos donn\u00e9es \u00e0 caract\u00e8re personnel ?En bref &#8211; Sam Kamiel de Jager est le RESPONSABLE DU TRAITEMENT des donn\u00e9es \u00e0 caract\u00e8re personnel de l&rsquo;UTILISATEUR et l&rsquo;informe que ces donn\u00e9es seront trait\u00e9es conform\u00e9ment aux dispositions du r\u00e8glement [&hellip;]<\/p>\n","protected":false},"author":1,"featured_media":0,"parent":0,"menu_order":0,"comment_status":"closed","ping_status":"open","template":"","meta":{"_acf_changed":false,"_angie_page":false,"footnotes":""},"class_list":["post-2969","page","type-page","status-publish","hentry"],"acf":[],"_links":{"self":[{"href":"https:\/\/quicknienumber.com\/fr\/wp-json\/wp\/v2\/pages\/2969","targetHints":{"allow":["GET"]}}],"collection":[{"href":"https:\/\/quicknienumber.com\/fr\/wp-json\/wp\/v2\/pages"}],"about":[{"href":"https:\/\/quicknienumber.com\/fr\/wp-json\/wp\/v2\/types\/page"}],"author":[{"embeddable":true,"href":"https:\/\/quicknienumber.com\/fr\/wp-json\/wp\/v2\/users\/1"}],"replies":[{"embeddable":true,"href":"https:\/\/quicknienumber.com\/fr\/wp-json\/wp\/v2\/comments?post=2969"}],"version-history":[{"count":3,"href":"https:\/\/quicknienumber.com\/fr\/wp-json\/wp\/v2\/pages\/2969\/revisions"}],"predecessor-version":[{"id":4264,"href":"https:\/\/quicknienumber.com\/fr\/wp-json\/wp\/v2\/pages\/2969\/revisions\/4264"}],"wp:attachment":[{"href":"https:\/\/quicknienumber.com\/fr\/wp-json\/wp\/v2\/media?parent=2969"}],"curies":[{"name":"wp","href":"https:\/\/api.w.org\/{rel}","templated":true}]}}