{"id":2959,"date":"2025-05-16T09:55:03","date_gmt":"2025-05-16T09:55:03","guid":{"rendered":"https:\/\/quicknienumber.com\/declaration-daccessibilite\/"},"modified":"2025-12-22T11:23:55","modified_gmt":"2025-12-22T11:23:55","slug":"declaration-daccessibilite","status":"publish","type":"page","link":"https:\/\/quicknienumber.com\/fr\/declaration-daccessibilite\/","title":{"rendered":"D\u00e9claration d&rsquo;accessibilit\u00e9"},"content":{"rendered":"\t\t<div data-elementor-type=\"wp-page\" data-elementor-id=\"2959\" class=\"elementor elementor-2959 elementor-336\" data-elementor-post-type=\"page\">\n\t\t\t\t<div class=\"elementor-element elementor-element-b27ea22 e-flex e-con-boxed e-con e-parent\" data-id=\"b27ea22\" data-element_type=\"container\" data-e-type=\"container\">\n\t\t\t\t\t<div class=\"e-con-inner\">\n\t\t\t\t<div class=\"elementor-element elementor-element-4418063 elementor-widget elementor-widget-heading\" data-id=\"4418063\" data-element_type=\"widget\" data-e-type=\"widget\" data-widget_type=\"heading.default\">\n\t\t\t\t<div class=\"elementor-widget-container\">\n\t\t\t\t\t<h1 class=\"elementor-heading-title elementor-size-default\">D\u00e9claration d&rsquo;accessibilit\u00e9<\/h1>\t\t\t\t<\/div>\n\t\t\t\t<\/div>\n\t\t\t\t<div class=\"elementor-element elementor-element-c61c8bf elementor-widget elementor-widget-shortcode\" data-id=\"c61c8bf\" data-element_type=\"widget\" data-e-type=\"widget\" data-widget_type=\"shortcode.default\">\n\t\t\t\t<div class=\"elementor-widget-container\">\n\t\t\t\t\t\t\t<div class=\"elementor-shortcode\"><nav aria-label=\"breadcrumbs\" class=\"rank-math-breadcrumb\"><p><span class=\"last\">Home<\/span><\/p><\/nav><\/div>\n\t\t\t\t\t\t<\/div>\n\t\t\t\t<\/div>\n\t\t\t\t<div class=\"elementor-element elementor-element-7e1bf59 elementor-widget elementor-widget-text-editor\" data-id=\"7e1bf59\" data-element_type=\"widget\" data-e-type=\"widget\" data-widget_type=\"text-editor.default\">\n\t\t\t\t<div class=\"elementor-widget-container\">\n\t\t\t\t\t\t\t\t\t<p>Politique d&rsquo;accessibilit\u00e9 du site web : www.quicknienumber.com<\/p><p>Date d&rsquo;entr\u00e9e en vigueur : 9 juin 2025<\/p><p><strong>1. Introduction :<\/strong><\/p><p>Quicknienumber s\u2019engage \u00e0 offrir une exp\u00e9rience num\u00e9rique accessible \u00e0 tous les utilisateurs, quelles que soient leurs capacit\u00e9s physiques, cognitives ou sensorielles. Cette politique d\u00e9finit nos lignes directrices et nos objectifs pour garantir que notre site web respecte les normes internationalement reconnues, notamment les R\u00e8gles pour l\u2019accessibilit\u00e9 des contenus Web (WCAG) 2.1. <\/p><p><strong>2. Engagement en faveur de l&rsquo;accessibilit\u00e9 :<\/strong><\/p><p>Nous nous engageons \u00e0 rendre notre site web accessible \u00e0 tous et nous prenons constamment des mesures pour am\u00e9liorer son accessibilit\u00e9. Notre \u00e9quipe de d\u00e9veloppement et de conception s&rsquo;efforce de suivre les meilleures pratiques d&rsquo;accessibilit\u00e9 \u00e0 toutes les \u00e9tapes du d\u00e9veloppement et de la refonte du site web. <\/p><p><strong>3. Normes d&rsquo;accessibilit\u00e9 :<\/strong><\/p><p>Notre site web est con\u00e7u et maintenu conform\u00e9ment aux normes d&rsquo;accessibilit\u00e9 suivantes :<\/p><ul class=\"wp-block-list\"><li>Conforme aux directives d&rsquo;accessibilit\u00e9 du contenu Web (WCAG) 2.1, niveau AA.<\/li><li>Mise en \u0153uvre de la s\u00e9mantique HTML pour am\u00e9liorer la compr\u00e9hension du contenu et la navigation.<\/li><li>Utilisation d&rsquo;Applications Internet Riches Accessibles (ARIA) pour am\u00e9liorer l&rsquo;accessibilit\u00e9 des applications Web dynamiques.<\/li><\/ul><p><strong>4. Tests et \u00e9valuations continus :<\/strong><\/p><p>Nous effectuerons r\u00e9guli\u00e8rement des tests d&rsquo;accessibilit\u00e9 lors du d\u00e9veloppement et des mises \u00e0 jour du site web. De plus, des \u00e9valuations r\u00e9guli\u00e8res sont men\u00e9es afin de garantir la conformit\u00e9 aux normes d&rsquo;accessibilit\u00e9. <\/p><p><strong>5. Faciliter la navigation :<\/strong><\/p><p>Nous garantissons une structure de navigation claire et coh\u00e9rente.<\/p><p>Les liens et les boutons doivent \u00eatre accompagn\u00e9s de descriptions pertinentes afin de rendre leur fonction plus compr\u00e9hensible.<\/p><p><strong>6. Contenu multim\u00e9dia :<\/strong><\/p><p>Des alternatives textuelles sont propos\u00e9es pour les contenus multim\u00e9dias tels que les images et les vid\u00e9os.<\/p><p>Des sous-titres et des transcriptions sont utilis\u00e9s pour les \u00e9l\u00e9ments audio et vid\u00e9o.<\/p><p><strong>7. Contraste et lisibilit\u00e9 :<\/strong><\/p><p>Un contraste suffisant doit \u00eatre pr\u00e9vu entre le texte et le fond pour am\u00e9liorer la lisibilit\u00e9.<\/p><p>Les utilisateurs peuvent ajuster la taille du texte selon leurs pr\u00e9f\u00e9rences.<\/p><p><strong>8. Formes et \u00e9l\u00e9ments interactifs :<\/strong><\/p><p>Les formulaires sont con\u00e7us avec des \u00e9tiquettes claires et des champs de saisie descriptifs.<\/p><p>Des messages d&rsquo;erreur clairs et des solutions sont fournis pour faciliter la correction des erreurs dans les formulaires.<\/p><p><strong>9. Compatibilit\u00e9 avec les navigateurs et les appareils :<\/strong><\/p><p>Nous nous effor\u00e7ons d&rsquo;assurer la compatibilit\u00e9 avec un large \u00e9ventail de navigateurs et d&rsquo;appareils, y compris les technologies d&rsquo;assistance.<\/p><p><strong>10. Commentaires et am\u00e9liorations :<\/strong><\/p><p>Nous encourageons les utilisateurs \u00e0 nous faire part de leurs commentaires concernant l&rsquo;accessibilit\u00e9 de notre site web. Nous prendrons en compte ces commentaires et mettrons en \u0153uvre les mesures n\u00e9cessaires pour r\u00e9soudre tout probl\u00e8me. <\/p><p><strong>11. Contact :<\/strong><\/p><p>Pour toute question, remarque ou probl\u00e8me concernant l&rsquo;accessibilit\u00e9 de notre site web, veuillez contacter notre \u00e9quipe d&rsquo;assistance \u00e0 l&rsquo;adresse info@quicknienumber.com.<\/p><p><strong>R\u00e9vision et mise \u00e0 jour de la politique :<\/strong><\/p><p>Cette politique sera r\u00e9vis\u00e9e r\u00e9guli\u00e8rement afin de garantir sa pertinence et son efficacit\u00e9. Des mises \u00e0 jour seront apport\u00e9es au besoin pour tenir compte des \u00e9volutions technologiques, l\u00e9gislatives et des meilleures pratiques en mati\u00e8re d\u2019accessibilit\u00e9. <\/p><p>Nous vous remercions de votre coop\u00e9ration pour nous aider \u00e0 am\u00e9liorer l&rsquo;accessibilit\u00e9 de notre site web et \u00e0 offrir une exp\u00e9rience en ligne inclusive \u00e0 tous les utilisateurs.<\/p>\t\t\t\t\t\t\t\t<\/div>\n\t\t\t\t<\/div>\n\t\t\t\t\t<\/div>\n\t\t\t\t<\/div>\n\t\t\t\t<\/div>\n\t\t","protected":false},"excerpt":{"rendered":"<p>Politique d&rsquo;accessibilit\u00e9 du site web : www.quicknienumber.com Date d&rsquo;entr\u00e9e en vigueur : 9 juin 2025 1. Introduction : Quicknienumber s\u2019engage \u00e0 offrir une exp\u00e9rience num\u00e9rique accessible \u00e0 tous les utilisateurs, quelles que soient leurs capacit\u00e9s physiques, cognitives ou sensorielles. Cette politique d\u00e9finit nos lignes directrices et nos objectifs pour garantir que notre site web respecte [&hellip;]<\/p>\n","protected":false},"author":1,"featured_media":0,"parent":0,"menu_order":0,"comment_status":"closed","ping_status":"closed","template":"","meta":{"_acf_changed":false,"_angie_page":false,"footnotes":""},"class_list":["post-2959","page","type-page","status-publish","hentry"],"acf":[],"_links":{"self":[{"href":"https:\/\/quicknienumber.com\/fr\/wp-json\/wp\/v2\/pages\/2959","targetHints":{"allow":["GET"]}}],"collection":[{"href":"https:\/\/quicknienumber.com\/fr\/wp-json\/wp\/v2\/pages"}],"about":[{"href":"https:\/\/quicknienumber.com\/fr\/wp-json\/wp\/v2\/types\/page"}],"author":[{"embeddable":true,"href":"https:\/\/quicknienumber.com\/fr\/wp-json\/wp\/v2\/users\/1"}],"replies":[{"embeddable":true,"href":"https:\/\/quicknienumber.com\/fr\/wp-json\/wp\/v2\/comments?post=2959"}],"version-history":[{"count":1,"href":"https:\/\/quicknienumber.com\/fr\/wp-json\/wp\/v2\/pages\/2959\/revisions"}],"predecessor-version":[{"id":2960,"href":"https:\/\/quicknienumber.com\/fr\/wp-json\/wp\/v2\/pages\/2959\/revisions\/2960"}],"wp:attachment":[{"href":"https:\/\/quicknienumber.com\/fr\/wp-json\/wp\/v2\/media?parent=2959"}],"curies":[{"name":"wp","href":"https:\/\/api.w.org\/{rel}","templated":true}]}}