{"id":4262,"date":"2025-04-30T17:14:38","date_gmt":"2025-04-30T17:14:38","guid":{"rendered":"https:\/\/quicknienumber.com\/privacy-policy\/"},"modified":"2026-05-06T08:02:46","modified_gmt":"2026-05-06T08:02:46","slug":"privacy-policy","status":"publish","type":"page","link":"https:\/\/quicknienumber.com\/es\/privacy-policy\/","title":{"rendered":"Privacy Policy"},"content":{"rendered":"\t\t<div data-elementor-type=\"wp-page\" data-elementor-id=\"4262\" class=\"elementor elementor-4262 elementor-3\" data-elementor-post-type=\"page\">\n\t\t\t\t<main class=\"elementor-element elementor-element-8545d77 e-flex e-con-boxed e-con e-parent\" data-id=\"8545d77\" data-element_type=\"container\" data-e-type=\"container\">\n\t\t\t\t\t<div class=\"e-con-inner\">\n\t\t\t\t<div class=\"elementor-element elementor-element-2ec8dd1 elementor-widget elementor-widget-heading\" data-id=\"2ec8dd1\" data-element_type=\"widget\" data-e-type=\"widget\" data-widget_type=\"heading.default\">\n\t\t\t\t<div class=\"elementor-widget-container\">\n\t\t\t\t\t<h1 class=\"elementor-heading-title elementor-size-default\">Privacy Policy<\/h1>\t\t\t\t<\/div>\n\t\t\t\t<\/div>\n\t\t\t\t<div class=\"elementor-element elementor-element-d46178f elementor-widget elementor-widget-shortcode\" data-id=\"d46178f\" data-element_type=\"widget\" data-e-type=\"widget\" data-widget_type=\"shortcode.default\">\n\t\t\t\t<div class=\"elementor-widget-container\">\n\t\t\t\t\t\t\t<div class=\"elementor-shortcode\"><nav aria-label=\"breadcrumbs\" class=\"rank-math-breadcrumb\"><p><span class=\"last\">Home<\/span><\/p><\/nav><\/div>\n\t\t\t\t\t\t<\/div>\n\t\t\t\t<\/div>\n\t\t\t\t<div class=\"elementor-element elementor-element-5715eb5 elementor-widget elementor-widget-text-editor\" data-id=\"5715eb5\" data-element_type=\"widget\" data-e-type=\"widget\" data-widget_type=\"text-editor.default\">\n\t\t\t\t<div class=\"elementor-widget-container\">\n\t\t\t\t\t\t\t\t\t<p><span style=\"font-weight: 400;\">\u00daltima actualizaci\u00f3n: 17 de marzo de 2026<\/span><\/p><h3><strong>1. Informaci\u00f3n del usuario<\/strong><\/h3><p><strong>\u00bfQui\u00e9n es el responsable del tratamiento de sus datos personales?<\/strong><br>Resumen del NIE: Sam Kamiel de Jager es el RESPONSABLE del tratamiento de los datos personales del USUARIO y le informa de que dichos datos ser\u00e1n tratados de conformidad con lo dispuesto en el Reglamento (UE) 2016\/679, de 27 de abril (RGPD), y en la Ley Org\u00e1nica 3\/2018, de 5 de diciembre (LOPDGDD).<\/p><p><strong>\u00bfPor qu\u00e9 tratamos sus datos personales?<\/strong><br>En Quick NIE Number, tratamos los datos personales de los usuarios con los siguientes fines:<\/p><ol><li><strong>Gesti\u00f3n y tramitaci\u00f3n de servicios en l\u00ednea:<\/strong> Recopilar la informaci\u00f3n necesaria para tramitar<br>solicitudes de NIE, empadronamiento, permiso de residencia o<br>alta como trabajador aut\u00f3nomo en Espa\u00f1a. Esto incluye la preparaci\u00f3n de la documentaci\u00f3n, la coordinaci\u00f3n de citas con las autoridades y<br>el apoyo personalizado durante todo el proceso. <\/li><li><strong>Carrito de la compra y gesti\u00f3n del pago: <\/strong> Para gestionar el servicio de compras a trav\u00e9s de la p\u00e1gina web, procesar<br>en l\u00ednea los pagos, emitir facturas, y enviar confirmaciones de pedido.<\/li><li><strong>Comunicaciones informativas y de seguimiento: <\/strong> Para enviar actualizaciones por correo electr\u00f3nico o mensajer\u00eda instant\u00e1nea (p. ej.,<br>WhatsApp) sobre el estado de los servicios solicitados.<\/li><li><strong>Atenci\u00f3n al cliente:<\/strong> Para responder a las consultas recibidas a trav\u00e9s de el formulario de o otros canales de <br>comunicaci\u00f3n, tales como el correo electr\u00f3nico o las redes sociales.<\/li><li><strong>Env\u00edo de comunicaciones comerciales:<\/strong> Para enviar correos electr\u00f3nicos promocionales relacionados con nuestros servicios, ya sea<br>basados en un consentimiento previo o una relaci\u00f3n con el cliente ya existente.<\/li><li><strong>Estudio de mercado y an\u00e1lisis estad\u00edstico: <\/strong> Para realizar un an\u00e1lisis interno con el fin de mejorar los servicios ofrecidos<br>y comprender mejor las necesidades de los usuarios.<\/li><li><strong>Bolet\u00edn informativo distribuci\u00f3n<\/strong>: Para enviar boletines informativos con novedades legales, ofertas, y promociones, siempre que el<br>usuario haya dado su consentimiento expl\u00edcito.<\/li><\/ol><p> <\/p><p><strong>\u00bfPor qu\u00e9 podemos nosotros tratar tus datos personales? <\/strong><br>Porque el tratamiento est\u00e1 legitimado por art\u00edculo 6 del RGPD de la siguiente manera:<br>Con el consentimiento del USUARIO: el env\u00edo de comunicaciones comerciales y del bolet\u00edn informativo. <br>En el inter\u00e9s leg\u00edtimo del responsable del tratamiento: realizar estudios de mercado, an\u00e1lisis estad\u00edsticos, etc. y tratar pedidos, solicitudes, etc. a petici\u00f3n del USUARIO.<\/p><p><strong>\u00bfDurante cu\u00e1nto tiempo conservaremos tus datos personales?<\/strong><br>Los datos se conservar\u00e1n \u00fanicamente durante el tiempo necesario para cumplir con la finalidad del tratamiento o mientras existan disposiciones legales que exijan su conservaci\u00f3n; cuando dicha finalidad ya no sea necesaria, los datos se suprimir\u00e1n aplicando las medidas de seguridad adecuadas para garantizar su anonimizaci\u00f3n o su destrucci\u00f3n total.<\/p><p><strong>\u00bfA qui\u00e9n le facilitamos tus datos personales?<\/strong><br>No se prev\u00e9 la comunicaci\u00f3n de datos personales a terceros excepto en el caso de que, si fuera necesario para el desarrollo y la ejecuci\u00f3n de los fines del el tratamiento, a nuestros proveedores de servicios relacionados con las comunicaciones, con los que el RESPONSABLE DEL TRATAMIENTO ha firmado los acuerdos de confidencialidad yencargado del tratamiento de datos contratos exigidos por la normativa vigente en materia de privacidad.<\/p><p><strong>\u00bfCu\u00e1les son tus derechos?<\/strong><br>Los derechos del usuario son:<\/p><ul><li>Derecho a retirar el consentimiento en cualquier momento.<\/li><li>Derecho de acceso, rectificaci\u00f3n, portabilidad y supresi\u00f3n de sus datos, as\u00ed como a la limitaci\u00f3n o oposici\u00f3n a su<br>tratamiento.<\/li><li>El derecho a presentar una reclamaci\u00f3n ante la Autoridad de Supervisi\u00f3n de Espa\u00f1a (www.aepd.es) si usted considera que el tratamiento no no cumple con la vigente legislaci\u00f3n.<\/li><\/ul><p> <\/p><p><strong>Informaci\u00f3n de contacto para el ejercicio de los derechos:<\/strong><br>N\u00famero r\u00e1pido de NIE N\u00famero &#8211; Sam Kamiel de Jager. Carrer Costa i Borras, 10, 46017 Valencia (Val\u00e8ncia). Correo electr\u00f3nico:<br>info@quicknienumber.com  <\/p><h3><strong>2. Car\u00e1cter obligatorio o opcional de la informaci\u00f3n facilitada por el usuario.<\/strong><\/h3><p>Los USUARIOS, al marcar las casillas correspondientes e introducir datos en los campos se\u00f1alados con un asterisco (*) en el formulario de contacto o en los formularios de descarga, aceptan de forma expresa, libre e inequ\u00edvoca que sus datos son necesarios para que el proveedor pueda atender su solicitud, facilitando voluntariamente sus datos en los campos restantes. El USUARIO garantiza que los datos personales facilitados al RESPONSABLE son veraces y se responsabiliza de comunicar cualquier modificaci\u00f3n de los mismos. El RESPONSABLE informa de que todos los datos solicitados a trav\u00e9s del sitio web son obligatorios, ya que son necesarios para la prestaci\u00f3n de un servicio \u00f3ptimo al USUARIO. En caso de que no se faciliten todos los datos, no se garantiza que la informaci\u00f3n y los servicios prestados se adapten completamente a las necesidades del USUARIO.   <\/p><h3><strong>3. Seguridad Medidas<\/strong><\/h3><p>Que, de conformidad con lo dispuesto en la normativa vigente en materia de protecci\u00f3n de datos personales, el RESPONSABLE cumple con todas las disposiciones del RGPD y la LOPDGDD en el tratamiento de los datos personales de los que es responsable, y cumple manifiestamente con los principios descritos en el art\u00edculo 5 del RGPD, por lo que los datos se tratan de forma l\u00edcita, leal y transparente en relaci\u00f3n con el interesado, y son adecuados, pertinentes y limitados a lo necesario en relaci\u00f3n con los fines para los que se tratan. El RESPONSABLE garantiza que se han implementado todas las pol\u00edticas t\u00e9cnicas y organizativas adecuadas para aplicar las medidas de seguridad establecidas por el RGPD y la LOPDGDD con el fin de proteger los derechos y libertades de los USUARIOS, y ha comunicado la informaci\u00f3n adecuada para que estos puedan ejercerlos. Para obtener m\u00e1s informaci\u00f3n sobre las garant\u00edas de privacidad, puede ponerse en contacto con el RESPONSABLE a trav\u00e9s de Sam Kamiel de Jager. Correo electr\u00f3nico: info@quicknienumber.com.   <\/p>\t\t\t\t\t\t\t\t<\/div>\n\t\t\t\t<\/div>\n\t\t\t\t\t<\/div>\n\t\t\t\t<\/main>\n\t\t\t\t<\/div>\n\t\t","protected":false},"excerpt":{"rendered":"<p>\u00daltima actualizaci\u00f3n: 17 de marzo de 2026 1. Informaci\u00f3n del usuario \u00bfQui\u00e9n es el responsable del tratamiento de sus datos personales?Resumen del NIE: Sam Kamiel de Jager es el RESPONSABLE del tratamiento de los datos personales del USUARIO y le informa de que dichos datos ser\u00e1n tratados de conformidad con lo dispuesto en el Reglamento [&hellip;]<\/p>\n","protected":false},"author":1,"featured_media":0,"parent":0,"menu_order":0,"comment_status":"closed","ping_status":"open","template":"","meta":{"_acf_changed":false,"_angie_page":false,"footnotes":""},"class_list":["post-4262","page","type-page","status-publish","hentry"],"acf":[],"_links":{"self":[{"href":"https:\/\/quicknienumber.com\/es\/wp-json\/wp\/v2\/pages\/4262","targetHints":{"allow":["GET"]}}],"collection":[{"href":"https:\/\/quicknienumber.com\/es\/wp-json\/wp\/v2\/pages"}],"about":[{"href":"https:\/\/quicknienumber.com\/es\/wp-json\/wp\/v2\/types\/page"}],"author":[{"embeddable":true,"href":"https:\/\/quicknienumber.com\/es\/wp-json\/wp\/v2\/users\/1"}],"replies":[{"embeddable":true,"href":"https:\/\/quicknienumber.com\/es\/wp-json\/wp\/v2\/comments?post=4262"}],"version-history":[{"count":1,"href":"https:\/\/quicknienumber.com\/es\/wp-json\/wp\/v2\/pages\/4262\/revisions"}],"predecessor-version":[{"id":4263,"href":"https:\/\/quicknienumber.com\/es\/wp-json\/wp\/v2\/pages\/4262\/revisions\/4263"}],"wp:attachment":[{"href":"https:\/\/quicknienumber.com\/es\/wp-json\/wp\/v2\/media?parent=4262"}],"curies":[{"name":"wp","href":"https:\/\/api.w.org\/{rel}","templated":true}]}}