{"id":4165,"date":"2025-05-16T09:54:48","date_gmt":"2025-05-16T09:54:48","guid":{"rendered":"https:\/\/quicknienumber.com\/condiciones-generales\/"},"modified":"2026-03-16T11:38:48","modified_gmt":"2026-03-16T11:38:48","slug":"condiciones-generales","status":"publish","type":"page","link":"https:\/\/quicknienumber.com\/es\/condiciones-generales\/","title":{"rendered":"Condiciones generales"},"content":{"rendered":"\t\t<div data-elementor-type=\"wp-page\" data-elementor-id=\"4165\" class=\"elementor elementor-4165 elementor-332\" data-elementor-post-type=\"page\">\n\t\t\t\t<div class=\"elementor-element elementor-element-a744451 e-flex e-con-boxed e-con e-parent\" data-id=\"a744451\" data-element_type=\"container\" data-e-type=\"container\">\n\t\t\t\t\t<div class=\"e-con-inner\">\n\t\t\t\t<div class=\"elementor-element elementor-element-4858999 elementor-widget elementor-widget-heading\" data-id=\"4858999\" data-element_type=\"widget\" data-e-type=\"widget\" data-widget_type=\"heading.default\">\n\t\t\t\t<div class=\"elementor-widget-container\">\n\t\t\t\t\t<h1 class=\"elementor-heading-title elementor-size-default\">Condiciones generales<\/h1>\t\t\t\t<\/div>\n\t\t\t\t<\/div>\n\t\t\t\t<div class=\"elementor-element elementor-element-6b54b90 elementor-widget elementor-widget-shortcode\" data-id=\"6b54b90\" data-element_type=\"widget\" data-e-type=\"widget\" data-widget_type=\"shortcode.default\">\n\t\t\t\t<div class=\"elementor-widget-container\">\n\t\t\t\t\t\t\t<div class=\"elementor-shortcode\"><nav aria-label=\"breadcrumbs\" class=\"rank-math-breadcrumb\"><p><span class=\"last\">Home<\/span><\/p><\/nav><\/div>\n\t\t\t\t\t\t<\/div>\n\t\t\t\t<\/div>\n\t\t\t\t<div class=\"elementor-element elementor-element-8bfda15 elementor-widget elementor-widget-text-editor\" data-id=\"8bfda15\" data-element_type=\"widget\" data-e-type=\"widget\" data-widget_type=\"text-editor.default\">\n\t\t\t\t<div class=\"elementor-widget-container\">\n\t\t\t\t\t\t\t\t\t<p><span style=\"font-weight: 400;\">\u00daltima actualizaci\u00f3n: 26 de septiembre de 2025<\/span><\/p><p><span style=\"font-weight: 400;\">Bienvenido a Quicknienumber. Las presentes Condiciones Generales (\u00abCondiciones\u00bb) establecen las normas y condiciones aplicables al uso de nuestros servicios y del sitio web www.quicknienumber.com (el \u00abSitio web\u00bb). Al utilizar nuestros servicios, usted acepta estas Condiciones. L\u00e9alas atentamente antes de utilizar nuestros servicios.   <\/span><\/p><h2><b>1. Definiciones<\/b><\/h2><ul><li> <span style=\"font-weight: 400;\"> N\u00famero de Quickni: el proveedor del servicio, propiedad de Sam Kamiel de Jager, NIE Z2280206Z, con sede en Carrer Costa i Borr\u00e1s 10, 46017 Valencia, Espa\u00f1a. <\/span><span style=\"font-weight: 400;\"><br><\/span><span style=\"font-weight: 400;\">\u2022 Cliente: la persona f\u00edsica o jur\u00eddica que utilice los servicios de Quicknienumber. <\/span><span style=\"font-weight: 400;\"><br><\/span><span style=\"font-weight: 400;\">\u2022 Servicios: los servicios de intermediaci\u00f3n y documentaci\u00f3n ofrecidos por Quicknienumber, incluidos pero sin limitarse a la solicitud del NIE, NIF, y TIE n\u00fameros y otros tr\u00e1mites administrativos en Espa\u00f1a. <\/span><span style=\"font-weight: 400;\"><br><\/span><span style=\"font-weight: 400;\">\u2022 Acuerdo: el vinculante contrato entre Quicknienumber y el Cliente una vez que a70&gt; Cliente env\u00ede una solicitud y Quicknienumber la confirme. <\/span><\/li><\/ul><h2><b>2. Servicios<\/b><\/h2><p><span style=\"font-weight: 400;\">Quicknienumber ofrece asistencia en los tr\u00e1mites administrativos en Espa\u00f1a. Los servicios incluyen: <\/span><span style=\"font-weight: 400;\"><br><\/span><span style=\"font-weight: 400;\">&#8211; Recopilaci\u00f3n y preparaci\u00f3n de la documentaci\u00f3n,<\/span><span style=\"font-weight: 400;\"><br><\/span><span style=\"font-weight: 400;\">&#8211; Coordinating appointments with Spanish authorities or notaries,<\/span><span style=\"font-weight: 400;\"><br><\/span><span style=\"font-weight: 400;\">&#8211; Presentaci\u00f3n de solicitudes.<\/span><span style=\"font-weight: 400;\"><br><\/span><span style=\"font-weight: 400;\"><br><\/span>Quicknienumber act\u00faa como intermediario y proveedor de servicios administrativos privados, y no se hace responsable ni interviene en la decisi\u00f3n final ni en la expedici\u00f3n de documentos por parte de las autoridades espa\u00f1olas.<\/p><h5 data-start=\"425\" data-end=\"492\"><strong data-start=\"429\" data-end=\"492\">2A. Independiente Privado Servicio \u2013 Sin Gobierno Afiliaci\u00f3n <\/strong><\/h5><p data-start=\"494\" data-end=\"772\">Quicknienumber es un proveedor de servicios privado e independiente. No somos un organismo p\u00fablico, no formamos parte del Gobierno espa\u00f1ol y no estamos vinculados a la Polic\u00eda Nacional, al Ministerio del Interior, al Ministerio de Inclusi\u00f3n, a la Seguridad Social ni a ninguna otra autoridad espa\u00f1ola. <\/p><p data-start=\"774\" data-end=\"1032\">Quicknienumber <strong data-start=\"794\" data-end=\"801\">no<\/strong> expide, concede, aprueba ni facilita ning\u00fan documento oficial, incluidos, entre otros, n\u00fameros de NIE, tarjetas TIE, certificados de residencia o n\u00fameros de NIF.<br data-start=\"950\" data-end=\"953\">Todos estos documentos son expedidos exclusivamente por las autoridades espa\u00f1olas competentes.<\/p><p data-start=\"1034\" data-end=\"1133\">Nuestros servicios consisten exclusivamente en apoyo y asistencia administrativa, incluyendo, entre otros:<\/p><ul data-start=\"1134\" data-end=\"1346\"><li data-start=\"1134\" data-end=\"1176\"><p data-start=\"1136\" data-end=\"1176\">preparar y revisar la documentaci\u00f3n,<\/p><\/li><li data-start=\"1177\" data-end=\"1219\"><p data-start=\"1179\" data-end=\"1219\">proporcionando instrucciones y listas de verificaci\u00f3n,<\/p><\/li><li data-start=\"1220\" data-end=\"1265\"><p data-start=\"1222\" data-end=\"1265\">concertar citas con las autoridades,<\/p><\/li><li data-start=\"1266\" data-end=\"1306\"><p data-start=\"1268\" data-end=\"1306\">poder notarial de representaci\u00f3n, y<\/p><\/li><li data-start=\"1307\" data-end=\"1346\"><p data-start=\"1309\" data-end=\"1346\">coordinar el proceso de solicitud.<\/p><\/li><\/ul><p data-start=\"1348\" data-end=\"1528\">La decisi\u00f3n final relativa a la aprobaci\u00f3n, el rechazo, o la tramitaci\u00f3n de cualquier solicitud la toman siempre las autoridades espa\u00f1olas. Quicknienumber no tiene influencia sobre este resultado. <\/p><p data-start=\"1530\" data-end=\"1561\">El Cliente reconoce que:<\/p><ul data-start=\"1562\" data-end=\"1825\"><li data-start=\"1562\" data-end=\"1599\"><p data-start=\"1564\" data-end=\"1599\">El uso de Quicknienumber es opcional,<\/p><\/li><li data-start=\"1600\" data-end=\"1704\"><p data-start=\"1602\" data-end=\"1704\">siempre es posible presentar la solicitud directamente ante las autoridades espa\u00f1olas sin recurrir a nuestros servicios, y<\/p><\/li><li data-start=\"1705\" data-end=\"1825\"><p data-start=\"1707\" data-end=\"1825\">Las tarifas de Quicknienumber corresponden a servicios de apoyo administrativo y facilitaci\u00f3n, no para servicios p\u00fablicos ni tasas p\u00fablicas.<\/p><\/li><\/ul><h2><b>3. Solicitud Proceso<\/b><\/h2><p><span style=\"font-weight: 400;\">&#8211; El cliente debe rellenar de forma correcta y completa el formulario de solicitud en l\u00ednea y presentar los documentos requeridos dentro del plazo establecido.<\/span><span style=\"font-weight: 400;\"><br><\/span><span style=\"font-weight: 400;\">&#8211; La informaci\u00f3n incompleta o incorrecta puede dar lugar a retrasos o al rechazo de la solicitud, a8&gt; rechazo de la solicitud, por lo que Quicknienumber no puede ser considerado responsable.<\/span><\/p><h2><b>4. Precios y pagos<\/b><\/h2><p><span style=\"font-weight: 400;\">&#8211; Las tarifas de Quicknienumber se indican claramente en la p\u00e1gina web e incluyen el IVA, salvo que se indique lo contrario.<\/span><span style=\"font-weight: 400;\"><br><\/span><span style=\"font-weight: 400;\">&#8211; Gastos externos tales como los honorarios notariales, las tasas administrativas (p. ej., Modelo 790), y las apostillas no est\u00e1n incluidas y se cobrar\u00e1n por separado.<\/span><span style=\"font-weight: 400;\"><br><\/span><span style=\"font-weight: 400;\">&#8211; Todos los pagos deben efectuarse por adelantado. Quicknienumber se reserva el derecho de no tramitar las solicitudes hasta que se haya pago haya sido recibido. <\/span><\/p><h2><b>5. Cancelaci\u00f3n, Reembolsos y Derecho de desistimiento<\/b><\/h2><p><span style=\"font-weight: 400;\">&#8211; De conformidad con el art\u00edculo 103 de la Ley de Consumo espa\u00f1ola (LSSICE), el derecho de desistimiento no se aplica a los servicios que son elaborados y personalizados inmediatamente despu\u00e9s de realizar el pedido.<\/span><span style=\"font-weight: 400;\"><br><\/span><span style=\"font-weight: 400;\">&#8211; En concreto: una vez que el poder notarial de representaci\u00f3n haya sido enviado al Cliente, el pedido no podr\u00e1 ser cancelado y no existe derecho a reembolso.<\/span><span style=\"font-weight: 400;\"><br><\/span><span style=\"font-weight: 400;\">&#8211; En el caso de los dem\u00e1s paquetes, se aplica lo mismo: una vez enviada la confirmaci\u00f3n de la cita, el pedido no se puede cancelar y no se realizar\u00e1 ning\u00fan reembolso.<\/span><span style=\"font-weight: 400;\"><br><\/span><span style=\"font-weight: 400;\">&#8211; La cancelaci\u00f3n antes de esta fase solo es posible en las 24 horas siguientes al pago, siempre que Quicknienumber a\u00fan no haya iniciado el proceso. De cualquier reembolso se deducir\u00e1n los gastos administrativos. <\/span><\/p><h2><b>6. Cliente Obligaciones<\/b><\/h2><p><span style=\"font-weight: 400;\">El cliente es responsable de:<\/span><span style=\"font-weight: 400;\"><br><\/span><span style=\"font-weight: 400;\"> &#8211; Proporcionar los documentos requeridos de manera oportuna y correcta, <\/span><span style=\"font-weight: 400;\"><br><\/span><span style=\"font-weight: 400;\">&#8211; Seguir las instrucciones de Quicknienumber, <\/span><span style=\"font-weight: 400;\"><br><\/span><span style=\"font-weight: 400;\">&#8211; Acudir a las citas (si procede). <\/span><span style=\"font-weight: 400;\"><br><\/span><span style=\"font-weight: 400;\"><br><\/span><span style=\"font-weight: 400;\">Quicknienumber no se hace responsable por rechazos o retrasos resultantes de errores o negligencia por parte del Cliente.<\/span><\/p><h2><b>7. Plazos de ejecuci\u00f3n y entrega<\/b><\/h2><p><span style=\"font-weight: 400;\">&#8211; Quicknienumber har\u00e1 todo lo posible para prestar los servicios con esmero y dentro de los plazos indicados.<\/span><span style=\"font-weight: 400;\"><br><\/span><span style=\"font-weight: 400;\">&#8211; Los plazos son orientativos y dependen de terceros (autoridades, notarios, consulados). Quicknienumber no puede garantizar los plazos exactos de tramitaci\u00f3n. <\/span><\/p><h2><b>8. Fuerza mayor<\/b><\/h2><p><span style=\"font-weight: 400;\">En caso de fuerza mayor \u2013 incluidos pero sin limitarse a cambios legales, ajustes de pol\u00edtica, fallos t\u00e9cnicos, huelgas o problemas con las autoridades \u2013 Quicknienumber puede no siempre ser capaz de prestar los Servicios tal y como se acord\u00f3 inicialmente.<\/span><span style=\"font-weight: 400;\"><br><\/span><span style=\"font-weight: 400;\"><br><\/span><span style=\"font-weight: 400;\">&#8211; Si la solicitud de un NIE a distancia ya no es posible debido a10&gt; a un caso de fuerza mayor, el paquete se convertir\u00e1 autom\u00e1ticamente en un tr\u00e1mite en el que el Cliente deber\u00e1 personalmente presentarse en Espa\u00f1a en una oficina designada por Quicknienumber. Quicknienumber completar\u00e1 entonces la solicitud de una manera alternativa a39&gt; de modo que el cliente siga recibiendo el resultado deseado. <\/span><span style=\"font-weight: 400;\"><br><\/span><span style=\"font-weight: 400;\">&#8211; Si el cliente no desea o no puede venir a Espa\u00f1a, no habr\u00e1 derecho a ning\u00fan reembolso ni ni indemnizaci\u00f3n.<\/span><span style=\"font-weight: 400;\"><br><\/span><span style=\"font-weight: 400;\">&#8211; En caso de fuerza mayor, no se realizar\u00e1 ning\u00fan reembolso.<\/span><\/p><h2><b>9. Responsabilidad<\/b><\/h2><p><span style=\"font-weight: 400;\">&#8211; Quicknienumber no se hace responsable de las decisiones tomadas por las autoridades espa\u00f1olas o los notarios, ni de los retrasos provocados por causas de fuerza mayor, cambios en las pol\u00edticas o terceros.<\/span><span style=\"font-weight: 400;\"><br><\/span><span style=\"font-weight: 400;\">&#8211; La responsabilidad de Quicknienumber se limita al importe abonado por el cliente por el servicio en cuesti\u00f3n.<\/span><span style=\"font-weight: 400;\"><br><\/span><span style=\"font-weight: 400;\">&#8211; Quicknienumber solo se hace responsable de los da\u00f1os que se deriven directamente de dolo o negligencia grave.<\/span><\/p><h2><b>10. Privacidad<\/b><\/h2><p><span style=\"font-weight: 400;\">Quicknienumber respeta la privacidad de sus clientes. El tratamiento de los datos personales se lleva a cabo de conformidad con la Pol\u00edtica de privacidad y de cookies de Quicknienumber, disponible en el sitio web. <\/span><\/p><h2><b>11. Propiedad intelectual Propiedad<\/b><\/h2><p><span style=\"font-weight: 400;\">Todo el contenido de la p\u00e1gina web (textos, documentos, logotipos, im\u00e1genes, elementos gr\u00e1ficos, software) es propiedad de Quicknienumber o sus licenciantes y no puede copiarse ni utilizarse a18&gt; no ser copiado o utilizado sin autorizaci\u00f3n por escrito.<\/span><\/p><h2><b>12. Modificaciones de los T\u00e9rminos<\/b><\/h2><p><span style=\"font-weight: 400;\">Quicknienumber se reserva el derecho a modificar estas Condiciones en cualquier momento. Las nuevas versiones se publicar\u00e1n en el sitio web y entrar\u00e1n en vigor a partir de la fecha de publicaci\u00f3n. <\/span><\/p><h2><b>13. Legislaci\u00f3n aplicable y jurisdicci\u00f3n<\/b><\/h2><p><span style=\"font-weight: 400;\">Las presentes Condiciones se rigen exclusivamente por la legislaci\u00f3n espa\u00f1ola. Cualquier controversia se someter\u00e1 a los tribunales competentes de Valencia, Espa\u00f1a. <\/span><\/p><h2><b>14. Datos de contacto<\/b><\/h2><p><span style=\"font-weight: 400;\">Quicknienumber \u2013 Sam Kamiel de Jager<\/span><span style=\"font-weight: 400;\"><br><\/span><span style=\"font-weight: 400;\">NIE: Z2280206Z<\/span><span style=\"font-weight: 400;\"><br><\/span><span style=\"font-weight: 400;\">Address: Carrer Costa i Borr\u00e1s 10, 46017 Valencia, Spain<\/span><span style=\"font-weight: 400;\"><br><\/span><span style=\"font-weight: 400;\">Email: info@quicknienumber.com<\/span><\/p>\t\t\t\t\t\t\t\t<\/div>\n\t\t\t\t<\/div>\n\t\t\t\t\t<\/div>\n\t\t\t\t<\/div>\n\t\t\t\t<\/div>\n\t\t","protected":false},"excerpt":{"rendered":"<p>\u00daltima actualizaci\u00f3n: 26 de septiembre de 2025 Bienvenido a Quicknienumber. Las presentes Condiciones Generales (\u00abCondiciones\u00bb) establecen las normas y condiciones aplicables al uso de nuestros servicios y del sitio web www.quicknienumber.com (el \u00abSitio web\u00bb). Al utilizar nuestros servicios, usted acepta estas Condiciones. L\u00e9alas atentamente antes de utilizar nuestros servicios. 1. Definiciones N\u00famero de Quickni: el [&hellip;]<\/p>\n","protected":false},"author":1,"featured_media":0,"parent":0,"menu_order":0,"comment_status":"closed","ping_status":"closed","template":"","meta":{"_acf_changed":false,"_angie_page":false,"footnotes":""},"class_list":["post-4165","page","type-page","status-publish","hentry"],"acf":[],"_links":{"self":[{"href":"https:\/\/quicknienumber.com\/es\/wp-json\/wp\/v2\/pages\/4165","targetHints":{"allow":["GET"]}}],"collection":[{"href":"https:\/\/quicknienumber.com\/es\/wp-json\/wp\/v2\/pages"}],"about":[{"href":"https:\/\/quicknienumber.com\/es\/wp-json\/wp\/v2\/types\/page"}],"author":[{"embeddable":true,"href":"https:\/\/quicknienumber.com\/es\/wp-json\/wp\/v2\/users\/1"}],"replies":[{"embeddable":true,"href":"https:\/\/quicknienumber.com\/es\/wp-json\/wp\/v2\/comments?post=4165"}],"version-history":[{"count":1,"href":"https:\/\/quicknienumber.com\/es\/wp-json\/wp\/v2\/pages\/4165\/revisions"}],"predecessor-version":[{"id":4166,"href":"https:\/\/quicknienumber.com\/es\/wp-json\/wp\/v2\/pages\/4165\/revisions\/4166"}],"wp:attachment":[{"href":"https:\/\/quicknienumber.com\/es\/wp-json\/wp\/v2\/media?parent=4165"}],"curies":[{"name":"wp","href":"https:\/\/api.w.org\/{rel}","templated":true}]}}