{"id":3829,"date":"2026-01-12T13:06:57","date_gmt":"2026-01-12T13:06:57","guid":{"rendered":"https:\/\/quicknienumber.com\/descargo-de-responsabilidad\/"},"modified":"2026-01-12T15:53:42","modified_gmt":"2026-01-12T15:53:42","slug":"descargo-de-responsabilidad","status":"publish","type":"page","link":"https:\/\/quicknienumber.com\/es\/descargo-de-responsabilidad\/","title":{"rendered":"Descargo de responsabilidad"},"content":{"rendered":"\t\t<div data-elementor-type=\"wp-page\" data-elementor-id=\"3829\" class=\"elementor elementor-3829 elementor-3805\" data-elementor-post-type=\"page\">\n\t\t\t\t<div class=\"elementor-element elementor-element-658560a e-flex e-con-boxed e-con e-parent\" data-id=\"658560a\" data-element_type=\"container\" data-e-type=\"container\">\n\t\t\t\t\t<div class=\"e-con-inner\">\n\t\t\t\t<div class=\"elementor-element elementor-element-4ca669a6 elementor-widget elementor-widget-heading\" data-id=\"4ca669a6\" data-element_type=\"widget\" data-e-type=\"widget\" data-widget_type=\"heading.default\">\n\t\t\t\t<div class=\"elementor-widget-container\">\n\t\t\t\t\t<h1 class=\"elementor-heading-title elementor-size-default\">Descargo de responsabilidad<\/h1>\t\t\t\t<\/div>\n\t\t\t\t<\/div>\n\t\t\t\t<div class=\"elementor-element elementor-element-23b1d4b4 elementor-widget elementor-widget-shortcode\" data-id=\"23b1d4b4\" data-element_type=\"widget\" data-e-type=\"widget\" data-widget_type=\"shortcode.default\">\n\t\t\t\t<div class=\"elementor-widget-container\">\n\t\t\t\t\t\t\t<div class=\"elementor-shortcode\"><nav aria-label=\"breadcrumbs\" class=\"rank-math-breadcrumb\"><p><span class=\"last\">Home<\/span><\/p><\/nav><\/div>\n\t\t\t\t\t\t<\/div>\n\t\t\t\t<\/div>\n\t\t\t\t<div class=\"elementor-element elementor-element-6e2e8bd1 elementor-widget elementor-widget-text-editor\" data-id=\"6e2e8bd1\" data-element_type=\"widget\" data-e-type=\"widget\" data-widget_type=\"text-editor.default\">\n\t\t\t\t<div class=\"elementor-widget-container\">\n\t\t\t\t\t\t\t\t\t<h2 data-start=\"118\" data-end=\"172\"><strong data-start=\"121\" data-end=\"172\">Servicio privado independiente \u2013 aviso legal<\/strong><\/h2><h3 data-start=\"174\" data-end=\"223\"><strong data-start=\"178\" data-end=\"223\">Quicknienumber no es una autoridad gubernamental.<\/strong><\/h3><p data-start=\"225\" data-end=\"545\">Quicknienumber es un servicio privado e independiente de asistencia administrativa. No somos una agencia gubernamental, ni formamos parte del Gobierno espa\u00f1ol, ni estamos afiliados a la Polic\u00eda Nacional, el Ministerio del Interior, el Ministerio de Inclusi\u00f3n, la Seguridad Social ni ninguna otra autoridad espa\u00f1ola.<\/p><p data-start=\"547\" data-end=\"789\">No emitimos, concedemos, aprobamos ni proporcionamos documentos oficiales. Todos los documentos oficiales, incluidos los n\u00fameros NIE, las tarjetas TIE, los certificados de residencia y los n\u00fameros NIF, son emitidos exclusivamente por las autoridades espa\u00f1olas competentes.<\/p><h2 data-start=\"796\" data-end=\"826\"><strong data-start=\"799\" data-end=\"826\">Qu\u00e9 hace Quicknienumber<\/strong><\/h2><p data-start=\"828\" data-end=\"950\">Quicknienumber ofrece asistencia administrativa de pago a personas que desean solicitar documentos oficiales espa\u00f1oles.<\/p><p data-start=\"952\" data-end=\"1002\">Nuestros servicios pueden incluir, entre otros:<\/p><ul data-start=\"1004\" data-end=\"1269\"><li data-start=\"1004\" data-end=\"1062\"><p data-start=\"1006\" data-end=\"1062\">Preparaci\u00f3n y comprobaci\u00f3n de los documentos de solicitud.<\/p><\/li><li data-start=\"1063\" data-end=\"1122\"><p data-start=\"1065\" data-end=\"1122\">Entrega de instrucciones, plantillas y listas de verificaci\u00f3n.<\/p><\/li><li data-start=\"1123\" data-end=\"1177\"><p data-start=\"1125\" data-end=\"1177\">Planificaci\u00f3n de citas con las autoridades espa\u00f1olas<\/p><\/li><li data-start=\"1178\" data-end=\"1226\"><p data-start=\"1180\" data-end=\"1226\">Facilitar poderes cuando sea necesario.<\/p><\/li><li data-start=\"1227\" data-end=\"1269\"><p data-start=\"1229\" data-end=\"1269\">Coordinaci\u00f3n del proceso de solicitud<\/p><\/li><\/ul><p data-start=\"1271\" data-end=\"1384\">No tomamos decisiones, no aprobamos solicitudes y no influimos en la tramitaci\u00f3n por parte de las autoridades.<\/p><h2 data-start=\"1391\" data-end=\"1428\"><strong data-start=\"1394\" data-end=\"1428\">Qui\u00e9n decide sobre tu solicitud<\/strong><\/h2><p data-start=\"1430\" data-end=\"1576\">Todas las decisiones relativas a la aprobaci\u00f3n, denegaci\u00f3n, tiempo de tramitaci\u00f3n y expedici\u00f3n de documentos son competencia exclusiva de las autoridades espa\u00f1olas.<\/p><p data-start=\"1578\" data-end=\"1671\">Quicknienumber no tiene influencia alguna sobre estas decisiones y no puede garantizar ning\u00fan resultado.<\/p><h2 data-start=\"1678\" data-end=\"1714\"><strong data-start=\"1681\" data-end=\"1714\">Siempre puedes solicitarlo t\u00fa mismo.<\/strong><\/h2><p data-start=\"1716\" data-end=\"1761\">El uso de Quicknienumber es voluntario.<\/p><p data-start=\"1763\" data-end=\"1965\">Siempre tienes derecho a solicitar directamente un NIE, TIE, residencia u otro documento oficial espa\u00f1ol, sin utilizar nuestros servicios y sin pagar a Quicknienumber.<\/p><p data-start=\"1967\" data-end=\"2136\">Nuestras tarifas se destinan exclusivamente a la asistencia administrativa y la coordinaci\u00f3n. No se trata de tasas gubernamentales y no se pagan al Gobierno espa\u00f1ol.<\/p><h2 data-start=\"2143\" data-end=\"2189\"><strong data-start=\"2146\" data-end=\"2189\">Por qu\u00e9 los clientes utilizan Quicknienumber<\/strong><\/h2><p data-start=\"2191\" data-end=\"2238\">Muchos clientes eligen nuestro servicio porque:<\/p><ul data-start=\"2239\" data-end=\"2391\"><li data-start=\"2239\" data-end=\"2263\"><p data-start=\"2241\" data-end=\"2263\">no hablan espa\u00f1ol,<\/p><\/li><li data-start=\"2264\" data-end=\"2289\"><p data-start=\"2266\" data-end=\"2289\">no residen en Espa\u00f1a,<\/p><\/li><li data-start=\"2290\" data-end=\"2330\"><p data-start=\"2292\" data-end=\"2330\">desean recibir asesoramiento profesional, o<\/p><\/li><li data-start=\"2331\" data-end=\"2391\"><p data-start=\"2333\" data-end=\"2391\">quieren evitar errores administrativos y retrasos.<\/p><\/li><\/ul><p data-start=\"2393\" data-end=\"2456\">Nosotros simplificamos el proceso, pero no sustituimos al gobierno en absoluto.<\/p><h2 data-start=\"2463\" data-end=\"2491\"><strong data-start=\"2466\" data-end=\"2491\">Declaraci\u00f3n legal<\/strong><\/h2><p data-start=\"2493\" data-end=\"2717\">Quicknienumber es una empresa privada que presta exclusivamente servicios de asistencia administrativa. No representamos al Gobierno espa\u00f1ol, no ofrecemos asesoramiento jur\u00eddico ni emitimos documentos oficiales.<\/p><h2 data-start=\"2724\" data-end=\"2738\"><strong data-start=\"2727\" data-end=\"2738\">Contacto<\/strong><\/h2><p data-start=\"2740\" data-end=\"2834\">Quicknienumber<br data-start=\"2754\" data-end=\"2757\">Carrer Costa i Borr\u00e1s 10<br data-start=\"2781\" data-end=\"2784\">46017 Valencia, Spanje<br data-start=\"2806\" data-end=\"2809\"><a class=\"decorated-link cursor-pointer\" rel=\"noopener\" data-start=\"2809\" data-end=\"2832\">info@quicknienumber.com<\/a><\/p>\t\t\t\t\t\t\t\t<\/div>\n\t\t\t\t<\/div>\n\t\t\t\t\t<\/div>\n\t\t\t\t<\/div>\n\t\t\t\t<\/div>\n\t\t","protected":false},"excerpt":{"rendered":"<p>Servicio privado independiente \u2013 aviso legal Quicknienumber no es una autoridad gubernamental. Quicknienumber es un servicio privado e independiente de asistencia administrativa. No somos una agencia gubernamental, ni formamos parte del Gobierno espa\u00f1ol, ni estamos afiliados a la Polic\u00eda Nacional, el Ministerio del Interior, el Ministerio de Inclusi\u00f3n, la Seguridad Social ni ninguna otra autoridad [&hellip;]<\/p>\n","protected":false},"author":2,"featured_media":0,"parent":0,"menu_order":0,"comment_status":"closed","ping_status":"closed","template":"","meta":{"_acf_changed":false,"_angie_page":false,"footnotes":""},"class_list":["post-3829","page","type-page","status-publish","hentry"],"acf":[],"_links":{"self":[{"href":"https:\/\/quicknienumber.com\/es\/wp-json\/wp\/v2\/pages\/3829","targetHints":{"allow":["GET"]}}],"collection":[{"href":"https:\/\/quicknienumber.com\/es\/wp-json\/wp\/v2\/pages"}],"about":[{"href":"https:\/\/quicknienumber.com\/es\/wp-json\/wp\/v2\/types\/page"}],"author":[{"embeddable":true,"href":"https:\/\/quicknienumber.com\/es\/wp-json\/wp\/v2\/users\/2"}],"replies":[{"embeddable":true,"href":"https:\/\/quicknienumber.com\/es\/wp-json\/wp\/v2\/comments?post=3829"}],"version-history":[{"count":1,"href":"https:\/\/quicknienumber.com\/es\/wp-json\/wp\/v2\/pages\/3829\/revisions"}],"predecessor-version":[{"id":3830,"href":"https:\/\/quicknienumber.com\/es\/wp-json\/wp\/v2\/pages\/3829\/revisions\/3830"}],"wp:attachment":[{"href":"https:\/\/quicknienumber.com\/es\/wp-json\/wp\/v2\/media?parent=3829"}],"curies":[{"name":"wp","href":"https:\/\/api.w.org\/{rel}","templated":true}]}}