{"id":3823,"date":"2026-01-12T13:06:57","date_gmt":"2026-01-12T13:06:57","guid":{"rendered":"https:\/\/quicknienumber.com\/haftungsausschluss\/"},"modified":"2026-01-12T15:44:13","modified_gmt":"2026-01-12T15:44:13","slug":"haftungsausschluss","status":"publish","type":"page","link":"https:\/\/quicknienumber.com\/de\/haftungsausschluss\/","title":{"rendered":"Haftungsausschluss"},"content":{"rendered":"\t\t<div data-elementor-type=\"wp-page\" data-elementor-id=\"3823\" class=\"elementor elementor-3823 elementor-3805\" data-elementor-post-type=\"page\">\n\t\t\t\t<div class=\"elementor-element elementor-element-658560a e-flex e-con-boxed e-con e-parent\" data-id=\"658560a\" data-element_type=\"container\" data-e-type=\"container\">\n\t\t\t\t\t<div class=\"e-con-inner\">\n\t\t\t\t<div class=\"elementor-element elementor-element-4ca669a6 elementor-widget elementor-widget-heading\" data-id=\"4ca669a6\" data-element_type=\"widget\" data-e-type=\"widget\" data-widget_type=\"heading.default\">\n\t\t\t\t<div class=\"elementor-widget-container\">\n\t\t\t\t\t<h1 class=\"elementor-heading-title elementor-size-default\">Haftungsausschluss<\/h1>\t\t\t\t<\/div>\n\t\t\t\t<\/div>\n\t\t\t\t<div class=\"elementor-element elementor-element-23b1d4b4 elementor-widget elementor-widget-shortcode\" data-id=\"23b1d4b4\" data-element_type=\"widget\" data-e-type=\"widget\" data-widget_type=\"shortcode.default\">\n\t\t\t\t<div class=\"elementor-widget-container\">\n\t\t\t\t\t\t\t<div class=\"elementor-shortcode\"><nav aria-label=\"breadcrumbs\" class=\"rank-math-breadcrumb\"><p><span class=\"last\">Home<\/span><\/p><\/nav><\/div>\n\t\t\t\t\t\t<\/div>\n\t\t\t\t<\/div>\n\t\t\t\t<div class=\"elementor-element elementor-element-6e2e8bd1 elementor-widget elementor-widget-text-editor\" data-id=\"6e2e8bd1\" data-element_type=\"widget\" data-e-type=\"widget\" data-widget_type=\"text-editor.default\">\n\t\t\t\t<div class=\"elementor-widget-container\">\n\t\t\t\t\t\t\t\t\t<h2 data-start=\"118\" data-end=\"172\"><strong data-start=\"121\" data-end=\"172\">Unabh\u00e4ngiger privater Dienst \u2013 Haftungsausschluss<\/strong><\/h2><h3 data-start=\"174\" data-end=\"223\"><strong data-start=\"178\" data-end=\"223\">Quicknienumber ist keine staatliche Beh\u00f6rde.<\/strong><\/h3><p data-start=\"225\" data-end=\"545\">Quicknienumber ist ein privater, unabh\u00e4ngiger Verwaltungsdienst. Wir sind keine Regierungsbeh\u00f6rde, kein Teil der spanischen Regierung und nicht mit der Polic\u00eda Nacional, dem Ministerio del Interior, dem Ministerio de Inclusi\u00f3n, der Seguridad Social oder einer anderen spanischen Beh\u00f6rde verbunden.<\/p><p data-start=\"547\" data-end=\"789\">Wir geben, gew\u00e4hren, pr\u00fcfen oder stellen keine amtlichen Dokumente aus. <br data-start=\"615\" data-end=\"618\">Alle offiziellen Dokumente, darunter NIE-Nummern, TIE-Karten, Residencia-Bescheinigungen und NIF-Nummern, werden ausschlie\u00dflich von den zust\u00e4ndigen spanischen Beh\u00f6rden ausgestellt.<\/p><h2 data-start=\"796\" data-end=\"826\"><strong data-start=\"799\" data-end=\"826\">Was Quicknienumber macht<\/strong><\/h2><p data-start=\"828\" data-end=\"950\">Quicknienumber bietet kostenpflichtige administrative Unterst\u00fctzung f\u00fcr Personen, die spanische amtliche Dokumente beantragen m\u00f6chten.<\/p><p data-start=\"952\" data-end=\"1002\">Unsere Dienstleistungen k\u00f6nnen unter anderem Folgendes umfassen:<\/p><ul data-start=\"1004\" data-end=\"1269\"><li data-start=\"1004\" data-end=\"1062\"><p data-start=\"1006\" data-end=\"1062\">Vorbereitung und \u00dcberpr\u00fcfung von Antragsunterlagen<\/p><\/li><li data-start=\"1063\" data-end=\"1122\"><p data-start=\"1065\" data-end=\"1122\">Bereitstellung von Anweisungen, Vorlagen und Checklisten<\/p><\/li><li data-start=\"1123\" data-end=\"1177\"><p data-start=\"1125\" data-end=\"1177\">Terminplanung bei spanischen Beh\u00f6rden<\/p><\/li><li data-start=\"1178\" data-end=\"1226\"><p data-start=\"1180\" data-end=\"1226\">Erteilung von Vollmachten, wenn erforderlich<\/p><\/li><li data-start=\"1227\" data-end=\"1269\"><p data-start=\"1229\" data-end=\"1269\">Koordination des Antragsverfahrens<\/p><\/li><\/ul><p data-start=\"1271\" data-end=\"1384\">Wir treffen keine Entscheidungen, genehmigen keine Antr\u00e4ge gut und haben keinen Einfluss auf die Verarbeitung durch die Beh\u00f6rden.<\/p><h2 data-start=\"1391\" data-end=\"1428\"><strong data-start=\"1394\" data-end=\"1428\">Wer entscheidet \u00fcber Ihren Antrag<\/strong><\/h2><p data-start=\"1430\" data-end=\"1576\">Alle Entscheidungen \u00fcber die Genehmigung, Ablehnung, Bearbeitungszeit und Ausstellung von Dokumenten werden ausschlie\u00dflich von den spanischen Beh\u00f6rden getroffen.<\/p><p data-start=\"1578\" data-end=\"1671\">Quicknienumber hat keinen Einfluss auf diese Entscheidungen und kann kein Ergebnis garantieren.<\/p><h2 data-start=\"1678\" data-end=\"1714\"><strong data-start=\"1681\" data-end=\"1714\">Sie k\u00f6nnen jederzeit selbst einen Antrag stellen.<\/strong><\/h2><p data-start=\"1716\" data-end=\"1761\">Die Nutzung von Quicknienumber ist freiwillig.<\/p><p data-start=\"1763\" data-end=\"1965\">Sie haben jederzeit das Recht, selbst direkt eine NIE, TIE, Residencia oder ein anderes spanisches amtliches Dokument zu beantragen, ohne unsere Dienste in Anspruch zu nehmen und ohne Quicknienumber zu bezahlen.<\/p><p data-start=\"1967\" data-end=\"2136\">Unsere Geb\u00fchren dienen ausschlie\u00dflich der administrativen Unterst\u00fctzung und Koordination. <br data-start=\"2056\" data-end=\"2059\">Es handelt sich hierbei nicht um staatliche Geb\u00fchren, die an die spanische Regierung abgef\u00fchrt werden.<\/p><h2 data-start=\"2143\" data-end=\"2189\"><strong data-start=\"2146\" data-end=\"2189\">Warum Kunden Quicknienumber nutzen<\/strong><\/h2><p data-start=\"2191\" data-end=\"2238\">Viele Kunden entscheiden sich f\u00fcr unseren Service, weil sie:<\/p><ul data-start=\"2239\" data-end=\"2391\"><li data-start=\"2239\" data-end=\"2263\"><p data-start=\"2241\" data-end=\"2263\">kein Spanisch sprechen,<\/p><\/li><li data-start=\"2264\" data-end=\"2289\"><p data-start=\"2266\" data-end=\"2289\">nicht in Spanien wohnen,<\/p><\/li><li data-start=\"2290\" data-end=\"2330\"><p data-start=\"2292\" data-end=\"2330\">professionelle Begleitung w\u00fcnschen oder<\/p><\/li><li data-start=\"2331\" data-end=\"2391\"><p data-start=\"2333\" data-end=\"2391\">Verwaltungsfehler und Verz\u00f6gerungen vermeiden wollen.<\/p><\/li><\/ul><p data-start=\"2393\" data-end=\"2456\">Wir vereinfachen den Prozess, ersetzen aber nicht die Beh\u00f6rden.<\/p><h2 data-start=\"2463\" data-end=\"2491\"><strong data-start=\"2466\" data-end=\"2491\">Rechtlicher Hinweis<\/strong><\/h2><p data-start=\"2493\" data-end=\"2717\">Quicknienumber ist ein privates Unternehmen, das ausschlie\u00dflich administrative Unterst\u00fctzungsleistungen erbringt. Wir vertreten nicht die spanische Regierung, geben keine Rechtsberatung und stellen keine offiziellen Dokumente aus.<\/p><h2 data-start=\"2724\" data-end=\"2738\"><strong data-start=\"2727\" data-end=\"2738\">Kontakt<\/strong><\/h2><p data-start=\"2740\" data-end=\"2834\">Quicknienumber<br data-start=\"2754\" data-end=\"2757\">Carrer Costa i Borr\u00e1s 10<br data-start=\"2781\" data-end=\"2784\">46017 Valencia, Spanien<br data-start=\"2806\" data-end=\"2809\"><a class=\"decorated-link cursor-pointer\" rel=\"noopener\" data-start=\"2809\" data-end=\"2832\">info@quicknienumber.com<\/a><\/p>\t\t\t\t\t\t\t\t<\/div>\n\t\t\t\t<\/div>\n\t\t\t\t\t<\/div>\n\t\t\t\t<\/div>\n\t\t\t\t<\/div>\n\t\t","protected":false},"excerpt":{"rendered":"<p>Unabh\u00e4ngiger privater Dienst \u2013 Haftungsausschluss Quicknienumber ist keine staatliche Beh\u00f6rde. Quicknienumber ist ein privater, unabh\u00e4ngiger Verwaltungsdienst. Wir sind keine Regierungsbeh\u00f6rde, kein Teil der spanischen Regierung und nicht mit der Polic\u00eda Nacional, dem Ministerio del Interior, dem Ministerio de Inclusi\u00f3n, der Seguridad Social oder einer anderen spanischen Beh\u00f6rde verbunden. Wir geben, gew\u00e4hren, pr\u00fcfen oder stellen keine [&hellip;]<\/p>\n","protected":false},"author":2,"featured_media":0,"parent":0,"menu_order":0,"comment_status":"closed","ping_status":"closed","template":"","meta":{"_acf_changed":false,"_angie_page":false,"footnotes":""},"class_list":["post-3823","page","type-page","status-publish","hentry"],"acf":[],"_links":{"self":[{"href":"https:\/\/quicknienumber.com\/de\/wp-json\/wp\/v2\/pages\/3823","targetHints":{"allow":["GET"]}}],"collection":[{"href":"https:\/\/quicknienumber.com\/de\/wp-json\/wp\/v2\/pages"}],"about":[{"href":"https:\/\/quicknienumber.com\/de\/wp-json\/wp\/v2\/types\/page"}],"author":[{"embeddable":true,"href":"https:\/\/quicknienumber.com\/de\/wp-json\/wp\/v2\/users\/2"}],"replies":[{"embeddable":true,"href":"https:\/\/quicknienumber.com\/de\/wp-json\/wp\/v2\/comments?post=3823"}],"version-history":[{"count":1,"href":"https:\/\/quicknienumber.com\/de\/wp-json\/wp\/v2\/pages\/3823\/revisions"}],"predecessor-version":[{"id":3824,"href":"https:\/\/quicknienumber.com\/de\/wp-json\/wp\/v2\/pages\/3823\/revisions\/3824"}],"wp:attachment":[{"href":"https:\/\/quicknienumber.com\/de\/wp-json\/wp\/v2\/media?parent=3823"}],"curies":[{"name":"wp","href":"https:\/\/api.w.org\/{rel}","templated":true}]}}