{"id":3386,"date":"2025-04-30T17:14:38","date_gmt":"2025-04-30T17:14:38","guid":{"rendered":"https:\/\/quicknienumber.com\/datenschutzerklaerung\/"},"modified":"2026-05-06T09:02:17","modified_gmt":"2026-05-06T09:02:17","slug":"datenschutzerklaerung","status":"publish","type":"page","link":"https:\/\/quicknienumber.com\/de\/datenschutzerklaerung\/","title":{"rendered":"Datenschutzerkl\u00e4rung"},"content":{"rendered":"\t\t<div data-elementor-type=\"wp-page\" data-elementor-id=\"3386\" class=\"elementor elementor-3386 elementor-3\" data-elementor-post-type=\"page\">\n\t\t\t\t<main class=\"elementor-element elementor-element-8545d77 e-flex e-con-boxed e-con e-parent\" data-id=\"8545d77\" data-element_type=\"container\" data-e-type=\"container\">\n\t\t\t\t\t<div class=\"e-con-inner\">\n\t\t\t\t<div class=\"elementor-element elementor-element-2ec8dd1 elementor-widget elementor-widget-heading\" data-id=\"2ec8dd1\" data-element_type=\"widget\" data-e-type=\"widget\" data-widget_type=\"heading.default\">\n\t\t\t\t<div class=\"elementor-widget-container\">\n\t\t\t\t\t<h1 class=\"elementor-heading-title elementor-size-default\">Datenschutzerkl\u00e4rung<\/h1>\t\t\t\t<\/div>\n\t\t\t\t<\/div>\n\t\t\t\t<div class=\"elementor-element elementor-element-d46178f elementor-widget elementor-widget-shortcode\" data-id=\"d46178f\" data-element_type=\"widget\" data-e-type=\"widget\" data-widget_type=\"shortcode.default\">\n\t\t\t\t<div class=\"elementor-widget-container\">\n\t\t\t\t\t\t\t<div class=\"elementor-shortcode\"><nav aria-label=\"breadcrumbs\" class=\"rank-math-breadcrumb\"><p><span class=\"last\">Home<\/span><\/p><\/nav><\/div>\n\t\t\t\t\t\t<\/div>\n\t\t\t\t<\/div>\n\t\t\t\t<div class=\"elementor-element elementor-element-5715eb5 elementor-widget elementor-widget-text-editor\" data-id=\"5715eb5\" data-element_type=\"widget\" data-e-type=\"widget\" data-widget_type=\"text-editor.default\">\n\t\t\t\t<div class=\"elementor-widget-container\">\n\t\t\t\t\t\t\t\t\t<p><span style=\"font-weight: 400;\">Last updated: Maart 17, 2026<\/span><\/p><h3><strong>1. Benutzerinformationen<\/strong><\/h3><p><strong>Wer ist f\u00fcr die Verarbeitung Ihrer personenbezogenen Daten verantwortlich?<\/strong><br>Schnelle NIE-Nummer \u2013 Sam Kamiel de Jager ist der VERANTWORTLICHE f\u00fcr die personenbezogenen Daten und informiert ihn\/sie dar\u00fcber, dass diese Daten gem\u00e4\u00df den Bestimmungen a17&gt; in \u00dcbereinstimmung mit den Bestimmungen der Verordnung (EU) 2016\/679 vom 27. April (DSGVO) und dem Organgesetz 3\/2018 vom 5. Dezember (LOPDGDD).<\/p><p><strong>Warum verarbeiten wir Ihre personenbezogenen Daten?<\/strong><br>Bei Quick NIE Number verarbeiten wir die personenbezogenen Daten unserer Nutzer zu folgenden Zwecken:<\/p><ol><li><strong>Verwaltung und Abwicklung von Online-Dienstleistungen:<\/strong> Erfassung der erforderlichen Informationen zur Bearbeitung von<br>Antr\u00e4gen auf eine NIE, eine Wohnsitzanmeldung (Empadronamiento), eine Aufenthaltsgenehmigung oder die<br>Registrierung als Selbstst\u00e4ndiger in Spanien. Dazu geh\u00f6ren die Vorbereitung der Unterlagen, die Terminvereinbarung mit den Beh\u00f6rden sowie<br>eine individuelle Betreuung w\u00e4hrend des gesamten Verfahrens. <\/li><li><strong>Warenkorb und Zahlungsabwicklung:<\/strong> Zur Verwaltung von Dienstleistungsk\u00e4ufen \u00fcber die Website, zur Abwicklung von Online-Zahlungen, zur Rechnungsstellung und zum Versand von Bestellbest\u00e4tigungen.<\/li><li><strong>Informations- und Folgekommunikation: <\/strong> Zum Versenden von Aktualisierungen per E-Mail oder Instant-Messaging (z. B. <br>WhatsApp) \u00fcber den Status von angeforderten Dienstleistungen.<\/li><li><strong>Kundenservice: <\/strong> Um auf die Anfragen zu reagieren, die \u00fcber das Kontaktformular eingegangen sind a12&gt; oder andere Kommunikationskan\u00e4le<br>, wie zum Beispiel E-Mail oder soziale Medien.<\/li><li><strong>Versenden von werblichen Mitteilungen: <\/strong> Zum Versenden von Werbe-E-Mails im Zusammenhang mit unseren Dienstleistungen, entweder<br>auf der Grundlage einer a16&gt; vorheriger Einwilligung oder einer bestehenden Kundenbeziehung.<\/li><li><strong>Markt forschung und statistische Analyse: <\/strong> Zur Durchf\u00fchrung interner Analysen zur Verbesserung der Dienstleistungen zu verbessern<br>und die Bed\u00fcrfnisse der Nutzer besser zu verstehen.<\/li><li><strong>Newsletter Versand<\/strong>: Zum Versenden von Newslettern mit rechtlichen Aktualisierungen, Angeboten, und Werbeaktionen, vorausgesetzt, der<br>Nutzer hat seine ausdr\u00fcckliche Zustimmung gegeben.<\/li><\/ol><p> <\/p><p><strong>Warum d\u00fcrfen wir Ihre personenbezogenen Daten verarbeiten?<\/strong><br>Weil die Verarbeitung ist rechtm\u00e4\u00dfig gem\u00e4\u00df Artikel 6 der DSGVO wie folgt:<br>Mit der Einwilligung des NUTZERS: Versendung von Werbemitteilungen und des Newsletters. <br>Im berechtigten Interesse des Verantwortlichen: Durchf\u00fchrung von Marktforschung, statistischen Analysen, usw.. und Bearbeitung von Bestellungen, Anfragen, usw.. auf Anfrage des Benutzers.<\/p><p><strong>Wie lange speichern wir Ihre personenbezogenen Daten?<\/strong><br>Daten d\u00fcrfen nicht l\u00e4nger als n\u00f6tig aufbewahrt werden, als erforderlich ist den Zweck der Verarbeitung zu erf\u00fcllen oder solange wie solange wie es gesetzliche Vorschriften gibt, die ihre Aufbewahrung vorschreiben, und wenn ein solcher Zweck nicht mehr erforderlich ist, sollen die Daten sind zu l\u00f6schen unter Anwendung geeigneten Sicherheitsma\u00dfnahmen durchgef\u00fchrt werden um die Anonymisierung der der Daten oder deren vollst\u00e4ndige Vernichtung.<\/p><p><strong>An wen geben wir Ihre personenbezogenen Daten weiter?<\/strong><br>Es ist keine Weitergabe von personenbezogenen Daten an Dritte vorgesehen, es sei denn, sofern dies erforderlich ist f\u00fcr die Entwicklung und Durchf\u00fchrung der a19&gt; Zwecke der Verarbeitung, an unsere Dienstleister im Bereich der Kommunikation, mit denen der VERANTWORTLICHE Vertr\u00e4ge abgeschlossen hat \u00fcber die Vertraulichkeit und Daten Auftragsverarbeitungs Vertr\u00e4ge unterzeichnet gem\u00e4\u00df den geltenden Datenschutzbestimmungen .<\/p><p><strong>What are your rights?<\/strong><br>The rights of the USER are:<\/p><ul><li>Right to withdraw consent at any time.<\/li><li>Right of access, rectification, portability and erasure of your data and the limitation or objection to their<br>processing.<\/li><li>The right to file a claim with the Spanish Supervisory Authority (www.aepd.es) if you consider that the processing does not comply with the current legislation.<\/li><\/ul><p> <\/p><p><strong>Contact information for exercising rights:<\/strong><br>Quick NIE Number &#8211; Sam Kamiel de Jager. Carrer costa i borras 10, &#8211; 46017 Valencia (Val\u00e8ncia). E-mail:<br>info@quicknienumber.com  <\/p><h3><strong>2. Obligatorischer oder fakultativer Charakter der vom Nutzer bereitgestellten Informationen.<\/strong><\/h3><p>Durch das Ankreuzen der entsprechenden K\u00e4stchen und die Eingabe von Daten in die mit einem Sternchen (*) gekennzeichneten Felder im Kontakt- oder Download-Formular erkl\u00e4ren sich die NUTZER ausdr\u00fccklich, freiwillig und unmissverst\u00e4ndlich damit einverstanden, dass ihre Daten f\u00fcr die Bearbeitung ihrer Anfrage durch den Anbieter erforderlich sind, und geben ihre Daten in den \u00fcbrigen Feldern freiwillig an. Der NUTZER versichert, dass die dem VERANTWORTLICHEN zur Verf\u00fcgung gestellten personenbezogenen Daten der Wahrheit entsprechen, und ist daf\u00fcr verantwortlich, etwaige \u00c4nderungen dieser Daten mitzuteilen. Der VERANTWORTLICHE weist darauf hin, dass alle \u00fcber die Website angeforderten Daten obligatorisch sind, da sie f\u00fcr die Erbringung eines optimalen Dienstes f\u00fcr den NUTZER erforderlich sind. Werden nicht alle Daten angegeben, kann nicht garantiert werden, dass die bereitgestellten Informationen und Dienstleistungen vollst\u00e4ndig auf die Bed\u00fcrfnisse des Nutzers zugeschnitten sind.   <\/p><h3><strong>3. Sicherheit Ma\u00dfnahmen<\/strong><\/h3><p>Dass der Verantwortliche gem\u00e4\u00df den Bestimmungen der geltenden Vorschriften zum Schutz personenbezogener Daten der VERANTWORTLICHE alle Bestimmungen der DSGVO und des LOPDGDD bei der Verarbeitung der personenbezogenen Daten, f\u00fcr die er verantwortlich ist, einh\u00e4lt und die in Artikel 5 der DSGVO beschriebenen Grunds\u00e4tze offensichtlich befolgt, wonach die Daten auf rechtm\u00e4\u00dfige, faire und f\u00fcr die betroffene Person transparente Weise verarbeitet werden und angemessen, relevant und auf das f\u00fcr die Zwecke der Verarbeitung erforderliche Ma\u00df beschr\u00e4nkt sind. Der VERANTWORTLICHE garantiert, dass alle geeigneten technischen und organisatorischen Ma\u00dfnahmen getroffen wurden, um die in der DSGVO und im LOPDGDD festgelegten Sicherheitsma\u00dfnahmen zum Schutz der Rechte und Freiheiten der NUTZER anzuwenden, und hat die entsprechenden Informationen \u00fcbermittelt, damit diese ihre Rechte aus\u00fcben k\u00f6nnen. F\u00fcr weitere Informationen zu Datenschutzgarantien k\u00f6nnen Sie sich \u00fcber Sam Kamiel de Jager an den VERANTWORTLICHEN wenden. E-Mail: info@quicknienumber.com.   <\/p>\t\t\t\t\t\t\t\t<\/div>\n\t\t\t\t<\/div>\n\t\t\t\t\t<\/div>\n\t\t\t\t<\/main>\n\t\t\t\t<\/div>\n\t\t","protected":false},"excerpt":{"rendered":"<p>Last updated: Maart 17, 2026 1. Benutzerinformationen Wer ist f\u00fcr die Verarbeitung Ihrer personenbezogenen Daten verantwortlich?Schnelle NIE-Nummer \u2013 Sam Kamiel de Jager ist der VERANTWORTLICHE f\u00fcr die personenbezogenen Daten und informiert ihn\/sie dar\u00fcber, dass diese Daten gem\u00e4\u00df den Bestimmungen a17&gt; in \u00dcbereinstimmung mit den Bestimmungen der Verordnung (EU) 2016\/679 vom 27. April (DSGVO) und dem [&hellip;]<\/p>\n","protected":false},"author":1,"featured_media":0,"parent":0,"menu_order":0,"comment_status":"closed","ping_status":"open","template":"","meta":{"_acf_changed":false,"_angie_page":false,"footnotes":""},"class_list":["post-3386","page","type-page","status-publish","hentry"],"acf":[],"_links":{"self":[{"href":"https:\/\/quicknienumber.com\/de\/wp-json\/wp\/v2\/pages\/3386","targetHints":{"allow":["GET"]}}],"collection":[{"href":"https:\/\/quicknienumber.com\/de\/wp-json\/wp\/v2\/pages"}],"about":[{"href":"https:\/\/quicknienumber.com\/de\/wp-json\/wp\/v2\/types\/page"}],"author":[{"embeddable":true,"href":"https:\/\/quicknienumber.com\/de\/wp-json\/wp\/v2\/users\/1"}],"replies":[{"embeddable":true,"href":"https:\/\/quicknienumber.com\/de\/wp-json\/wp\/v2\/comments?post=3386"}],"version-history":[{"count":3,"href":"https:\/\/quicknienumber.com\/de\/wp-json\/wp\/v2\/pages\/3386\/revisions"}],"predecessor-version":[{"id":4266,"href":"https:\/\/quicknienumber.com\/de\/wp-json\/wp\/v2\/pages\/3386\/revisions\/4266"}],"wp:attachment":[{"href":"https:\/\/quicknienumber.com\/de\/wp-json\/wp\/v2\/media?parent=3386"}],"curies":[{"name":"wp","href":"https:\/\/api.w.org\/{rel}","templated":true}]}}