{"id":3376,"date":"2025-05-16T09:55:03","date_gmt":"2025-05-16T09:55:03","guid":{"rendered":"https:\/\/quicknienumber.com\/erklaerung-zur-barrierefreiheit\/"},"modified":"2025-12-23T08:29:50","modified_gmt":"2025-12-23T08:29:50","slug":"erklaerung-zur-barrierefreiheit","status":"publish","type":"page","link":"https:\/\/quicknienumber.com\/de\/erklaerung-zur-barrierefreiheit\/","title":{"rendered":"Erkl\u00e4rung zur Barrierefreiheit"},"content":{"rendered":"\t\t<div data-elementor-type=\"wp-page\" data-elementor-id=\"3376\" class=\"elementor elementor-3376 elementor-336\" data-elementor-post-type=\"page\">\n\t\t\t\t<div class=\"elementor-element elementor-element-b27ea22 e-flex e-con-boxed e-con e-parent\" data-id=\"b27ea22\" data-element_type=\"container\" data-e-type=\"container\">\n\t\t\t\t\t<div class=\"e-con-inner\">\n\t\t\t\t<div class=\"elementor-element elementor-element-4418063 elementor-widget elementor-widget-heading\" data-id=\"4418063\" data-element_type=\"widget\" data-e-type=\"widget\" data-widget_type=\"heading.default\">\n\t\t\t\t<div class=\"elementor-widget-container\">\n\t\t\t\t\t<h1 class=\"elementor-heading-title elementor-size-default\">Erkl\u00e4rung zur Barrierefreiheit<\/h1>\t\t\t\t<\/div>\n\t\t\t\t<\/div>\n\t\t\t\t<div class=\"elementor-element elementor-element-c61c8bf elementor-widget elementor-widget-shortcode\" data-id=\"c61c8bf\" data-element_type=\"widget\" data-e-type=\"widget\" data-widget_type=\"shortcode.default\">\n\t\t\t\t<div class=\"elementor-widget-container\">\n\t\t\t\t\t\t\t<div class=\"elementor-shortcode\"><nav aria-label=\"breadcrumbs\" class=\"rank-math-breadcrumb\"><p><span class=\"last\">Home<\/span><\/p><\/nav><\/div>\n\t\t\t\t\t\t<\/div>\n\t\t\t\t<\/div>\n\t\t\t\t<div class=\"elementor-element elementor-element-7e1bf59 elementor-widget elementor-widget-text-editor\" data-id=\"7e1bf59\" data-element_type=\"widget\" data-e-type=\"widget\" data-widget_type=\"text-editor.default\">\n\t\t\t\t<div class=\"elementor-widget-container\">\n\t\t\t\t\t\t\t\t\t<p>Barrierefreiheitsrichtlinie f\u00fcr die Website: www.quicknienumber.com<\/p><p>Datum des Inkrafttretens: 09.06.2025<\/p><p><strong>1. Einleitung:<\/strong><\/p><p>Ja, es handelt sich um eine pers\u00f6nliche Nummer, die lebenslang g\u00fcltig ist. Sie k\u00f6nnen sie f\u00fcr alle offiziellen Angelegenheiten in Spanien verwenden, z. B. f\u00fcr Arbeit, Wohnen, Studium oder Unternehmensgr\u00fcndung. Quicknienumber hat es sich zur Aufgabe gemacht, eine digitale Erfahrung zu bieten, die f\u00fcr alle Nutzer zug\u00e4nglich ist, unabh\u00e4ngig von ihren k\u00f6rperlichen, kognitiven oder sensorischen F\u00e4higkeiten. Diese Richtlinie definiert unsere Leitlinien und Ziele, um die Barrierefreiheit unserer Website zu gew\u00e4hrleisten und international anerkannte Standards zu erf\u00fcllen, darunter die Web Content Accessibility Guidelines (WCAG) 2.1. Ja, es handelt sich um eine pers\u00f6nliche Nummer, die lebenslang g\u00fcltig ist. Sie k\u00f6nnen sie f\u00fcr alle offiziellen Angelegenheiten in Spanien verwenden, z. B. f\u00fcr Arbeit, Wohnen, Studium oder die Gr\u00fcndung eines Unternehmens. <\/p><p><strong>2. Engagement f\u00fcr Barrierefreiheit:<\/strong><\/p><p>Wir sind bestrebt, unsere Website f\u00fcr alle zug\u00e4nglich zu machen und kontinuierlich Ma\u00dfnahmen zur Verbesserung der Barrierefreiheit zu ergreifen. Unser Entwicklungs- und Designteam ist bestrebt, in allen Phasen der Entwicklung und Neugestaltung von Websites die Best Practices im Bereich Barrierefreiheit zu befolgen. <\/p><p><strong>3. Barrierefreiheitsstandards:<\/strong><\/p><p>Unsere Website wird gem\u00e4\u00df den folgenden Barrierefreiheitsstandards gestaltet und gepflegt:<\/p><ul class=\"wp-block-list\"><li>Entspricht den Web Content Accessibility Guidelines (WCAG) 2.1, Stufe AA.<\/li><li>Implementierung von HTML-Semantik zur Verbesserung des Inhaltsverst\u00e4ndnisses und der Navigation.<\/li><li>Verwendung von ARIA (Accessible Rich Internet Applications) zur Verbesserung der Barrierefreiheit dynamischer Webanwendungen.<\/li><\/ul><p><strong>4. Kontinuierliches Testen und Bewerten:<\/strong><\/p><p>Wir werden die Barrierefreiheit w\u00e4hrend der Entwicklung und Aktualisierung der Website regelm\u00e4\u00dfig \u00fcberpr\u00fcfen. Dar\u00fcber hinaus werden regelm\u00e4\u00dfig Bewertungen durchgef\u00fchrt, um sicherzustellen, dass die Barrierefreiheitsstandards eingehalten werden. <\/p><p><strong>5. Erleichterung der Navigation:<\/strong><\/p><p>Wir sorgen f\u00fcr eine klare und einheitliche Navigationsstruktur.<\/p><p>Links und Schaltfl\u00e4chen sollten mit aussagekr\u00e4ftigen Beschreibungen versehen werden, um ihre Funktion verst\u00e4ndlicher zu machen.<\/p><p><strong>6. Multimedia-Inhalte:<\/strong><\/p><p>F\u00fcr Multimedia-Inhalte wie Bilder und Videos werden textuelle Alternativen angeboten.<\/p><p>F\u00fcr Audio- und Videoelemente werden Untertitel und Transkripte verwendet.<\/p><p><strong>7. Kontrast und Lesbarkeit:<\/strong><\/p><p>Es muss f\u00fcr einen ausreichenden Kontrast zwischen Text und Hintergrund gesorgt werden, um die Lesbarkeit zu verbessern.<\/p><p>Benutzer k\u00f6nnen die Textgr\u00f6\u00dfe nach ihren Vorlieben anpassen.<\/p><p><strong>8. Formen und interaktive Elemente:<\/strong><\/p><p>Formulare werden mit eindeutigen Beschriftungen und beschreibenden Eingabefeldern gestaltet.<\/p><p>Es werden klare Fehlermeldungen und L\u00f6sungen bereitgestellt, um die Korrektur von Fehlern in Formularen zu erleichtern.<\/p><p><strong>9. Kompatibilit\u00e4t mit Browsern und Ger\u00e4ten:<\/strong><\/p><p>Wir streben nach Kompatibilit\u00e4t mit einer Vielzahl von Browsern und Ger\u00e4ten, einschlie\u00dflich assistiver Technologien.<\/p><p><strong>10. Feedback und Verbesserungen:<\/strong><\/p><p>Wir ermutigen Nutzer, Feedback zur Barrierefreiheit unserer Website zu geben. Wir werden dieses Feedback ber\u00fccksichtigen und Ma\u00dfnahmen ergreifen, um etwaige Probleme zu beheben. <\/p><p><strong>11. Kontakt:<\/strong><\/p><p>Bei Fragen, Anmerkungen oder Problemen hinsichtlich der Barrierefreiheit unserer Website wenden Sie sich bitte an unser Support-Team unter info@quicknienumber.com.<\/p><p><strong>\u00dcberarbeitung und Aktualisierung der Politik:<\/strong><\/p><p>Diese Richtlinie wird regelm\u00e4\u00dfig \u00fcberpr\u00fcft, um sicherzustellen, dass sie relevant und wirksam bleibt. Bei Bedarf werden Aktualisierungen vorgenommen, um Ver\u00e4nderungen in der Technologie, der Gesetzgebung und den Best Practices im Bereich der Barrierefreiheit Rechnung zu tragen. <\/p><p>Wir sch\u00e4tzen Ihre Mithilfe bei der Verbesserung der Barrierefreiheit unserer Website und der Schaffung eines inklusiven Online-Erlebnisses f\u00fcr alle Nutzer.<\/p>\t\t\t\t\t\t\t\t<\/div>\n\t\t\t\t<\/div>\n\t\t\t\t\t<\/div>\n\t\t\t\t<\/div>\n\t\t\t\t<\/div>\n\t\t","protected":false},"excerpt":{"rendered":"<p>Barrierefreiheitsrichtlinie f\u00fcr die Website: www.quicknienumber.com Datum des Inkrafttretens: 09.06.2025 1. Einleitung: Ja, es handelt sich um eine pers\u00f6nliche Nummer, die lebenslang g\u00fcltig ist. Sie k\u00f6nnen sie f\u00fcr alle offiziellen Angelegenheiten in Spanien verwenden, z. B. f\u00fcr Arbeit, Wohnen, Studium oder Unternehmensgr\u00fcndung. Quicknienumber hat es sich zur Aufgabe gemacht, eine digitale Erfahrung zu bieten, die f\u00fcr [&hellip;]<\/p>\n","protected":false},"author":1,"featured_media":0,"parent":0,"menu_order":0,"comment_status":"closed","ping_status":"closed","template":"","meta":{"_acf_changed":false,"_angie_page":false,"footnotes":""},"class_list":["post-3376","page","type-page","status-publish","hentry"],"acf":[],"_links":{"self":[{"href":"https:\/\/quicknienumber.com\/de\/wp-json\/wp\/v2\/pages\/3376","targetHints":{"allow":["GET"]}}],"collection":[{"href":"https:\/\/quicknienumber.com\/de\/wp-json\/wp\/v2\/pages"}],"about":[{"href":"https:\/\/quicknienumber.com\/de\/wp-json\/wp\/v2\/types\/page"}],"author":[{"embeddable":true,"href":"https:\/\/quicknienumber.com\/de\/wp-json\/wp\/v2\/users\/1"}],"replies":[{"embeddable":true,"href":"https:\/\/quicknienumber.com\/de\/wp-json\/wp\/v2\/comments?post=3376"}],"version-history":[{"count":1,"href":"https:\/\/quicknienumber.com\/de\/wp-json\/wp\/v2\/pages\/3376\/revisions"}],"predecessor-version":[{"id":3377,"href":"https:\/\/quicknienumber.com\/de\/wp-json\/wp\/v2\/pages\/3376\/revisions\/3377"}],"wp:attachment":[{"href":"https:\/\/quicknienumber.com\/de\/wp-json\/wp\/v2\/media?parent=3376"}],"curies":[{"name":"wp","href":"https:\/\/api.w.org\/{rel}","templated":true}]}}